{"id":543,"date":"2020-10-28T16:03:22","date_gmt":"2020-10-28T16:03:22","guid":{"rendered":"https:\/\/stty.org\/?page_id=543"},"modified":"2021-04-16T14:22:19","modified_gmt":"2021-04-16T11:22:19","slug":"stty-blogi","status":"publish","type":"page","link":"https:\/\/stty.org\/sv\/stty-blogi\/","title":{"rendered":"STTY-blogi"},"content":{"rendered":"<ul class=\"display-posts-listing\"><li class=\"listing-item\"><a class=\"title\" href=\"https:\/\/stty.org\/sv\/ajatuksia-tyoelamatohtorina-toimimisesta\/\">Ajatuksia ty\u00f6el\u00e4m\u00e4tohtorina toimimisesta<\/a> <span class=\"date\">17.06.2024<\/span> <span class=\"author\">by&nbsp;Pirjo Hilama<\/span> <span class=\"excerpt-dash\">-<\/span> <span class=\"excerpt\">Tohtorintutkinnon suorittaminen on monille unelmien t\u00e4yttymys ja yhdenlaisen intohimon tulos. Yh\u00e4 useammat tohtorit hakeutuvat akateemisen maailman ulkopuolelle ty\u00f6el\u00e4m\u00e4\u00e4n, tuoden organisaatioihin osaamista ja uudenlaisia n\u00e4k\u00f6kulmia. Ty\u00f6el\u00e4m\u00e4tohtorij\u00e4rjestelm\u00e4, jossa tohtorikoulutettavat ty\u00f6skentelev\u00e4t my\u00f6s elinkeinoel\u00e4m\u00e4ss\u00e4 tai julkisella sektorilla, on viel\u00e4 melko tuntematon. It\u00e4-Suomen yliopisto otti vuonna 2020 ensimm\u00e4isen\u00e4 korkeakouluna k\u00e4ytt\u00f6\u00f6n j\u00e4rjestelm\u00e4n, jossa tohtorikoulutettavien ty\u00f6suhde jakautuu yliopiston ja toisen ty\u00f6nantajan kesken. J\u00e4rjestelm\u00e4ss\u00e4 nuoremman tutkijan nimikkeell\u00e4 ty\u00f6skentelev\u00e4t tekev\u00e4t v\u00e4it\u00f6skirjaty\u00f6t\u00e4\u00e4n kokoaikaisesti. T\u00e4m\u00e4 mahdollistaa tohtoriopintojen ja ty\u00f6el\u00e4m\u00e4n yhdist\u00e4misen sek\u00e4 edist\u00e4\u00e4 tohtoreiden ty\u00f6llistymist\u00e4 akateemisen maailman ulkopuolella. Olen ty\u00f6skennellyt maaliskuusta 2023 alkaen Etel\u00e4-Savon hyvinvointialueen (Eloisa) ja It\u00e4-Suomen yliopiston yhteisteht\u00e4v\u00e4ss\u00e4. T\u00e4llaisella tohtoriopintojen rahoitusmuodolla on mielest\u00e4ni merkitt\u00e4v\u00e4 rooli ensinn\u00e4kin opintojen mahdollistumisena ty\u00f6el\u00e4m\u00e4ss\u00e4 toimimisen&hellip; <a class=\"excerpt-more\" href=\"https:\/\/stty.org\/sv\/ajatuksia-tyoelamatohtorina-toimimisesta\/\">Lue lis\u00e4\u00e4<\/a><\/span><\/li><li class=\"listing-item\"><a class=\"title\" href=\"https:\/\/stty.org\/sv\/kuulumisia-sosiaali-ja-terveydenhuollon-tiedonhallinnan-keskustelufoorumilta\/\">Kuulumisia sosiaali- ja terveydenhuollon tiedonhallinnan keskustelufoorumilta<\/a> <span class=\"date\">15.02.2024<\/span> <span class=\"author\">by&nbsp;Johanna Ikonen<\/span> <span class=\"excerpt-dash\">-<\/span> <span class=\"excerpt\">by Johanna Ikonen &amp; Pirjo Hilama\u00a0 \u00a0 Odotettavissa koko maassa seminaari j\u00e4rjestettiin 8.2.2024 jo kahdennentoista kerran. Paikkana oli It\u00e4-Suomen yliopisto Kuopion kampus ja osalliseksi hyv\u00e4\u00e4n keskusteluun p\u00e4\u00e4si my\u00f6s et\u00e4yhteyden v\u00e4lityksell\u00e4. J\u00e4rjest\u00e4ji\u00e4 ilahdutti paikanp\u00e4\u00e4lle saapuneiden sek\u00e4 et\u00e4yhteydell\u00e4 mukana olleiden osallistujien runsaslukuisuus. Osallistujajoukon koko taisi parhaimmillaan kivuta jopa 150.Joka vuotinen seminaari on toteutunut vuodesta 2011 alkaen pois lukien 2020 koronasta johtuen. Oppiaineen vuoden pro gradu -palkintoa on jaettu vuodesta 2015 alkaen.\u00a0 Seminaarin avauksessa sosiaali- ja terveydenhuollon tiedonhallinnan professori Ulla-Mari Kinnunen sosiaali- ja terveysjohtamisen laitokselta esitteli oppiaineen koulutusta, tutkimusta sek\u00e4 meneill\u00e4\u00e4n olevia hankkeita. Sosiaali- ja terveydenhuollon tiedonhallinnan opetus perustuu IMIA:n koulutussuosituksiin. Tiedonhallinnan tutkimusalueet&hellip; <a class=\"excerpt-more\" href=\"https:\/\/stty.org\/sv\/kuulumisia-sosiaali-ja-terveydenhuollon-tiedonhallinnan-keskustelufoorumilta\/\">Lue lis\u00e4\u00e4<\/a><\/span><\/li><li class=\"listing-item\"><a class=\"title\" href=\"https:\/\/stty.org\/sv\/tunnelmia-vuoden-2023-sotetite-paivilta-ja-prekonferenssista\/\">Tunnelmia Vuoden 2023 SoTeTiTe-p\u00e4ivilt\u00e4 ja Prekonferenssista<\/a> <span class=\"date\">13.11.2023<\/span> <span class=\"author\">by&nbsp;Johanna Ikonen<\/span> <span class=\"excerpt-dash\">-<\/span> <span class=\"excerpt\">Perinteiset SoTeTiTe-p\u00e4iv\u00e4t j\u00e4rjestettiin 20.4, t\u00e4ll\u00e4 kertaa Tieteiden talolla, Helsingiss\u00e4. T\u00e4n\u00e4 vuonna uutuutena oli edellisen\u00e4 p\u00e4iv\u00e4n\u00e4 alan jatko-opiskelijoille suunnattu prekonferenssi, joka j\u00e4rjestettiin yhteisty\u00f6ss\u00e4 It\u00e4-Suomen yliopiston (UEF) sosiaali- ja terveydenhuollon tiedonhallinnan oppiaineen kanssa. Molemmat p\u00e4iv\u00e4t ker\u00e4siv\u00e4t mukavasti osallistujia ja paikkana Tieteiden talo sai paljon positiivista palautetta. Prekonferenssin aloitti Keynote-puheenvuorolla emeritaprofessori Kaija Saranto historiakatsauksella sosiaali- ja terveydenhuollon tiedonhallinnan v\u00e4it\u00f6skirjoista. T\u00e4m\u00e4n j\u00e4lkeen jatko-opiskelijat esitteliv\u00e4t omaa v\u00e4it\u00f6stutkimustaan. Verkostoituminen ja palautteen saaminen omasta tutkimuksesta on t\u00e4rke\u00e4\u00e4 v\u00e4it\u00f6skirjatutkijoille. Prekonferenssi antaa my\u00f6s mahdollisuuden uusille ideoille ja keskustelun avauksille. Toivottavasti jatkossa prekonferenssi tavoittaisi laajemmin v\u00e4it\u00f6skirjatutkijoita eri yliopistosta. Sosiaali- ja terveydenhuollon tietojenk\u00e4sittelyyn liittyv\u00e4\u00e4 tutkimusta tehd\u00e4\u00e4n t\u00e4n\u00e4 p\u00e4iv\u00e4n\u00e4 monella ei tieteenalalla.&hellip; <a class=\"excerpt-more\" href=\"https:\/\/stty.org\/sv\/tunnelmia-vuoden-2023-sotetite-paivilta-ja-prekonferenssista\/\">Lue lis\u00e4\u00e4<\/a><\/span><\/li><li class=\"listing-item\"><a class=\"title\" href=\"https:\/\/stty.org\/sv\/mustan-pilven-kultareunus-covid-19-pandemia-ehealth-kehityksen-vauhdittajana\/\">Mustan pilven kultareunus? &#8211; COVID-19 -pandemia eHealth-kehityksen vauhdittajana<\/a> <span class=\"date\">21.03.2022<\/span> <span class=\"author\">by&nbsp;Yll\u00e4pit\u00e4j\u00e4<\/span> <span class=\"excerpt-dash\">-<\/span> <span class=\"excerpt\">COVID-19 on ollut ennenkuulumaton globaali pandemia. Uusi tartuntatauti on ollut tragedia monille sairastuneille tai l\u00e4heisens\u00e4 menett\u00e4neille. Pandemian vaikutukset sek\u00e4 yksil\u00f6ihin ett\u00e4 yhteiskuntaan ovat olleet laajoja \u2013 useat meist\u00e4 eiv\u00e4t suhtaudu en\u00e4\u00e4 samalla tavalla kuin pari vuotta sitten esimerkiksi k\u00e4ttelyyn, matkustamiseen, julkisella paikalla yskimiseen, rokotusten ottamiseen tai kokousten j\u00e4rjest\u00e4miseen. Sosiaali- ja terveyspalveluissa on jouduttu tekem\u00e4\u00e4n kipeit\u00e4 p\u00e4\u00e4t\u00f6ksi\u00e4 toimintojen priorisoinnista ja terveyspalvelujen kantokyky\u00e4 on koeteltu. Uusien virusmuunnosten erot aiempiin verrattuna muun muassa tartuttavuudessa ja aiheutuvan taudin vakavuudessa ovat vaatineet koko yhteiskunnalta nopeaa sopeutumista uusiin tilanteisiin. My\u00f6s terveyspalvelujen k\u00e4yt\u00e4nn\u00f6n ty\u00f6ss\u00e4 on jouduttu venym\u00e4\u00e4n merkitt\u00e4v\u00e4sti. Laajempia vaikutuksia esimerkiksi priorisointien johdosta kasvaneen hoito- ja palveluvelan&hellip; <a class=\"excerpt-more\" href=\"https:\/\/stty.org\/sv\/mustan-pilven-kultareunus-covid-19-pandemia-ehealth-kehityksen-vauhdittajana\/\">Lue lis\u00e4\u00e4<\/a><\/span><\/li><li class=\"listing-item\"><a class=\"title\" href=\"https:\/\/stty.org\/sv\/sosiaali-ja-terveydenhuollon-tiedonhallinta-ja-digitalisaatio-webinaarisarja-yhteiselle-keskustelulle\/\">Sosiaali- ja terveydenhuollon tiedonhallinta ja digitalisaatio  \u2013 webinaarisarja yhteiselle keskustelulle<\/a> <span class=\"date\">01.03.2022<\/span> <span class=\"author\">by&nbsp;Laura-Maria Peltonen<\/span> <span class=\"excerpt-dash\">-<\/span> <span class=\"excerpt\">Sosiaali- ja terveydenhuollon tietojenk\u00e4sittely-yhdistys (STTY) ja Suomen Telel\u00e4\u00e4ketieteen ja e-Health seura (STeHS) j\u00e4rjest\u00e4v\u00e4t yhdess\u00e4 vuoden 2022 aikana webinaarisarjan, jonka teht\u00e4v\u00e4 on edist\u00e4\u00e4 seurojen yhteisty\u00f6t\u00e4 ja lis\u00e4t\u00e4 yhteiskunnallista vaikuttamista sosiaali- ja terveydenhuollon tiedonhallinnan ja digitalisaation alueella. Keskeinen n\u00e4k\u00f6kulma on monialainen yhteisty\u00f6 ja ajankohtaiset teemat kansallisesti ja kansainv\u00e4lisesti. Webinaarit ovat maksuttomia ja avoinna kaikille. Ensimm\u00e4inen webinaari pidettiin helmikuussa aiheesta \u201dSote tietojohtamisen nykytila ja haasteet\u201d. Seminaarialustajina olivat professorit Harri Laihonen ja Kaija Saranto It\u00e4-Suomen yliopistosta sek\u00e4 johtaja Tarja Kauppila It\u00e4-Suomen sosiaalialan osaamiskeskuksesta. Keskustelu kattoi\u00a0 ajankohtaisia haasteita ja tarpeita eri tasoilla muun muassa hallinnollisiin muutoksiin, teknologian toimivuuteen, tiedon arviointiin ja hy\u00f6dynt\u00e4miseen, lukuisten toimijoiden tarpeisiin&hellip; <a class=\"excerpt-more\" href=\"https:\/\/stty.org\/sv\/sosiaali-ja-terveydenhuollon-tiedonhallinta-ja-digitalisaatio-webinaarisarja-yhteiselle-keskustelulle\/\">Lue lis\u00e4\u00e4<\/a><\/span><\/li><li class=\"listing-item\"><a class=\"title\" href=\"https:\/\/stty.org\/sv\/kenen-ehdoilla-sahkoisten-asiointipalveluiden-kehittamistyota-tehdaan\/\">Kenen ehdoilla s\u00e4hk\u00f6isten asiointipalveluiden kehitt\u00e4misty\u00f6t\u00e4 tehd\u00e4\u00e4n?<\/a> <span class=\"date\">15.02.2022<\/span> <span class=\"author\">by&nbsp;Yll\u00e4pit\u00e4j\u00e4<\/span> <span class=\"excerpt-dash\">-<\/span> <span class=\"excerpt\">Sain k\u00e4siini taannoin muutamia eri sosiaali- ja terveydenhuollon organisaatioissa sis\u00e4isesti toteutettuja pienimuotoisia s\u00e4hk\u00f6iseen asiointiin liittyvi\u00e4 kyselyj\u00e4. Niit\u00e4 oli suunnattu sek\u00e4 kansalais- ett\u00e4 ammattilaisk\u00e4ytt\u00e4jille. N\u00e4iden kyselyjen tuloksissa vahvistui aiempi huomioni siit\u00e4, ett\u00e4 kansalaisk\u00e4ytt\u00e4jiemme toiveet ja tarpeet s\u00e4hk\u00f6isiss\u00e4 asiointipalveluissa painottuvat hieman eri tavalla kuin ammattilaisk\u00e4ytt\u00e4jiemme esille tuomissa n\u00e4kemyksiss\u00e4. Mit\u00e4 me sosiaali- ja terveydenhuollon ammattilaisina uskomme kansalaistemme haluavan? Viisainta on kysy\u00e4 sit\u00e4 suoraan kansalaisilta itselt\u00e4\u00e4n, sill\u00e4 meit\u00e4 kaikkia vartenhan palveluja tuotetaan. V\u00e4est\u00f6n s\u00e4hk\u00f6isten palveluiden k\u00e4ytt\u00f6\u00e4 on tutkittu osana sosiaali- ja terveydenhuollon tietoj\u00e4rjestelm\u00e4palveluiden seuranta ja arviointi -hanketta (http:\/\/thl.fi\/stepshanke). Nyt jo kolmatta kertaa julkaistussa THL:n raportissa (2021) kuvataan v\u00e4est\u00f6n kokemuksia digitalisaatiosta ja s\u00e4hk\u00f6isest\u00e4 asioinnista sosiaali-&hellip; <a class=\"excerpt-more\" href=\"https:\/\/stty.org\/sv\/kenen-ehdoilla-sahkoisten-asiointipalveluiden-kehittamistyota-tehdaan\/\">Lue lis\u00e4\u00e4<\/a><\/span><\/li><li class=\"listing-item\"><a class=\"title\" href=\"https:\/\/stty.org\/sv\/uusi-iso-81001-5-1\/\">Terveydenhuollon ohjelmistojen tietoturva kuntoon uudella standardilla ISO 81001-5-1<\/a> <span class=\"date\">31.12.2021<\/span> <span class=\"author\">by&nbsp;Alpo.Varri@tuni.fi<\/span> <span class=\"excerpt-dash\">-<\/span> <span class=\"excerpt\">Noin vuoden 2016 paikkeilla eri puolilla her\u00e4ttiin siihen, ett\u00e4 terveydenhuollon k\u00e4ytt\u00e4miss\u00e4 ohjelmistoissa tietoturva ei ollut kunnossa. Kyberhy\u00f6kk\u00e4ykset olivat jo silloin yleistyneet, vaikkeiv\u00e4t ne viel\u00e4 olleet niin laajamittaisia kuin nyky\u00e4\u00e4n. Terveydenhuollon laitteisiin oli tullut tietotekniikkaa ja laitteita liitettiin tietoverkkoihin. Alun perin ajatus oli, ett\u00e4 koska laitteet olivat omassa turvallisessa suljetussa verkossaan, verkon kautta tuleviin uhkiin ei tarvinnut juurikaan varautua. T\u00e4m\u00e4 kuitenkin muuttui. Lis\u00e4ksi l\u00e4\u00e4kinn\u00e4llisten laitteiden k\u00e4ytt\u00f6ik\u00e4 on tyypillisesti melko pitk\u00e4 verrattuna k\u00e4ytt\u00f6j\u00e4rjestelmien tuen kestoaikaan, mik\u00e4 tarkoittaa sit\u00e4, ett\u00e4 vanhempiin laitteisiin ei en\u00e4\u00e4 ollut tietoturvap\u00e4ivityksi\u00e4 saatavilla rahallakaan. Syksyll\u00e4 2016 ISO:n teknillisen komitean TC215 Health Informatics ty\u00f6ryhm\u00e4ss\u00e4 JWG7 k\u00e4ytiin keskustelua, miten standardeilla voitaisiin&hellip; <a class=\"excerpt-more\" href=\"https:\/\/stty.org\/sv\/uusi-iso-81001-5-1\/\">Lue lis\u00e4\u00e4<\/a><\/span><\/li><li class=\"listing-item\"><a class=\"title\" href=\"https:\/\/stty.org\/sv\/ajankohtaista-sote-tiedosta-missa-mennaan-kansallisesti-2\/\">Ajankohtaista sote-tiedosta \u2013 miss\u00e4 menn\u00e4\u00e4n kansallisesti?<\/a> <span class=\"date\">13.11.2021<\/span> <span class=\"author\">by&nbsp;Laura-Maria Peltonen<\/span> <span class=\"excerpt-dash\">-<\/span> <span class=\"excerpt\">Sosiaali- ja terveydenhuollon tietojenk\u00e4sittelyn 23. tutkimusp\u00e4iv\u00e4t (SoTeTiTe 2021) pidettiin Kuopiossa 11.11.2021. Aiheena oli \u201cYhteinen sote-tieto? - Tiedon toisiok\u00e4ytt\u00f6 ja digitalisaation vaikutukset\u201d. P\u00e4iv\u00e4t toivat yhteen sosiaali- ja terveydenhuollon informatiikan, tietotekniikan ja tiedonhallinnan tutkijoita ja asiantuntijoita eri puolilta Suomea. Tapahtumaa on j\u00e4rjestetty vuodesta 1998 alkaen. Tutkimusp\u00e4ivill\u00e4 kuultiin t\u00e4n\u00e4 vuonna keynote-puheenvuoro tiimip\u00e4\u00e4llikk\u00f6 Erja Ailiolta Terveyden ja hyvinvoinnin laitokselta. H\u00e4n esitteli sosiaalihuollon asiakastietoihin liittyvi\u00e4 ajankohtaisia n\u00e4k\u00f6kulmia sek\u00e4 suunnitelmia sosiaalihuoltoon liittyvien tietojen kansallisen tietoarkiston etenemisest\u00e4. Professori Mark van Gils Tampereen yliopistosta kertoi terveyspalveluiden vaikuttavuuden arviointiin k\u00e4yt\u00f6ss\u00e4 olevista menetelmist\u00e4 ja uusista tietol\u00e4hteist\u00e4 sek\u00e4 niihin liittyvist\u00e4 tarpeista. Keynote-esitysten lis\u00e4ksi tutkimusp\u00e4ivill\u00e4 kuultiin tieteellisi\u00e4 esityksi\u00e4 ja hanke-esityksi\u00e4. Esitysten sis\u00e4ll\u00f6t&hellip; <a class=\"excerpt-more\" href=\"https:\/\/stty.org\/sv\/ajankohtaista-sote-tiedosta-missa-mennaan-kansallisesti-2\/\">Lue lis\u00e4\u00e4<\/a><\/span><\/li><li class=\"listing-item\"><a class=\"title\" href=\"https:\/\/stty.org\/sv\/tietohallintoyhteistyolla-lapi-sote-uudistuksien\/\">Tietohallintoyhteisty\u00f6ll\u00e4 l\u00e4pi sote-uudistuksien<\/a> <span class=\"date\">15.10.2021<\/span> <span class=\"author\">by&nbsp;Timo Ukkola<\/span> <span class=\"excerpt-dash\">-<\/span> <span class=\"excerpt\">T\u00e4m\u00e4 kirjoitus alkaa vuodesta 2013... Sote-uudistus on t\u00e4t\u00e4 ennen kaatunut jo useampaan kertaan edelt\u00e4vin\u00e4 hallituskausina. Tuolloin k\u00e4ynniss\u00e4 ollut seuraava yritys oli\u00a0Kataisen hallituksen laatima, jossa sote-uudistus t\u00e4ht\u00e4si yhteenliittymist\u00e4 kuntauudistuksen kanssa, jossa palveluiden j\u00e4rjest\u00e4misest\u00e4 olisivat vastuussa riitt\u00e4v\u00e4n isot ja vahvat peruskunnat. Eteneminen pys\u00e4htyi kuitenkin ns. kuntakapinaan ja sote-uudistus kaatui kev\u00e4\u00e4ll\u00e4 2013 peruspalveluministerin esitt\u00e4ess\u00e4 eroanomuksensa.\u00a0Samaan aikaan Suomen Kuntaliitossa oli kuhinaa, josta syntyi jotain uutta. Yhteisty\u00f6n alku, jossa alue- ja kuntarajat ylitt\u00e4v\u00e4 sote-tietohallintoyhteisty\u00f6 hahmottui projektin muotoon. Yhteisty\u00f6verkosto sai nimekseen AKUSTI, jonka toiminta on jatkunut keskeytyksett\u00e4 l\u00e4pi sote-uudistuksien t\u00e4h\u00e4n p\u00e4iv\u00e4\u00e4n asti. AKUSTI on aktiivinen verkosto, joka tukee sosiaali- ja terveydenhuollon muutoksia. Yhteisty\u00f6foorumin missiona on toimiva&hellip; <a class=\"excerpt-more\" href=\"https:\/\/stty.org\/sv\/tietohallintoyhteistyolla-lapi-sote-uudistuksien\/\">Lue lis\u00e4\u00e4<\/a><\/span><\/li><li class=\"listing-item\"><a class=\"title\" href=\"https:\/\/stty.org\/sv\/lisaa-kansainvalisesta-yhteistyosta-workshoppien-muodossa\/\">Lis\u00e4\u00e4 kansainv\u00e4lisest\u00e4 yhteisty\u00f6st\u00e4 workshoppien muodossa<\/a> <span class=\"date\">30.09.2021<\/span> <span class=\"author\">by&nbsp;Ulla-Mari Kinnunen<\/span> <span class=\"excerpt-dash\">-<\/span> <span class=\"excerpt\">Sosiaali- ja terveydenhuollon tietojenk\u00e4sittely-yhdistyksen j\u00e4seni\u00e4 on vuosien saatossa kuulunut ja yh\u00e4 kuuluu tiettyihin kansainv\u00e4lisen kattoj\u00e4rjest\u00f6mme, International Medical Informatics Association (IMIA), ty\u00f6ryhmiin.\u00a0Ryhmist\u00e4 mainittakoon esimerkiksi Ethics, Privacy and Security in Health Informatics \u2013 IMIA EPSHI WG, Health and Medical Informatics Education WG, Health Informatics for Patient Safety WG, Standards in Health Care Informatics WG, Student and Emerging Professionals Special Interest Group \u2013 IMIA SEP SIG ja IMIA NI. Kansainv\u00e4linen yhteisty\u00f6 ja verkostoituminen on t\u00e4rke\u00e4\u00e4 siten my\u00f6s sosiaali- ja terveydenhuollon tietojenk\u00e4sittelyn ja tiedonhallinnan alalla. Hoitoty\u00f6n tiedonhallinnan (Nursing Informatics, NI), pidemm\u00e4lt\u00e4 nimelt\u00e4\u00e4n Nursing Informatics Special Interest Group (NISIG), puheenjohtajana toimii norjalainen Ann Kristin Roteg\u00e5rd.&hellip; <a class=\"excerpt-more\" href=\"https:\/\/stty.org\/sv\/lisaa-kansainvalisesta-yhteistyosta-workshoppien-muodossa\/\">Lue lis\u00e4\u00e4<\/a><\/span><\/li><\/ul>\n","protected":false},"excerpt":{"rendered":"","protected":false},"author":1,"featured_media":0,"parent":0,"menu_order":0,"comment_status":"closed","ping_status":"closed","template":"","meta":{"footnotes":""},"categories":[],"class_list":["post-543","page","type-page","status-publish","hentry"],"translation":{"provider":"WPGlobus","version":"3.0.2","language":"sv","enabled_languages":["fi","en","sv"],"languages":{"fi":{"title":true,"content":true,"excerpt":false},"en":{"title":false,"content":false,"excerpt":false},"sv":{"title":false,"content":false,"excerpt":false}}},"yoast_head":"<!-- This site is optimized with the Yoast SEO plugin v27.4 - https:\/\/yoast.com\/product\/yoast-seo-wordpress\/ -->\n<title>STTY-blogi - Sosiaali- ja terveydenhuollon tietojenk\u00e4sittely-yhdistys<\/title>\n<meta name=\"robots\" content=\"index, follow, max-snippet:-1, max-image-preview:large, max-video-preview:-1\" \/>\n<link rel=\"canonical\" href=\"https:\/\/stty.org\/sv\/stty-blogi\/\" \/>\n<meta property=\"og:locale\" content=\"sv_SE\" \/>\n<meta property=\"og:type\" content=\"article\" \/>\n<meta property=\"og:title\" content=\"STTY-blogi - Sosiaali- ja terveydenhuollon tietojenk\u00e4sittely-yhdistys\" \/>\n<meta property=\"og:url\" content=\"https:\/\/stty.org\/sv\/stty-blogi\/\" \/>\n<meta property=\"og:site_name\" content=\"Sosiaali- ja terveydenhuollon tietojenk\u00e4sittely-yhdistys\" \/>\n<meta property=\"article:modified_time\" content=\"2021-04-16T11:22:19+00:00\" \/>\n<meta name=\"twitter:card\" content=\"summary_large_image\" \/>\n<meta name=\"twitter:label1\" content=\"Est. reading time\" \/>\n\t<meta name=\"twitter:data1\" content=\"1 minute\" \/>\n<script type=\"application\/ld+json\" class=\"yoast-schema-graph\">{\"@context\":\"https:\\\/\\\/schema.org\",\"@graph\":[{\"@type\":\"WebPage\",\"@id\":\"https:\\\/\\\/stty.org\\\/sv\\\/stty-blogi\\\/\",\"url\":\"https:\\\/\\\/stty.org\\\/sv\\\/stty-blogi\\\/\",\"name\":\"STTY-blogi - Sosiaali- ja terveydenhuollon tietojenk\u00e4sittely-yhdistys\",\"isPartOf\":{\"@id\":\"https:\\\/\\\/stty.org\\\/en\\\/#website\"},\"datePublished\":\"2020-10-28T16:03:22+00:00\",\"dateModified\":\"2021-04-16T11:22:19+00:00\",\"breadcrumb\":{\"@id\":\"https:\\\/\\\/stty.org\\\/sv\\\/stty-blogi\\\/#breadcrumb\"},\"inLanguage\":\"sv-SE\",\"potentialAction\":[{\"@type\":\"ReadAction\",\"target\":[\"https:\\\/\\\/stty.org\\\/sv\\\/stty-blogi\\\/\"]}]},{\"@type\":\"BreadcrumbList\",\"@id\":\"https:\\\/\\\/stty.org\\\/sv\\\/stty-blogi\\\/#breadcrumb\",\"itemListElement\":[{\"@type\":\"ListItem\",\"position\":1,\"name\":\"Etusivu\",\"item\":\"https:\\\/\\\/stty.org\\\/\"},{\"@type\":\"ListItem\",\"position\":2,\"name\":\"STTY-blogi\"}]},{\"@type\":\"WebSite\",\"@id\":\"https:\\\/\\\/stty.org\\\/en\\\/#website\",\"url\":\"https:\\\/\\\/stty.org\\\/en\\\/\",\"name\":\"Sosiaali- ja terveydenhuollon tietojenk\u00e4sittely-yhdistys\",\"description\":\"F\u00f6reningen f\u00f6r informationsbehandling inom social- och h\u00e4lsov\u00e5rden rf Finnish Social and Health Informatics Association\",\"publisher\":{\"@id\":\"https:\\\/\\\/stty.org\\\/en\\\/#organization\"},\"potentialAction\":[{\"@type\":\"SearchAction\",\"target\":{\"@type\":\"EntryPoint\",\"urlTemplate\":\"https:\\\/\\\/stty.org\\\/en\\\/?s={search_term_string}\"},\"query-input\":{\"@type\":\"PropertyValueSpecification\",\"valueRequired\":true,\"valueName\":\"search_term_string\"}}],\"inLanguage\":\"sv-SE\"},{\"@type\":\"Organization\",\"@id\":\"https:\\\/\\\/stty.org\\\/en\\\/#organization\",\"name\":\"Sosiaali- ja terveydenhuollon tietojenk\u00e4sittely-yhdistys\",\"url\":\"https:\\\/\\\/stty.org\\\/en\\\/\",\"logo\":{\"@type\":\"ImageObject\",\"inLanguage\":\"sv-SE\",\"@id\":\"https:\\\/\\\/stty.org\\\/en\\\/#\\\/schema\\\/logo\\\/image\\\/\",\"url\":\"https:\\\/\\\/stty.org\\\/wp-content\\\/uploads\\\/2020\\\/07\\\/STTY_logo1.jpg\",\"contentUrl\":\"https:\\\/\\\/stty.org\\\/wp-content\\\/uploads\\\/2020\\\/07\\\/STTY_logo1.jpg\",\"width\":198,\"height\":105,\"caption\":\"Sosiaali- ja terveydenhuollon tietojenk\u00e4sittely-yhdistys\"},\"image\":{\"@id\":\"https:\\\/\\\/stty.org\\\/en\\\/#\\\/schema\\\/logo\\\/image\\\/\"}}]}<\/script>\n<!-- \/ Yoast SEO plugin. -->","yoast_head_json":{"title":"STTY-blogi - Sosiaali- ja terveydenhuollon tietojenk\u00e4sittely-yhdistys","robots":{"index":"index","follow":"follow","max-snippet":"max-snippet:-1","max-image-preview":"max-image-preview:large","max-video-preview":"max-video-preview:-1"},"canonical":"https:\/\/stty.org\/sv\/stty-blogi\/","og_locale":"sv_SE","og_type":"article","og_title":"STTY-blogi - Sosiaali- ja terveydenhuollon tietojenk\u00e4sittely-yhdistys","og_url":"https:\/\/stty.org\/sv\/stty-blogi\/","og_site_name":"Sosiaali- ja terveydenhuollon tietojenk\u00e4sittely-yhdistys","article_modified_time":"2021-04-16T11:22:19+00:00","twitter_card":"summary_large_image","twitter_misc":{"Est. reading time":"1 minute"},"schema":{"@context":"https:\/\/schema.org","@graph":[{"@type":"WebPage","@id":"https:\/\/stty.org\/sv\/stty-blogi\/","url":"https:\/\/stty.org\/sv\/stty-blogi\/","name":"STTY-blogi - Sosiaali- ja terveydenhuollon tietojenk\u00e4sittely-yhdistys","isPartOf":{"@id":"https:\/\/stty.org\/en\/#website"},"datePublished":"2020-10-28T16:03:22+00:00","dateModified":"2021-04-16T11:22:19+00:00","breadcrumb":{"@id":"https:\/\/stty.org\/sv\/stty-blogi\/#breadcrumb"},"inLanguage":"sv-SE","potentialAction":[{"@type":"ReadAction","target":["https:\/\/stty.org\/sv\/stty-blogi\/"]}]},{"@type":"BreadcrumbList","@id":"https:\/\/stty.org\/sv\/stty-blogi\/#breadcrumb","itemListElement":[{"@type":"ListItem","position":1,"name":"Etusivu","item":"https:\/\/stty.org\/"},{"@type":"ListItem","position":2,"name":"STTY-blogi"}]},{"@type":"WebSite","@id":"https:\/\/stty.org\/en\/#website","url":"https:\/\/stty.org\/en\/","name":"Sosiaali- ja terveydenhuollon tietojenk\u00e4sittely-yhdistys","description":"F\u00f6reningen f\u00f6r informationsbehandling inom social- och h\u00e4lsov\u00e5rden rf Finnish Social and Health Informatics Association","publisher":{"@id":"https:\/\/stty.org\/en\/#organization"},"potentialAction":[{"@type":"SearchAction","target":{"@type":"EntryPoint","urlTemplate":"https:\/\/stty.org\/en\/?s={search_term_string}"},"query-input":{"@type":"PropertyValueSpecification","valueRequired":true,"valueName":"search_term_string"}}],"inLanguage":"sv-SE"},{"@type":"Organization","@id":"https:\/\/stty.org\/en\/#organization","name":"Sosiaali- ja terveydenhuollon tietojenk\u00e4sittely-yhdistys","url":"https:\/\/stty.org\/en\/","logo":{"@type":"ImageObject","inLanguage":"sv-SE","@id":"https:\/\/stty.org\/en\/#\/schema\/logo\/image\/","url":"https:\/\/stty.org\/wp-content\/uploads\/2020\/07\/STTY_logo1.jpg","contentUrl":"https:\/\/stty.org\/wp-content\/uploads\/2020\/07\/STTY_logo1.jpg","width":198,"height":105,"caption":"Sosiaali- ja terveydenhuollon tietojenk\u00e4sittely-yhdistys"},"image":{"@id":"https:\/\/stty.org\/en\/#\/schema\/logo\/image\/"}}]}},"jetpack_sharing_enabled":true,"jetpack-related-posts":[],"_links":{"self":[{"href":"https:\/\/stty.org\/sv\/wp-json\/wp\/v2\/pages\/543","targetHints":{"allow":["GET"]}}],"collection":[{"href":"https:\/\/stty.org\/sv\/wp-json\/wp\/v2\/pages"}],"about":[{"href":"https:\/\/stty.org\/sv\/wp-json\/wp\/v2\/types\/page"}],"author":[{"embeddable":true,"href":"https:\/\/stty.org\/sv\/wp-json\/wp\/v2\/users\/1"}],"replies":[{"embeddable":true,"href":"https:\/\/stty.org\/sv\/wp-json\/wp\/v2\/comments?post=543"}],"version-history":[{"count":13,"href":"https:\/\/stty.org\/sv\/wp-json\/wp\/v2\/pages\/543\/revisions"}],"predecessor-version":[{"id":1086,"href":"https:\/\/stty.org\/sv\/wp-json\/wp\/v2\/pages\/543\/revisions\/1086"}],"wp:attachment":[{"href":"https:\/\/stty.org\/sv\/wp-json\/wp\/v2\/media?parent=543"}],"wp:term":[{"taxonomy":"category","embeddable":true,"href":"https:\/\/stty.org\/sv\/wp-json\/wp\/v2\/categories?post=543"}],"curies":[{"name":"wp","href":"https:\/\/api.w.org\/{rel}","templated":true}]}}