{"id":52,"date":"2010-02-23T18:07:49","date_gmt":"2010-02-23T18:07:49","guid":{"rendered":"https:\/\/stty.org\/2010\/02\/23\/sttyn-tutkimuspaivat\/"},"modified":"2026-04-09T14:44:59","modified_gmt":"2026-04-09T11:44:59","slug":"sttyn-tutkimuspaivat","status":"publish","type":"page","link":"https:\/\/stty.org\/sv\/sttyn-tutkimuspaivat\/","title":{"rendered":"Tutkimusp\u00e4iv\u00e4t"},"content":{"rendered":"<div class=\"event-menu\">\n<ul>\n<li><a href=\"https:\/\/stty.org\/sttyn-tutkimuspaivat\/\">Tutkimusp\u00e4iv\u00e4t<\/a><\/li>\n<li><a href=\"https:\/\/stty.org\/sttyn-tutkimuspaivat\/kirjoituskutsu\/\">Kirjoituskutsu<\/a><\/li>\n<li><a href=\"https:\/\/stty.org\/sttyn-tutkimuspaivat\/ohjelma\/\">Ohjelma<\/a><\/li>\n<li><a href=\"https:\/\/stty.org\/sttyn-tutkimuspaivat\/prekonferenssi\/\">Prekonferenssi<\/a><\/li>\n<li><a href=\"https:\/\/stty.org\/sttyn-tutkimuspaivat\/sotetite-julkaisut\/\">Julkaisut<\/a><\/li>\n<\/ul>\n<\/div>\n<h3><strong>Sosiaali- ja terveydenhuollon tietojenk\u00e4sittelyn 28. tutkimusp\u00e4iv\u00e4t<\/strong><\/h3>\n<p><strong>21.4.2026, Tieteiden Talo, Helsinki<\/strong><\/p>\n<p>K\u00e4yth\u00e4n ilmoittautumassa 13.4.2026 menness\u00e4: <a href=\"https:\/\/link.webropolsurveys.com\/S\/A6E4BA2E1B5D35EE\">Sotetite_ilmoittautuminen<\/a><br \/>\nHuom: samalla linkill\u00e4 voit ilmoittautua tutkimusp\u00e4ivien lis\u00e4ksi prefonferenssiin sek\u00e4 omakustanteiselle illalliselle 20.4.2026.<br \/>\nTutkimusp\u00e4ivien <a href=\"http:\/\/stty.org\/sttyn-tutkimuspaivat\/ohjelma\">ohjelmaan p\u00e4\u00e4set tutustumaan t\u00e4\u00e4lt\u00e4<\/a><\/p>\n<h3><strong>Illalliskutsu STTY:n j\u00e4senille ravintola Lasipalatsiin 20.4.2026<\/strong><\/h3>\n<p>Tutkimusp\u00e4ivien sek\u00e4 sit\u00e4 edelt\u00e4v\u00e4n prekonferenssin yhteydess\u00e4 on mahdollisuus osallistua my\u00f6s kaikille yhdistyksen j\u00e4senille avoimelle omakustanteiselle verkostoitumisillalliselle tunnelmallisessa ravintola Lasipalatsissa ma 20.4.2026 klo 18.<\/p>\n<p>Voit tutustua illan menuvaihtoehtoihin jo etuk\u00e4teen: <a href=\"https:\/\/www.raflaamo.fi\/fi\/ravintola\/helsinki\/ravintola-lasipalatsi\/menu\/13297\/lasipalatsin-a-la-carte-1342026-alkaen\">MENU<\/a> <\/p>\n<p>Tarkemmat tiedot illallisesta l\u00e4hetet\u00e4\u00e4n s\u00e4hk\u00f6postitse ilmoittautuneille l\u00e4hemp\u00e4n\u00e4 tapahtumaa. Voit ilmoittautua illalliselle tutkimusp\u00e4ivien ilmoittautumisen yhteydess\u00e4 tai ottamalla yhteytt\u00e4 sotetite(at)stty.org<\/p>\n<h3><strong>Pistem\u00e4isest\u00e4 kehitt\u00e4misest\u00e4 kohti kokonaisuuksien hallintaa <\/strong><\/h3>\n<p>Sosiaali- ja terveydenhuollon tietojenk\u00e4sittely-yhdistys ry j\u00e4rjest\u00e4\u00e4 <strong>28. Sosiaali- ja terveydenhuollon tietojenk\u00e4sittelyn tutkimusp\u00e4iv\u00e4t ti 21.4.2026 Helsingiss\u00e4<\/strong>. Tutkimusp\u00e4iv\u00e4t muodostavat foorumin Suomessa teht\u00e4v\u00e4lle sosiaali- ja terveydenhuollon informatiikan, tietotekniikan ja tiedonhallinnan tutkimukselle ja kehitt\u00e4mistoiminnalle.<\/p>\n<figure id=\"attachment_2153\" aria-describedby=\"caption-attachment-2153\" style=\"width: 390px\" class=\"wp-caption alignleft\"><img loading=\"lazy\" decoding=\"async\" data-attachment-id=\"2153\" data-permalink=\"https:\/\/stty.org\/sv\/sttyn-tutkimuspaivat\/tieteiden_talo_2_julkisivu\/#main\" data-orig-file=\"https:\/\/stty.org\/wp-content\/uploads\/2025\/12\/Tieteiden_talo_2_Julkisivu-scaled.jpg\" data-orig-size=\"2560,1667\" data-comments-opened=\"0\" data-image-meta=\"{&quot;aperture&quot;:&quot;0&quot;,&quot;credit&quot;:&quot;Anne Haapanen \/ TSV&quot;,&quot;camera&quot;:&quot;&quot;,&quot;caption&quot;:&quot;&quot;,&quot;created_timestamp&quot;:&quot;0&quot;,&quot;copyright&quot;:&quot;&quot;,&quot;focal_length&quot;:&quot;0&quot;,&quot;iso&quot;:&quot;0&quot;,&quot;shutter_speed&quot;:&quot;0&quot;,&quot;title&quot;:&quot;&quot;,&quot;orientation&quot;:&quot;1&quot;}\" data-image-title=\"Tieteiden_talo_2_Julkisivu\" data-image-description=\"\" data-image-caption=\"&lt;p&gt;Kuva: Anne Haapanen&lt;\/p&gt;\n\" data-large-file=\"https:\/\/stty.org\/wp-content\/uploads\/2025\/12\/Tieteiden_talo_2_Julkisivu-1024x667.jpg\" class=\"size-medium wp-image-2153\" src=\"https:\/\/stty.org\/wp-content\/uploads\/2025\/12\/Tieteiden_talo_2_Julkisivu-300x195.jpg\" alt=\"\" width=\"400\" height=\"195\" \/><figcaption id=\"caption-attachment-2153\" class=\"wp-caption-text\">Kuva: Anne Haapanen<\/figcaption><\/figure>\n<p><em>Sosiaali- ja terveydenhuollon teknologioita kehitet\u00e4\u00e4n usein erillisin\u00e4 ratkaisuina yksitt\u00e4isiin tarpeisiin, mutta yh\u00e4 t\u00e4rke\u00e4mp\u00e4\u00e4 on tarkastella niiden yhteyksi\u00e4, vaikutuksia ja roolia osana koko palveluj\u00e4rjestelm\u00e4\u00e4. Tutkimusp\u00e4ivill\u00e4 kutsumme tutkijoita, kehitt\u00e4ji\u00e4 ja p\u00e4\u00e4t\u00f6ksentekij\u00f6it\u00e4 pohtimaan, miten yksitt\u00e4iset teknologiat nivoutuvat laajempiin kokonaisuuksiin, tukevat tietoperustaista johtamista ja p\u00e4\u00e4t\u00f6ksentekoa sek\u00e4 edist\u00e4v\u00e4t kest\u00e4v\u00e4\u00e4 ja vaikuttavaa sosiaali- ja terveydenhuollon kehitt\u00e4mist\u00e4. <\/em><\/p>\n<p>&nbsp;<\/p>\n<p>Tutkimusp\u00e4ivien ohjelmasta ja koordinoinnista vastaa STTY:n hallituksen nime\u00e4m\u00e4 ohjelma- ja j\u00e4rjestelytoimikunta.<\/p>\n<p>Tutkimusp\u00e4ivien osallistumismaksu vuonna 2026 on 55 euroa STTY:n j\u00e4senille tai papereita esitt\u00e4ville muiden EFMI-j\u00e4senj\u00e4rjest\u00f6jen j\u00e4senille ja 90 euroa muille osallistujille. Yhdistyksen j\u00e4seneksi liittyv\u00e4t (j\u00e4senmaksu 35 eur) perustutkinto-opiskelijat korkeakouluista voivat osallistua tutkimusp\u00e4iville ilman erillist\u00e4 osallistumismaksua.<\/p>\n<p>Lis\u00e4tietoja sotetite (at) stty.org<\/p>\n","protected":false},"excerpt":{"rendered":"<p>Tutkimusp\u00e4iv\u00e4t Kirjoituskutsu Ohjelma Prekonferenssi Julkaisut Sosiaali- ja terveydenhuollon tietojenk\u00e4sittelyn 28. tutkimusp\u00e4iv\u00e4t 21.4.2026, Tieteiden Talo, Helsinki K\u00e4yth\u00e4n ilmoittautumassa 13.4.2026 menness\u00e4: Sotetite_ilmoittautuminen Huom: samalla linkill\u00e4 voit ilmoittautua tutkimusp\u00e4ivien lis\u00e4ksi prefonferenssiin sek\u00e4 omakustanteiselle &#8230; <a title=\"Tutkimusp\u00e4iv\u00e4t\" class=\"read-more\" href=\"https:\/\/stty.org\/sv\/sttyn-tutkimuspaivat\/\" aria-label=\"Read more about Tutkimusp\u00e4iv\u00e4t\">Read more<\/a><\/p>\n","protected":false},"author":2,"featured_media":0,"parent":0,"menu_order":0,"comment_status":"closed","ping_status":"closed","template":"","meta":{"footnotes":""},"categories":[9],"class_list":["post-52","page","type-page","status-publish","category-tutkimuspaivat"],"translation":{"provider":"WPGlobus","version":"3.0.2","language":"sv","enabled_languages":["fi","en","sv"],"languages":{"fi":{"title":true,"content":true,"excerpt":false},"en":{"title":true,"content":true,"excerpt":false},"sv":{"title":false,"content":false,"excerpt":false}}},"yoast_head":"<!-- This site is optimized with the Yoast SEO plugin v27.4 - https:\/\/yoast.com\/product\/yoast-seo-wordpress\/ -->\n<title>- Sosiaali- ja terveydenhuollon tietojenk\u00e4sittely-yhdistys<\/title>\n<meta name=\"robots\" content=\"index, follow, max-snippet:-1, max-image-preview:large, max-video-preview:-1\" \/>\n<link rel=\"canonical\" href=\"https:\/\/stty.org\/sttyn-tutkimuspaivat\/\" \/>\n<meta property=\"og:locale\" content=\"sv_SE\" \/>\n<meta property=\"og:type\" content=\"article\" \/>\n<meta property=\"og:title\" content=\"- Sosiaali- ja terveydenhuollon tietojenk\u00e4sittely-yhdistys\" \/>\n<meta property=\"og:url\" content=\"https:\/\/stty.org\/sttyn-tutkimuspaivat\/\" \/>\n<meta property=\"og:site_name\" content=\"Sosiaali- ja terveydenhuollon tietojenk\u00e4sittely-yhdistys\" \/>\n<meta property=\"article:modified_time\" content=\"2026-04-09T11:44:59+00:00\" \/>\n<meta property=\"og:image\" content=\"https:\/\/stty.org\/wp-content\/uploads\/2025\/12\/Tieteiden_talo_2_Julkisivu-scaled.jpg\" \/>\n\t<meta property=\"og:image:width\" content=\"2560\" \/>\n\t<meta property=\"og:image:height\" content=\"1667\" \/>\n\t<meta property=\"og:image:type\" content=\"image\/jpeg\" \/>\n<meta name=\"twitter:card\" content=\"summary_large_image\" \/>\n<meta name=\"twitter:label1\" content=\"Est. reading time\" \/>\n\t<meta name=\"twitter:data1\" content=\"2 minutes\" \/>\n<script type=\"application\/ld+json\" class=\"yoast-schema-graph\">{\"@context\":\"https:\\\/\\\/schema.org\",\"@graph\":[{\"@type\":\"WebPage\",\"@id\":\"https:\\\/\\\/stty.org\\\/sttyn-tutkimuspaivat\\\/\",\"url\":\"https:\\\/\\\/stty.org\\\/sttyn-tutkimuspaivat\\\/\",\"name\":\"- Sosiaali- ja terveydenhuollon tietojenk\u00e4sittely-yhdistys\",\"isPartOf\":{\"@id\":\"https:\\\/\\\/stty.org\\\/en\\\/#website\"},\"primaryImageOfPage\":{\"@id\":\"https:\\\/\\\/stty.org\\\/sttyn-tutkimuspaivat\\\/#primaryimage\"},\"image\":{\"@id\":\"https:\\\/\\\/stty.org\\\/sttyn-tutkimuspaivat\\\/#primaryimage\"},\"thumbnailUrl\":\"https:\\\/\\\/stty.org\\\/wp-content\\\/uploads\\\/2025\\\/12\\\/Tieteiden_talo_2_Julkisivu-300x195.jpg\",\"datePublished\":\"2010-02-23T18:07:49+00:00\",\"dateModified\":\"2026-04-09T11:44:59+00:00\",\"description\":\"Sivulla kerrotaan STTY:n j\u00e4rjest\u00e4mist\u00e4 tai tulevaisuudessa j\u00e4rjestett\u00e4v\u00e4st\u00e4 tutkimusp\u00e4iv\u00e4st\u00e4.\",\"breadcrumb\":{\"@id\":\"https:\\\/\\\/stty.org\\\/sttyn-tutkimuspaivat\\\/#breadcrumb\"},\"inLanguage\":\"sv-SE\",\"potentialAction\":[{\"@type\":\"ReadAction\",\"target\":[\"https:\\\/\\\/stty.org\\\/sttyn-tutkimuspaivat\\\/\"]}]},{\"@type\":\"ImageObject\",\"inLanguage\":\"sv-SE\",\"@id\":\"https:\\\/\\\/stty.org\\\/sttyn-tutkimuspaivat\\\/#primaryimage\",\"url\":\"https:\\\/\\\/stty.org\\\/wp-content\\\/uploads\\\/2025\\\/12\\\/Tieteiden_talo_2_Julkisivu-300x195.jpg\",\"contentUrl\":\"https:\\\/\\\/stty.org\\\/wp-content\\\/uploads\\\/2025\\\/12\\\/Tieteiden_talo_2_Julkisivu-300x195.jpg\"},{\"@type\":\"BreadcrumbList\",\"@id\":\"https:\\\/\\\/stty.org\\\/sttyn-tutkimuspaivat\\\/#breadcrumb\",\"itemListElement\":[{\"@type\":\"ListItem\",\"position\":1,\"name\":\"Etusivu\",\"item\":\"https:\\\/\\\/stty.org\\\/\"},{\"@type\":\"ListItem\",\"position\":2,\"name\":\"Tutkimusp\u00e4iv\u00e4t\"}]},{\"@type\":\"WebSite\",\"@id\":\"https:\\\/\\\/stty.org\\\/en\\\/#website\",\"url\":\"https:\\\/\\\/stty.org\\\/en\\\/\",\"name\":\"Sosiaali- ja terveydenhuollon tietojenk\u00e4sittely-yhdistys\",\"description\":\"F\u00f6reningen f\u00f6r informationsbehandling inom social- och h\u00e4lsov\u00e5rden rf Finnish Social and Health Informatics Association\",\"publisher\":{\"@id\":\"https:\\\/\\\/stty.org\\\/en\\\/#organization\"},\"potentialAction\":[{\"@type\":\"SearchAction\",\"target\":{\"@type\":\"EntryPoint\",\"urlTemplate\":\"https:\\\/\\\/stty.org\\\/en\\\/?s={search_term_string}\"},\"query-input\":{\"@type\":\"PropertyValueSpecification\",\"valueRequired\":true,\"valueName\":\"search_term_string\"}}],\"inLanguage\":\"sv-SE\"},{\"@type\":\"Organization\",\"@id\":\"https:\\\/\\\/stty.org\\\/en\\\/#organization\",\"name\":\"Sosiaali- ja terveydenhuollon tietojenk\u00e4sittely-yhdistys\",\"url\":\"https:\\\/\\\/stty.org\\\/en\\\/\",\"logo\":{\"@type\":\"ImageObject\",\"inLanguage\":\"sv-SE\",\"@id\":\"https:\\\/\\\/stty.org\\\/en\\\/#\\\/schema\\\/logo\\\/image\\\/\",\"url\":\"https:\\\/\\\/stty.org\\\/wp-content\\\/uploads\\\/2020\\\/07\\\/STTY_logo1.jpg\",\"contentUrl\":\"https:\\\/\\\/stty.org\\\/wp-content\\\/uploads\\\/2020\\\/07\\\/STTY_logo1.jpg\",\"width\":198,\"height\":105,\"caption\":\"Sosiaali- ja terveydenhuollon tietojenk\u00e4sittely-yhdistys\"},\"image\":{\"@id\":\"https:\\\/\\\/stty.org\\\/en\\\/#\\\/schema\\\/logo\\\/image\\\/\"}}]}<\/script>\n<!-- \/ Yoast SEO plugin. -->","yoast_head_json":{"title":"- Sosiaali- ja terveydenhuollon tietojenk\u00e4sittely-yhdistys","robots":{"index":"index","follow":"follow","max-snippet":"max-snippet:-1","max-image-preview":"max-image-preview:large","max-video-preview":"max-video-preview:-1"},"canonical":"https:\/\/stty.org\/sttyn-tutkimuspaivat\/","og_locale":"sv_SE","og_type":"article","og_title":"- Sosiaali- ja terveydenhuollon tietojenk\u00e4sittely-yhdistys","og_url":"https:\/\/stty.org\/sttyn-tutkimuspaivat\/","og_site_name":"Sosiaali- ja terveydenhuollon tietojenk\u00e4sittely-yhdistys","article_modified_time":"2026-04-09T11:44:59+00:00","og_image":[{"width":2560,"height":1667,"url":"https:\/\/stty.org\/wp-content\/uploads\/2025\/12\/Tieteiden_talo_2_Julkisivu-scaled.jpg","type":"image\/jpeg"}],"twitter_card":"summary_large_image","twitter_misc":{"Est. reading time":"2 minutes"},"schema":{"@context":"https:\/\/schema.org","@graph":[{"@type":"WebPage","@id":"https:\/\/stty.org\/sttyn-tutkimuspaivat\/","url":"https:\/\/stty.org\/sttyn-tutkimuspaivat\/","name":"- Sosiaali- ja terveydenhuollon tietojenk\u00e4sittely-yhdistys","isPartOf":{"@id":"https:\/\/stty.org\/en\/#website"},"primaryImageOfPage":{"@id":"https:\/\/stty.org\/sttyn-tutkimuspaivat\/#primaryimage"},"image":{"@id":"https:\/\/stty.org\/sttyn-tutkimuspaivat\/#primaryimage"},"thumbnailUrl":"https:\/\/stty.org\/wp-content\/uploads\/2025\/12\/Tieteiden_talo_2_Julkisivu-300x195.jpg","datePublished":"2010-02-23T18:07:49+00:00","dateModified":"2026-04-09T11:44:59+00:00","description":"Sivulla kerrotaan STTY:n j\u00e4rjest\u00e4mist\u00e4 tai tulevaisuudessa j\u00e4rjestett\u00e4v\u00e4st\u00e4 tutkimusp\u00e4iv\u00e4st\u00e4.","breadcrumb":{"@id":"https:\/\/stty.org\/sttyn-tutkimuspaivat\/#breadcrumb"},"inLanguage":"sv-SE","potentialAction":[{"@type":"ReadAction","target":["https:\/\/stty.org\/sttyn-tutkimuspaivat\/"]}]},{"@type":"ImageObject","inLanguage":"sv-SE","@id":"https:\/\/stty.org\/sttyn-tutkimuspaivat\/#primaryimage","url":"https:\/\/stty.org\/wp-content\/uploads\/2025\/12\/Tieteiden_talo_2_Julkisivu-300x195.jpg","contentUrl":"https:\/\/stty.org\/wp-content\/uploads\/2025\/12\/Tieteiden_talo_2_Julkisivu-300x195.jpg"},{"@type":"BreadcrumbList","@id":"https:\/\/stty.org\/sttyn-tutkimuspaivat\/#breadcrumb","itemListElement":[{"@type":"ListItem","position":1,"name":"Etusivu","item":"https:\/\/stty.org\/"},{"@type":"ListItem","position":2,"name":"Tutkimusp\u00e4iv\u00e4t"}]},{"@type":"WebSite","@id":"https:\/\/stty.org\/en\/#website","url":"https:\/\/stty.org\/en\/","name":"Sosiaali- ja terveydenhuollon tietojenk\u00e4sittely-yhdistys","description":"F\u00f6reningen f\u00f6r informationsbehandling inom social- och h\u00e4lsov\u00e5rden rf Finnish Social and Health Informatics Association","publisher":{"@id":"https:\/\/stty.org\/en\/#organization"},"potentialAction":[{"@type":"SearchAction","target":{"@type":"EntryPoint","urlTemplate":"https:\/\/stty.org\/en\/?s={search_term_string}"},"query-input":{"@type":"PropertyValueSpecification","valueRequired":true,"valueName":"search_term_string"}}],"inLanguage":"sv-SE"},{"@type":"Organization","@id":"https:\/\/stty.org\/en\/#organization","name":"Sosiaali- ja terveydenhuollon tietojenk\u00e4sittely-yhdistys","url":"https:\/\/stty.org\/en\/","logo":{"@type":"ImageObject","inLanguage":"sv-SE","@id":"https:\/\/stty.org\/en\/#\/schema\/logo\/image\/","url":"https:\/\/stty.org\/wp-content\/uploads\/2020\/07\/STTY_logo1.jpg","contentUrl":"https:\/\/stty.org\/wp-content\/uploads\/2020\/07\/STTY_logo1.jpg","width":198,"height":105,"caption":"Sosiaali- ja terveydenhuollon tietojenk\u00e4sittely-yhdistys"},"image":{"@id":"https:\/\/stty.org\/en\/#\/schema\/logo\/image\/"}}]}},"jetpack_sharing_enabled":true,"jetpack-related-posts":[{"id":2147,"url":"https:\/\/stty.org\/sv\/sttyn-tutkimuspaivat\/ohjelma\/","url_meta":{"origin":52,"position":0},"title":"Tutkimusp\u00e4iv\u00e4t: Ohjelma","author":"Sivustonikkari","date":"16.12.2025","format":false,"excerpt":"Tutkimusp\u00e4iv\u00e4t Kirjoituskutsu Ohjelma Prekonferenssi Julkaisut Sosiaali- ja terveydenhuollon tietojenk\u00e4sittely -yhdistys ry j\u00e4rjest\u00e4\u00e4 28. Sosiaali- ja terveydenhuollon tietojenk\u00e4sittelyn tutkimusp\u00e4iv\u00e4t ti 21.4.2024 Helsingiss\u00e4. P\u00e4ivien teemana on Pistem\u00e4isest\u00e4 kehitt\u00e4misest\u00e4 kohti kokonaisuuksien hallintaa. Lataa ohjelma t\u00e4st\u00e4: SoTeTiTe_ohjelma_2026-05","rel":"","context":"Similar post","block_context":{"text":"Similar post","link":""},"img":{"alt_text":"","src":"https:\/\/i0.wp.com\/stty.org\/wp-content\/uploads\/2026\/04\/3.jpg?resize=350%2C200&ssl=1","width":350,"height":200,"srcset":"https:\/\/i0.wp.com\/stty.org\/wp-content\/uploads\/2026\/04\/3.jpg?resize=350%2C200&ssl=1 1x, https:\/\/i0.wp.com\/stty.org\/wp-content\/uploads\/2026\/04\/3.jpg?resize=525%2C300&ssl=1 1.5x, https:\/\/i0.wp.com\/stty.org\/wp-content\/uploads\/2026\/04\/3.jpg?resize=700%2C400&ssl=1 2x, https:\/\/i0.wp.com\/stty.org\/wp-content\/uploads\/2026\/04\/3.jpg?resize=1050%2C600&ssl=1 3x, https:\/\/i0.wp.com\/stty.org\/wp-content\/uploads\/2026\/04\/3.jpg?resize=1400%2C800&ssl=1 4x"},"classes":[]},{"id":2143,"url":"https:\/\/stty.org\/sv\/sttyn-tutkimuspaivat\/sotetite-julkaisut\/","url_meta":{"origin":52,"position":1},"title":"Tutkimusp\u00e4iv\u00e4t: Aikaisempien vuosien julkaisut","author":"Sivustonikkari","date":"16.12.2025","format":false,"excerpt":"Tutkimusp\u00e4iv\u00e4t Kirjoituskutsu Ohjelma Prekonferenssi Julkaisut Sosiaali- ja terveydenhuollon tietotekniikan ja tiedonhallinnan tutkimusp\u00e4ivien tutkimusjulkaisut 2002- Tutkimuspaperit 2025 (FinJeHeW Vol 17, No 2, 2025) Tutkimuspaperit 2024 (FinJeHeW Vol 16, No 2, 2024) Tutkimuspaperit 2023 (FinJeHeW Vol 15, No 2, 2023) Tutkimuspaperit 2022 (FinJeHeW Vol 14, No 2, 2022) Tutkimuspaperit 2021 (FinJeHeW Vol\u2026","rel":"","context":"Similar post","block_context":{"text":"Similar post","link":""},"img":{"alt_text":"","src":"https:\/\/i0.wp.com\/stty.org\/wp-content\/uploads\/2025\/08\/FinJeHew-logo.png?resize=350%2C200&ssl=1","width":350,"height":200},"classes":[]},{"id":2192,"url":"https:\/\/stty.org\/sv\/sttyn-tutkimuspaivat\/prekonferenssi\/","url_meta":{"origin":52,"position":2},"title":"Prekonferenssi","author":"Sivustonikkari","date":"29.1.2026","format":false,"excerpt":"Tutkimusp\u00e4iv\u00e4t Kirjoituskutsu Ohjelma Prekonferenssi Julkaisut Sosiaali- ja terveydenhuollon tiedonhallinnan prekonferenssi jatko-opiskelijoille: (Osista rakentuva) kokonainen v\u00e4it\u00f6skirja Sosiaali- ja terveydenhuollon tiedonhallinnan tutkimusp\u00e4ivien yhteydess\u00e4 j\u00e4rjestett\u00e4v\u00e4 prekonferenssi pidet\u00e4\u00e4n maanantaina 20.4.2026 klo 12\u201316.30 Tieteiden talolla Helsingiss\u00e4. Tilaisuus on suunnattu jatko-opiskelijoille, joiden tutkimus liittyy sosiaali- ja\/tai terveydenhuollon tiedonhallintaan. Tutkimusaihe voi esimerkiksi kytkeyty\u00e4 tietojenk\u00e4sittelyss\u00e4 hy\u00f6dynnett\u00e4viin teknologioihin, tiedonhallinnan\u2026","rel":"","context":"Similar post","block_context":{"text":"Similar post","link":""},"img":{"alt_text":"","src":"","width":0,"height":0},"classes":[]},{"id":2141,"url":"https:\/\/stty.org\/sv\/sttyn-tutkimuspaivat\/kirjoituskutsu\/","url_meta":{"origin":52,"position":3},"title":"Tutkimusp\u00e4iv\u00e4t: Kirjoituskutsu","author":"Sivustonikkari","date":"16.12.2025","format":false,"excerpt":"Tutkimusp\u00e4iv\u00e4t Kirjoituskutsu Ohjelma Prekonferenssi Julkaisut Sosiaali- ja terveydenhuollon teknologioita kehitet\u00e4\u00e4n usein erillisin\u00e4 ratkaisuina yksitt\u00e4isiin tarpeisiin, mutta yh\u00e4 t\u00e4rke\u00e4mp\u00e4\u00e4 on tarkastella niiden yhteyksi\u00e4, vaikutuksia ja roolia osana koko palveluj\u00e4rjestelm\u00e4\u00e4. Tutkimusp\u00e4ivill\u00e4 kutsumme tutkijoita, kehitt\u00e4ji\u00e4 ja p\u00e4\u00e4t\u00f6ksentekij\u00f6it\u00e4 pohtimaan, miten yksitt\u00e4iset teknologiat nivoutuvat laajempiin kokonaisuuksiin, tukevat tietoperustaista johtamista ja p\u00e4\u00e4t\u00f6ksentekoa sek\u00e4 edist\u00e4v\u00e4t kest\u00e4v\u00e4\u00e4 ja\u2026","rel":"","context":"Similar post","block_context":{"text":"Similar post","link":""},"img":{"alt_text":"","src":"https:\/\/i0.wp.com\/stty.org\/wp-content\/uploads\/2025\/08\/FinJeHew-logo.png?resize=350%2C200&ssl=1","width":350,"height":200},"classes":[]},{"id":182,"url":"https:\/\/stty.org\/sv\/","url_meta":{"origin":52,"position":4},"title":"Sosiaali- ja terveydenhuollon tietojenk\u00e4sittely-yhdistys","author":"STTY","date":"20.10.2015","format":false,"excerpt":"{:fi}Yhdistyksen toiminnan p\u00e4\u00e4tavoitteena on sek\u00e4 kansainv\u00e4listen ett\u00e4 kansallisten yhteyksien yll\u00e4pito sosiaali- ja terveydenhuollon tietotekniikan ja tiedonhallinnan toimijoiden kesken. Kansallisesti STTY pyrkii olemaan laajassa yhteisty\u00f6ss\u00e4 alan eri j\u00e4rjest\u00f6jen kanssa. Yhdistys pyrkii my\u00f6s j\u00e4rjest\u00e4m\u00e4\u00e4n j\u00e4sentapaamisia ja tutustumisk\u00e4yntej\u00e4 yrityksiin sek\u00e4 sosiaali- ja terveydenhuollon hankkeisiin. STTY j\u00e4rjest\u00e4\u00e4 vuosittain Sosiaali- ja terveydenhuollon tietotekniikan ja tiedonhallinnan\u2026","rel":"","context":"In &quot;Etusivu&quot;","block_context":{"text":"Etusivu","link":"https:\/\/stty.org\/sv\/kategoria\/etusivu\/"},"img":{"alt_text":"FinJeHeW logo","src":"https:\/\/i0.wp.com\/journal.fi\/public\/journals\/25\/pageHeaderLogoImage_en_US.png?resize=350%2C200&ssl=1","width":350,"height":200},"classes":[]},{"id":1294,"url":"https:\/\/stty.org\/sv\/stty-blogi\/stty-blogi-ajankohtaista-sote-tiedosta-missa-mennaan-kansallisesti\/","url_meta":{"origin":52,"position":5},"title":"Ajankohtaista sote-tiedosta \u2013 miss\u00e4 menn\u00e4\u00e4n kansallisesti?","author":"Laura-Maria Peltonen","date":"11.11.2021","format":false,"excerpt":"Sosiaali- ja terveydenhuollon tietojenk\u00e4sittelyn 23. tutkimusp\u00e4iv\u00e4t (SoTeTiTe 2021) pidettiin Kuopiossa 11.11.2021. Aiheena oli \u201cYhteinen sote-tieto? - Tiedon toisiok\u00e4ytt\u00f6 ja digitalisaation vaikutukset\u201d. P\u00e4iv\u00e4t toivat yhteen sosiaali- ja terveydenhuollon informatiikan, tietotekniikan ja tiedonhallinnan tutkijoita ja asiantuntijoita eri puolilta Suomea. Tapahtumaa on j\u00e4rjestetty vuodesta 1998 alkaen. Tutkimusp\u00e4ivill\u00e4 kuultiin t\u00e4n\u00e4 vuonna keynote-puheenvuoro tiimip\u00e4\u00e4llikk\u00f6 Erja\u2026","rel":"","context":"In &quot;Blogiartikkeli&quot;","block_context":{"text":"Blogiartikkeli","link":"https:\/\/stty.org\/sv\/kategoria\/blog\/"},"img":{"alt_text":"","src":"https:\/\/i0.wp.com\/stty.org\/wp-content\/uploads\/2021\/11\/samuel-300x216.jpg?resize=350%2C200&ssl=1","width":350,"height":200},"classes":[]}],"_links":{"self":[{"href":"https:\/\/stty.org\/sv\/wp-json\/wp\/v2\/pages\/52","targetHints":{"allow":["GET"]}}],"collection":[{"href":"https:\/\/stty.org\/sv\/wp-json\/wp\/v2\/pages"}],"about":[{"href":"https:\/\/stty.org\/sv\/wp-json\/wp\/v2\/types\/page"}],"author":[{"embeddable":true,"href":"https:\/\/stty.org\/sv\/wp-json\/wp\/v2\/users\/2"}],"replies":[{"embeddable":true,"href":"https:\/\/stty.org\/sv\/wp-json\/wp\/v2\/comments?post=52"}],"version-history":[{"count":134,"href":"https:\/\/stty.org\/sv\/wp-json\/wp\/v2\/pages\/52\/revisions"}],"predecessor-version":[{"id":2240,"href":"https:\/\/stty.org\/sv\/wp-json\/wp\/v2\/pages\/52\/revisions\/2240"}],"wp:attachment":[{"href":"https:\/\/stty.org\/sv\/wp-json\/wp\/v2\/media?parent=52"}],"wp:term":[{"taxonomy":"category","embeddable":true,"href":"https:\/\/stty.org\/sv\/wp-json\/wp\/v2\/categories?post=52"}],"curies":[{"name":"wp","href":"https:\/\/api.w.org\/{rel}","templated":true}]}}