{"id":44,"date":"2020-10-28T15:23:01","date_gmt":"2020-10-28T15:23:01","guid":{"rendered":"https:\/\/stty.org\/?p=44"},"modified":"2025-08-25T18:58:06","modified_gmt":"2025-08-25T15:58:06","slug":"sttyn-kansainvalinen-toiminta","status":"publish","type":"page","link":"https:\/\/stty.org\/sv\/sttyn-kansainvalinen-toiminta\/","title":{"rendered":"Kansainv\u00e4linen toiminta"},"content":{"rendered":"<p>STTY on Suomen edustaja terveydenhuollon tietotekniikan kansainv\u00e4lisess\u00e4 kattoj\u00e4rjest\u00f6ss\u00e4 <a href=\"https:\/\/imia-medinfo.org\/wp\/\"><strong>International Medical Informatics Association (IMIA)<\/strong><\/a>\u00a0sek\u00e4 eurooppan kattoj\u00e4rjest\u00f6ss\u00e4 <a href=\"https:\/\/efmi.org\/\"><strong>European Federation for Medical Informatics\u00a0 <\/strong>(EFMI<\/a>). <\/p>\n<p>Tarkoituksena on laajentaa kansainv\u00e4list\u00e4 toimintaa my\u00f6s sosiaalialan vastaaviin j\u00e4rjest\u00f6ihin <strong><a href=\"http:\/\/www.husita.org\" target=\"_blank\" rel=\"noopener noreferrer\">Human Services Information Technology Applications<\/a><\/strong>\u00a0<strong><span style=\"font-family: Arial Narrow; font-size: medium;\">(<\/span><\/strong>HUSITA) ja European Network for Information Technology and Human Services (ENITH).<\/p>\n<p>STTY:n edustajat<br \/>\n* IMIA General Assembly: Laura-Maria Peltonen<br \/>\n* EFMI Council: Persephone Doupi<\/p>\n<p><strong>IMIA:lla ett\u00e4 EFMI:ll\u00e4 on eri aihepiirien ty\u00f6ryhmi\u00e4<\/strong><br \/>\nSTTY nime\u00e4\u00e4 Suomen kansalliset yhteyshenkil\u00f6t ty\u00f6ryhmiin. Jos olet kiinnostunut osallistumaan jonkin kansainv\u00e4lisen ty\u00f6ryhm\u00e4n ty\u00f6skentelyyn tai kotimaiseen &#8220;yhteyspiiriin&#8221; sen alalla, ota yhteytt\u00e4 kyseisen ty\u00f6ryhm\u00e4n suomalaiseen yhteyshenkil\u00f6\u00f6n. Jos sellaista ei ole nimetty, voit tarjoutua yhteyshenkil\u00f6ksi ottamalla yhteytt\u00e4 STTY:n hallitukseen. Yhteyshenkil\u00f6n velvollisuutena on ensisijaisesti v\u00e4litt\u00e4\u00e4 tietoa ty\u00f6ryhm\u00e4n toiminnasta kuten konferensseista ja s\u00e4hk\u00f6postilistoista Suomeen, ja vastaavasti v\u00e4litt\u00e4\u00e4 tietoa Suomesta ty\u00f6ryhm\u00e4lle p\u00e4in. STTY ei pysty kustantamaan ty\u00f6ryhm\u00e4n kokouksiin ja konferensseihin osallistumiskuluja.<\/p>\n<p><em><a href=\"https:\/\/imia-medinfo.org\/wp\/imia-working-groups\/\" target=\"_blank\" rel=\"noopener noreferrer\">IMIA: ty\u00f6ryhm\u00e4t<\/a><\/em><br \/>\n<em><a href=\"https:\/\/efmi.org\/workinggroups\/\" target=\"_blank\" rel=\"noopener noreferrer\">EFMI:n ty\u00f6ryhm\u00e4t<\/a><\/em><\/p>\n<\/ul>\n<p><strong><a href=\"https:\/\/imia-medinfo.org\/wp\/publications\/\" target=\"_blank\">IMIAn<\/a> hyv\u00e4ksym\u00e4t viralliset lehdet 2025:\u00a0\u00a0\u00a0\u00a0\u00a0<\/strong><br \/>\n<a href=\"https:\/\/www.thieme.com\/books-main\/clinical-informatics\/product\/4433-aci-applied-clinical-informatics\" target=\"_blank\"><em>ACI &#8211; Applied Clinical Informatics<\/em>\u00a0<\/a><br \/>\n<a href=\"https:\/\/informatics.bmj.com\/\" target=\"_blank\"><em>BMJ Health &#038; Care Informatics<\/em><\/a><br \/>\n<em><a href=\"http:\/\/www.tandfonline.com\/toc\/imif20\/current\" target=\"_blank\">Informatics for Health and Social Care<\/a><\/em><br \/>\n<a href=\"https:\/\/www.journals.elsevier.com\/international-journal-of-medical-informatics\" target=\"_blank\"><em>International Journal of Medical Informatics<\/em> (Elsevier)<\/a><br \/>\n<a href=\"https:\/\/www.thieme.com\/books-main\/clinical-informatics\/product\/4439-methods-of-information-in-medicine\" target=\"_blank\"><em>Methods of Information in Medicine<\/em>\u00a0<\/a><\/p>\n<p><strong><a href=\"https:\/\/efmi.org\/official-efmi-journals\/\" target=\"_blank\">EFMIn <\/a>hyv\u00e4ksym\u00e4t viralliset lehdet 2025:<\/strong><br \/>\n<a href=\"https:\/\/www.thieme.com\/books-main\/clinical-informatics\/product\/4433-aci-applied-clinical-informatics\" target=\"_blank\"><em>ACI &#8211; Applied Clinical Informatics<\/em>\u00a0<\/a><br \/>\n<em><a href=\"https:\/\/www.thieme.com\/books-main\/clinical-informatics\/product\/4439-methods-of-information-in-medicine\">Methods of Information in Medicine<\/a><\/em><br \/>\n<em><a href=\"https:\/\/actainformmed.org\/\">Acta Informatica Medica<\/a><\/em><br \/>\n<a href=\"https:\/\/www.journals.elsevier.com\/international-journal-of-medical-informatics\"><em>International Journal of Medical Informatics<\/em><\/a><br \/>\n<strong>\u00a0<\/strong><\/p>\n<hr \/>\n","protected":false},"excerpt":{"rendered":"<p>STTY on Suomen edustaja terveydenhuollon tietotekniikan kansainv\u00e4lisess\u00e4 kattoj\u00e4rjest\u00f6ss\u00e4 International Medical Informatics Association (IMIA)\u00a0sek\u00e4 eurooppan kattoj\u00e4rjest\u00f6ss\u00e4 European Federation for Medical Informatics\u00a0 (EFMI). Tarkoituksena on laajentaa kansainv\u00e4list\u00e4 toimintaa my\u00f6s sosiaalialan vastaaviin j\u00e4rjest\u00f6ihin &#8230; <a title=\"Kansainv\u00e4linen toiminta\" class=\"read-more\" href=\"https:\/\/stty.org\/sv\/sttyn-kansainvalinen-toiminta\/\" aria-label=\"Read more about Kansainv\u00e4linen toiminta\">Read more<\/a><\/p>\n","protected":false},"author":2,"featured_media":0,"parent":0,"menu_order":6,"comment_status":"closed","ping_status":"closed","template":"","meta":{"footnotes":""},"categories":[44],"class_list":["post-44","page","type-page","status-publish","category-uutiset"],"translation":{"provider":"WPGlobus","version":"3.0.2","language":"sv","enabled_languages":["fi","en","sv"],"languages":{"fi":{"title":true,"content":true,"excerpt":false},"en":{"title":false,"content":false,"excerpt":false},"sv":{"title":false,"content":false,"excerpt":false}}},"yoast_head":"<!-- This site is optimized with the Yoast SEO plugin v27.4 - https:\/\/yoast.com\/product\/yoast-seo-wordpress\/ -->\n<title>Kansainv\u00e4linen toiminta - Sosiaali- ja terveydenhuollon tietojenk\u00e4sittely-yhdistys<\/title>\n<meta name=\"robots\" content=\"index, follow, max-snippet:-1, max-image-preview:large, max-video-preview:-1\" \/>\n<link rel=\"canonical\" href=\"https:\/\/stty.org\/sttyn-kansainvalinen-toiminta\/\" \/>\n<meta property=\"og:locale\" content=\"sv_SE\" \/>\n<meta property=\"og:type\" content=\"article\" \/>\n<meta property=\"og:title\" content=\"Kansainv\u00e4linen toiminta - Sosiaali- ja terveydenhuollon tietojenk\u00e4sittely-yhdistys\" \/>\n<meta property=\"og:url\" content=\"https:\/\/stty.org\/sttyn-kansainvalinen-toiminta\/\" \/>\n<meta property=\"og:site_name\" content=\"Sosiaali- ja terveydenhuollon tietojenk\u00e4sittely-yhdistys\" \/>\n<meta property=\"article:modified_time\" content=\"2025-08-25T15:58:06+00:00\" \/>\n<meta name=\"twitter:card\" content=\"summary_large_image\" \/>\n<meta name=\"twitter:label1\" content=\"Est. reading time\" \/>\n\t<meta name=\"twitter:data1\" content=\"2 minutes\" \/>\n<script type=\"application\/ld+json\" class=\"yoast-schema-graph\">{\"@context\":\"https:\\\/\\\/schema.org\",\"@graph\":[{\"@type\":\"WebPage\",\"@id\":\"https:\\\/\\\/stty.org\\\/sttyn-kansainvalinen-toiminta\\\/\",\"url\":\"https:\\\/\\\/stty.org\\\/sttyn-kansainvalinen-toiminta\\\/\",\"name\":\"Kansainv\u00e4linen toiminta - Sosiaali- ja terveydenhuollon tietojenk\u00e4sittely-yhdistys\",\"isPartOf\":{\"@id\":\"https:\\\/\\\/stty.org\\\/en\\\/#website\"},\"datePublished\":\"2020-10-28T15:23:01+00:00\",\"dateModified\":\"2025-08-25T15:58:06+00:00\",\"breadcrumb\":{\"@id\":\"https:\\\/\\\/stty.org\\\/sttyn-kansainvalinen-toiminta\\\/#breadcrumb\"},\"inLanguage\":\"sv-SE\",\"potentialAction\":[{\"@type\":\"ReadAction\",\"target\":[\"https:\\\/\\\/stty.org\\\/sttyn-kansainvalinen-toiminta\\\/\"]}]},{\"@type\":\"BreadcrumbList\",\"@id\":\"https:\\\/\\\/stty.org\\\/sttyn-kansainvalinen-toiminta\\\/#breadcrumb\",\"itemListElement\":[{\"@type\":\"ListItem\",\"position\":1,\"name\":\"Etusivu\",\"item\":\"https:\\\/\\\/stty.org\\\/\"},{\"@type\":\"ListItem\",\"position\":2,\"name\":\"Kansainv\u00e4linen toiminta\"}]},{\"@type\":\"WebSite\",\"@id\":\"https:\\\/\\\/stty.org\\\/en\\\/#website\",\"url\":\"https:\\\/\\\/stty.org\\\/en\\\/\",\"name\":\"Sosiaali- ja terveydenhuollon tietojenk\u00e4sittely-yhdistys\",\"description\":\"F\u00f6reningen f\u00f6r informationsbehandling inom social- och h\u00e4lsov\u00e5rden rf Finnish Social and Health Informatics Association\",\"publisher\":{\"@id\":\"https:\\\/\\\/stty.org\\\/en\\\/#organization\"},\"potentialAction\":[{\"@type\":\"SearchAction\",\"target\":{\"@type\":\"EntryPoint\",\"urlTemplate\":\"https:\\\/\\\/stty.org\\\/en\\\/?s={search_term_string}\"},\"query-input\":{\"@type\":\"PropertyValueSpecification\",\"valueRequired\":true,\"valueName\":\"search_term_string\"}}],\"inLanguage\":\"sv-SE\"},{\"@type\":\"Organization\",\"@id\":\"https:\\\/\\\/stty.org\\\/en\\\/#organization\",\"name\":\"Sosiaali- ja terveydenhuollon tietojenk\u00e4sittely-yhdistys\",\"url\":\"https:\\\/\\\/stty.org\\\/en\\\/\",\"logo\":{\"@type\":\"ImageObject\",\"inLanguage\":\"sv-SE\",\"@id\":\"https:\\\/\\\/stty.org\\\/en\\\/#\\\/schema\\\/logo\\\/image\\\/\",\"url\":\"https:\\\/\\\/stty.org\\\/wp-content\\\/uploads\\\/2020\\\/07\\\/STTY_logo1.jpg\",\"contentUrl\":\"https:\\\/\\\/stty.org\\\/wp-content\\\/uploads\\\/2020\\\/07\\\/STTY_logo1.jpg\",\"width\":198,\"height\":105,\"caption\":\"Sosiaali- ja terveydenhuollon tietojenk\u00e4sittely-yhdistys\"},\"image\":{\"@id\":\"https:\\\/\\\/stty.org\\\/en\\\/#\\\/schema\\\/logo\\\/image\\\/\"}}]}<\/script>\n<!-- \/ Yoast SEO plugin. -->","yoast_head_json":{"title":"Kansainv\u00e4linen toiminta - Sosiaali- ja terveydenhuollon tietojenk\u00e4sittely-yhdistys","robots":{"index":"index","follow":"follow","max-snippet":"max-snippet:-1","max-image-preview":"max-image-preview:large","max-video-preview":"max-video-preview:-1"},"canonical":"https:\/\/stty.org\/sttyn-kansainvalinen-toiminta\/","og_locale":"sv_SE","og_type":"article","og_title":"Kansainv\u00e4linen toiminta - Sosiaali- ja terveydenhuollon tietojenk\u00e4sittely-yhdistys","og_url":"https:\/\/stty.org\/sttyn-kansainvalinen-toiminta\/","og_site_name":"Sosiaali- ja terveydenhuollon tietojenk\u00e4sittely-yhdistys","article_modified_time":"2025-08-25T15:58:06+00:00","twitter_card":"summary_large_image","twitter_misc":{"Est. reading time":"2 minutes"},"schema":{"@context":"https:\/\/schema.org","@graph":[{"@type":"WebPage","@id":"https:\/\/stty.org\/sttyn-kansainvalinen-toiminta\/","url":"https:\/\/stty.org\/sttyn-kansainvalinen-toiminta\/","name":"Kansainv\u00e4linen toiminta - Sosiaali- ja terveydenhuollon tietojenk\u00e4sittely-yhdistys","isPartOf":{"@id":"https:\/\/stty.org\/en\/#website"},"datePublished":"2020-10-28T15:23:01+00:00","dateModified":"2025-08-25T15:58:06+00:00","breadcrumb":{"@id":"https:\/\/stty.org\/sttyn-kansainvalinen-toiminta\/#breadcrumb"},"inLanguage":"sv-SE","potentialAction":[{"@type":"ReadAction","target":["https:\/\/stty.org\/sttyn-kansainvalinen-toiminta\/"]}]},{"@type":"BreadcrumbList","@id":"https:\/\/stty.org\/sttyn-kansainvalinen-toiminta\/#breadcrumb","itemListElement":[{"@type":"ListItem","position":1,"name":"Etusivu","item":"https:\/\/stty.org\/"},{"@type":"ListItem","position":2,"name":"Kansainv\u00e4linen toiminta"}]},{"@type":"WebSite","@id":"https:\/\/stty.org\/en\/#website","url":"https:\/\/stty.org\/en\/","name":"Sosiaali- ja terveydenhuollon tietojenk\u00e4sittely-yhdistys","description":"F\u00f6reningen f\u00f6r informationsbehandling inom social- och h\u00e4lsov\u00e5rden rf Finnish Social and Health Informatics Association","publisher":{"@id":"https:\/\/stty.org\/en\/#organization"},"potentialAction":[{"@type":"SearchAction","target":{"@type":"EntryPoint","urlTemplate":"https:\/\/stty.org\/en\/?s={search_term_string}"},"query-input":{"@type":"PropertyValueSpecification","valueRequired":true,"valueName":"search_term_string"}}],"inLanguage":"sv-SE"},{"@type":"Organization","@id":"https:\/\/stty.org\/en\/#organization","name":"Sosiaali- ja terveydenhuollon tietojenk\u00e4sittely-yhdistys","url":"https:\/\/stty.org\/en\/","logo":{"@type":"ImageObject","inLanguage":"sv-SE","@id":"https:\/\/stty.org\/en\/#\/schema\/logo\/image\/","url":"https:\/\/stty.org\/wp-content\/uploads\/2020\/07\/STTY_logo1.jpg","contentUrl":"https:\/\/stty.org\/wp-content\/uploads\/2020\/07\/STTY_logo1.jpg","width":198,"height":105,"caption":"Sosiaali- ja terveydenhuollon tietojenk\u00e4sittely-yhdistys"},"image":{"@id":"https:\/\/stty.org\/en\/#\/schema\/logo\/image\/"}}]}},"jetpack_sharing_enabled":true,"jetpack-related-posts":[{"id":67,"url":"https:\/\/stty.org\/sv\/imiaefmi-wg-members\/","url_meta":{"origin":44,"position":0},"title":"Finnish members in IMIA and EFMI Working Groups","author":"STTY","date":"22.6.2010","format":false,"excerpt":"Tutustu\u00a0IMIA:n\u00a0ja EFMI:n\u00a0ty\u00f6ryhmiin. Ty\u00f6ryhm\u00e4t\u00a0toimivat puheenjohtajan ja varapuheenjohtajien organisoimina. Ty\u00f6ryhmien aihepiirej\u00e4 ovat mm. terveydenhuollon tietotekniikan koulutus, s\u00e4hk\u00f6inen potilaskertomus, terveydenhuollon tietotekniikan arviointi, tietohallinto, inhimilliset ja organisatoriset tekij\u00e4t, p\u00e4\u00e4t\u00f6ksenteon tuki, avoimen l\u00e4hdekoodin hy\u00f6dynt\u00e4minen, l\u00e4\u00e4ketieteellinen kuvantaminen, luonnollinen kieli, hoitoty\u00f6n tietotekniikka, perusterveydenhuollon tietotekniikka, henkil\u00f6kohtaiset kannettavat laitteet, tietoturva, etiikka, resurssien hallinta, hoidon vaikuttavuus, j\u00e4ljitett\u00e4vyys ja transnationaalinen tietotekniikka\u2026","rel":"","context":"In &quot;Kansainv\u00e4lisyys&quot;","block_context":{"text":"Kansainv\u00e4lisyys","link":"https:\/\/stty.org\/sv\/kategoria\/kansainvalisyys\/"},"img":{"alt_text":"","src":"","width":0,"height":0},"classes":[]},{"id":197,"url":"https:\/\/stty.org\/sv\/konferenssit\/","url_meta":{"origin":44,"position":1},"title":"Konferenssit","author":"STTY","date":"18.2.2016","format":false,"excerpt":"International Medical Informatics Association (IMIA) MedInfo MedInfo on IMIA:n kahden vuoden v\u00e4lein j\u00e4rjestett\u00e4v\u00e4 terveydenhuollon tietotekniikan maailmankonferenssi. MedInfo 2027 j\u00e4rjestet\u00e4\u00e4n Dubaissa (Yhdistyneet Arabiemiraattikunnat) 30.8.-4.9.2027. P\u00e4ivill\u00e4 esitetyt tieteellisten esitysten artikkelit julkaistaan konferenssin aikaan. MedInfo 2025 (Taipei, Taiwan) tieteelliset artikkelit: MEDINFO 2025 \u2014 Healthcare Smart \u00d7 Medicine Deep MedInfo 2023 (Sydney, Australia) tieteelliset\u2026","rel":"","context":"In &quot;Kansainv\u00e4lisyys&quot;","block_context":{"text":"Kansainv\u00e4lisyys","link":"https:\/\/stty.org\/sv\/kategoria\/kansainvalisyys\/"},"img":{"alt_text":"","src":"","width":0,"height":0},"classes":[]},{"id":182,"url":"https:\/\/stty.org\/sv\/","url_meta":{"origin":44,"position":2},"title":"Sosiaali- ja terveydenhuollon tietojenk\u00e4sittely-yhdistys","author":"STTY","date":"20.10.2015","format":false,"excerpt":"{:fi}Yhdistyksen toiminnan p\u00e4\u00e4tavoitteena on sek\u00e4 kansainv\u00e4listen ett\u00e4 kansallisten yhteyksien yll\u00e4pito sosiaali- ja terveydenhuollon tietotekniikan ja tiedonhallinnan toimijoiden kesken. Kansallisesti STTY pyrkii olemaan laajassa yhteisty\u00f6ss\u00e4 alan eri j\u00e4rjest\u00f6jen kanssa. Yhdistys pyrkii my\u00f6s j\u00e4rjest\u00e4m\u00e4\u00e4n j\u00e4sentapaamisia ja tutustumisk\u00e4yntej\u00e4 yrityksiin sek\u00e4 sosiaali- ja terveydenhuollon hankkeisiin. STTY j\u00e4rjest\u00e4\u00e4 vuosittain Sosiaali- ja terveydenhuollon tietotekniikan ja tiedonhallinnan\u2026","rel":"","context":"In &quot;Etusivu&quot;","block_context":{"text":"Etusivu","link":"https:\/\/stty.org\/sv\/kategoria\/etusivu\/"},"img":{"alt_text":"FinJeHeW logo","src":"https:\/\/i0.wp.com\/journal.fi\/public\/journals\/25\/pageHeaderLogoImage_en_US.png?resize=350%2C200&ssl=1","width":350,"height":200},"classes":[]},{"id":181,"url":"https:\/\/stty.org\/sv\/lehdet\/","url_meta":{"origin":44,"position":3},"title":"Lehdet","author":"STTY","date":"20.10.2015","format":false,"excerpt":"EFMI:n hyv\u00e4ksym\u00e4t viralliset lehdet (15.12.2017): European Journal for Biomedical Informatics International Journal for Medical Informatics Methods of Information in Medicine IMIA:n hyv\u00e4ksym\u00e4t viralliset lehdet (18.12.2017): Methods of Information in Medicine International Journal of Medical Informatics Applied Clinical Informatics Informatics for Health and Social Care","rel":"","context":"In &quot;Kansainv\u00e4lisyys&quot;","block_context":{"text":"Kansainv\u00e4lisyys","link":"https:\/\/stty.org\/sv\/kategoria\/kansainvalisyys\/"},"img":{"alt_text":"","src":"","width":0,"height":0},"classes":[]},{"id":166,"url":"https:\/\/stty.org\/sv\/toiminta\/","url_meta":{"origin":44,"position":4},"title":"Toiminta","author":"STTY","date":"17.3.2014","format":false,"excerpt":"Yhdistyksen toimialana on sosiaali- ja terveydenhuollon tietotekniikka ja tiedonhallinta k\u00e4yt\u00e4nn\u00f6n toimintana ja tieteenalana. Yhdistyksen tarkoituksena on toimia yhdyssiteen\u00e4 alalla toimivien keskuudessa, edist\u00e4\u00e4 alan k\u00e4yt\u00e4nn\u00f6llist\u00e4 ja tieteellist\u00e4 kehityst\u00e4 ja soveltamista, edist\u00e4\u00e4 alan kansainv\u00e4lisi\u00e4 yhteyksi\u00e4 sek\u00e4 tehd\u00e4 alaa tunnetuksi. Yhdistys toteuttaa tarkoitusperi\u00e4\u00e4n j\u00e4rjest\u00e4m\u00e4ll\u00e4 tiedotus- ja julkaisutoimintaa, kokouksia, esitelm\u00e4- ja koulutustilaisuuksia sek\u00e4 j\u00e4senilleen\u2026","rel":"","context":"In &quot;Toiminta&quot;","block_context":{"text":"Toiminta","link":"https:\/\/stty.org\/sv\/kategoria\/stty-toiminta\/"},"img":{"alt_text":"","src":"https:\/\/i0.wp.com\/stty.org\/wp-content\/uploads\/2021\/04\/Jylha_Virpi-8619-10x15-1-234x300.png?resize=350%2C200&ssl=1","width":350,"height":200},"classes":[]},{"id":52,"url":"https:\/\/stty.org\/sv\/sttyn-tutkimuspaivat\/","url_meta":{"origin":44,"position":5},"title":"Tutkimusp\u00e4iv\u00e4t","author":"STTY","date":"23.2.2010","format":false,"excerpt":"{:fi} Tutkimusp\u00e4iv\u00e4t Kirjoituskutsu Ohjelma Prekonferenssi Julkaisut Sosiaali- ja terveydenhuollon tietojenk\u00e4sittelyn 28. tutkimusp\u00e4iv\u00e4t 21.4.2026, Tieteiden Talo, Helsinki K\u00e4yth\u00e4n ilmoittautumassa 13.4.2026 menness\u00e4: Sotetite_ilmoittautuminen Huom: samalla linkill\u00e4 voit ilmoittautua tutkimusp\u00e4ivien lis\u00e4ksi prefonferenssiin sek\u00e4 omakustanteiselle illalliselle 20.4.2026. Tutkimusp\u00e4ivien ohjelmaan p\u00e4\u00e4set tutustumaan t\u00e4\u00e4lt\u00e4 Illalliskutsu STTY:n j\u00e4senille ravintola Lasipalatsiin 20.4.2026 Tutkimusp\u00e4ivien sek\u00e4 sit\u00e4 edelt\u00e4v\u00e4n prekonferenssin yhteydess\u00e4\u2026","rel":"","context":"In &quot;Tutkimusp\u00e4iv\u00e4t&quot;","block_context":{"text":"Tutkimusp\u00e4iv\u00e4t","link":"https:\/\/stty.org\/sv\/kategoria\/tutkimuspaivat\/"},"img":{"alt_text":"","src":"https:\/\/i0.wp.com\/stty.org\/wp-content\/uploads\/2025\/12\/Tieteiden_talo_2_Julkisivu-300x195.jpg?resize=350%2C200&ssl=1","width":350,"height":200},"classes":[]}],"_links":{"self":[{"href":"https:\/\/stty.org\/sv\/wp-json\/wp\/v2\/pages\/44","targetHints":{"allow":["GET"]}}],"collection":[{"href":"https:\/\/stty.org\/sv\/wp-json\/wp\/v2\/pages"}],"about":[{"href":"https:\/\/stty.org\/sv\/wp-json\/wp\/v2\/types\/page"}],"author":[{"embeddable":true,"href":"https:\/\/stty.org\/sv\/wp-json\/wp\/v2\/users\/2"}],"replies":[{"embeddable":true,"href":"https:\/\/stty.org\/sv\/wp-json\/wp\/v2\/comments?post=44"}],"version-history":[{"count":25,"href":"https:\/\/stty.org\/sv\/wp-json\/wp\/v2\/pages\/44\/revisions"}],"predecessor-version":[{"id":2112,"href":"https:\/\/stty.org\/sv\/wp-json\/wp\/v2\/pages\/44\/revisions\/2112"}],"wp:attachment":[{"href":"https:\/\/stty.org\/sv\/wp-json\/wp\/v2\/media?parent=44"}],"wp:term":[{"taxonomy":"category","embeddable":true,"href":"https:\/\/stty.org\/sv\/wp-json\/wp\/v2\/categories?post=44"}],"curies":[{"name":"wp","href":"https:\/\/api.w.org\/{rel}","templated":true}]}}