{"id":2143,"date":"2025-12-16T16:48:22","date_gmt":"2025-12-16T14:48:22","guid":{"rendered":"https:\/\/stty.org\/?page_id=2143"},"modified":"2026-04-24T15:01:41","modified_gmt":"2026-04-24T12:01:41","slug":"sotetite-julkaisut","status":"publish","type":"page","link":"https:\/\/stty.org\/sv\/sttyn-tutkimuspaivat\/sotetite-julkaisut\/","title":{"rendered":"Tutkimusp\u00e4iv\u00e4t: Aikaisempien vuosien julkaisut"},"content":{"rendered":"<div class=\"event-menu\">\n<ul>\n<li><a href=\"https:\/\/stty.org\/sttyn-tutkimuspaivat\/\">Tutkimusp\u00e4iv\u00e4t<\/a><\/li>\n<li><a href=\"https:\/\/stty.org\/sttyn-tutkimuspaivat\/kirjoituskutsu\/\">Kirjoituskutsu<\/a><\/li>\n<li><a href=\"https:\/\/stty.org\/sttyn-tutkimuspaivat\/ohjelma\/\">Ohjelma<\/a><\/li>\n<li><a href=\"https:\/\/stty.org\/sttyn-tutkimuspaivat\/sotetite-julkaisut\/\">Julkaisut<\/a><\/li>\n<\/ul>\n<\/div>\n<p><img loading=\"lazy\" decoding=\"async\" data-attachment-id=\"2109\" data-permalink=\"https:\/\/stty.org\/sv\/sttyn-tutkimuspaivat\/finjehew-logo\/#main\" data-orig-file=\"https:\/\/stty.org\/wp-content\/uploads\/2025\/08\/FinJeHew-logo.png\" data-orig-size=\"100,100\" data-comments-opened=\"0\" data-image-meta=\"{&quot;aperture&quot;:&quot;0&quot;,&quot;credit&quot;:&quot;&quot;,&quot;camera&quot;:&quot;&quot;,&quot;caption&quot;:&quot;&quot;,&quot;created_timestamp&quot;:&quot;0&quot;,&quot;copyright&quot;:&quot;&quot;,&quot;focal_length&quot;:&quot;0&quot;,&quot;iso&quot;:&quot;0&quot;,&quot;shutter_speed&quot;:&quot;0&quot;,&quot;title&quot;:&quot;&quot;,&quot;orientation&quot;:&quot;0&quot;}\" data-image-title=\"FinJeHew-logo\" data-image-description=\"\" data-image-caption=\"\" data-large-file=\"https:\/\/stty.org\/wp-content\/uploads\/2025\/08\/FinJeHew-logo.png\" class=\"alignnone size-full wp-image-2109\" src=\"https:\/\/stty.org\/wp-content\/uploads\/2025\/08\/FinJeHew-logo.png\" alt=\"\" width=\"100\" height=\"100\" \/><\/p>\n<p>Sosiaali- ja terveydenhuollon tietotekniikan ja tiedonhallinnan tutkimusp\u00e4ivien tutkimusjulkaisut 2002-<\/p>\n<p><a href=\"https:\/\/journal.fi\/finjehew\/issue\/view\/13604\">Tutkimuspaperit 2026<\/a> (FinJeHew Vol 18, No 2, 2026)<br \/>\n<a href=\"https:\/\/journal.fi\/finjehew\/issue\/view\/12283\">Tutkimuspaperit 2025<\/a> (FinJeHeW Vol 17, No 2, 2025)<br \/>\n<a href=\"https:\/\/journal.fi\/finjehew\/issue\/view\/11045\" target=\"_blank\" rel=\"noopener\">Tutkimuspaperit 2024<\/a> (FinJeHeW Vol 16, No 2, 2024)<br \/>\n<a href=\"https:\/\/journal.fi\/finjehew\/issue\/view\/9163\" target=\"_blank\" rel=\"noopener\">Tutkimuspaperit 2023<\/a> (FinJeHeW Vol 15, No 2, 2023)<br \/>\n<a href=\"https:\/\/journal.fi\/finjehew\/issue\/view\/8293\" target=\"_blank\" rel=\"noopener\">Tutkimuspaperit 2022<\/a> (FinJeHeW Vol 14, No 2, 2022)<br \/>\n<a href=\"https:\/\/journal.fi\/finjehew\/issue\/view\/7918\">Tutkimuspaperit 2021 <\/a>(FinJeHeW Vol 13, No 4, 2021)<br \/>\n<a href=\"https:\/\/journal.fi\/finjehew\/issue\/view\/5534\">Tutkimuspaperit 2019 <\/a>(FinJeHeW Vol 11, No 3, 2019)<br \/>\n<a href=\"https:\/\/journal.fi\/finjehew\/issue\/view\/4930\">Tutkimuspaperit 2018 <\/a>(FinJeHeW Vol 10, No 2-3, 2018)<br \/>\n<a href=\"https:\/\/journal.fi\/finjehew\/issue\/view\/4505\" target=\"_blank\" rel=\"noopener noreferrer\">Tutkimuspaperit 2017<\/a> (FinJeHeW Vol 9, No 2-3, 2017)<br \/>\n<a href=\"https:\/\/journal.fi\/finjehew\/issue\/view\/4107\" target=\"_blank\" rel=\"noopener noreferrer\">Tutkimuspaperit 2016<\/a> (FinJeHeW Vol 8, No 2-3, 2016)<br \/>\n<a href=\"https:\/\/journal.fi\/finjehew\/issue\/view\/3369\" target=\"_blank\" rel=\"noopener noreferrer\">Tutkimuspaperit 2015<\/a> (FinJeHeW Vol 7, No 2-3, 2015)<br \/>\n<a href=\"https:\/\/journal.fi\/finjehew\/issue\/view\/2906\" target=\"_blank\" rel=\"noopener noreferrer\">Tutkimuspaperit 2014<\/a> (FinJeHeW Vol 6, No 2-3, 2014)<br \/>\n<a href=\"https:\/\/journal.fi\/finjehew\/issue\/view\/1086\" target=\"_blank\" rel=\"noopener noreferrer\">Tutkimuspaperit 2013<\/a> (FinJeHeW Vol 5, No 2-3, 2013)<br \/>\n<a href=\"https:\/\/journal.fi\/finjehew\/issue\/view\/976\" target=\"_blank\" rel=\"noopener noreferrer\">Tutkimuspaperit 2012<\/a> (FinJeHeW Vol 4, No 2, 2012)<br \/>\n<a href=\"https:\/\/www.julkari.fi\/handle\/10024\/80252\" target=\"_blank\" rel=\"noopener noreferrer\">Tutkimuspaperit 2011<\/a><br \/>\n<a href=\"http:\/\/www.julkari.fi\/handle\/10024\/80251\" target=\"_blank\" rel=\"noopener noreferrer\">Tutkimuspaperit 2010<\/a><br \/>\n<a href=\"http:\/\/urn.fi\/URN:NBN:fi-fe201205085353\" target=\"_blank\" rel=\"noopener noreferrer\">Tutkimuspaperit 2009<\/a><br \/>\n<a href=\"http:\/\/urn.fi\/URN:NBN:fi-fe201204194085\" target=\"_blank\" rel=\"noopener noreferrer\">Tutkimuspaperit 2008<\/a><br \/>\n<a href=\"http:\/\/urn.fi\/URN:NBN:fi-fe201204194084\" target=\"_blank\" rel=\"noopener noreferrer\">Tutkimuspaperit 2007<\/a><br \/>\n<a href=\"http:\/\/www.stakes.fi\/verkkojulkaisut\/tyopaperit\/T18-2006-VERKKO.pdf\" target=\"_blank\" rel=\"noopener noreferrer\">Tutkimuspaperit 2006<\/a><br \/>\n<a href=\"http:\/\/urn.fi\/URN:ISBN:951-33-1791-9\" target=\"_blank\" rel=\"noopener noreferrer\">Tutkimuspaperit 2005<\/a><br \/>\n<a href=\"http:\/\/urn.fi\/URN:ISBN:951-33-1575-4\" target=\"_blank\" rel=\"noopener noreferrer\">Tutkimuspaperit 2004<\/a><br \/>\n<a href=\"http:\/\/urn.fi\/URN:ISBN:951-33-1387-5\" target=\"_blank\" rel=\"noopener noreferrer\">Tutkimuspaperit 2003<\/a><br \/>\n<a href=\"http:\/\/urn.fi\/URN:ISBN:951-33-1350-6\" target=\"_blank\" rel=\"noopener noreferrer\">Tutkimuspaperit 2002<\/a><\/p>\n","protected":false},"excerpt":{"rendered":"<p>Tutkimusp\u00e4iv\u00e4t Kirjoituskutsu Ohjelma Julkaisut Sosiaali- ja terveydenhuollon tietotekniikan ja tiedonhallinnan tutkimusp\u00e4ivien tutkimusjulkaisut 2002- Tutkimuspaperit 2026 (FinJeHew Vol 18, No 2, 2026) Tutkimuspaperit 2025 (FinJeHeW Vol 17, No 2, 2025) Tutkimuspaperit &#8230; <a title=\"Tutkimusp\u00e4iv\u00e4t: Aikaisempien vuosien julkaisut\" class=\"read-more\" href=\"https:\/\/stty.org\/sv\/sttyn-tutkimuspaivat\/sotetite-julkaisut\/\" aria-label=\"Read more about Tutkimusp\u00e4iv\u00e4t: Aikaisempien vuosien julkaisut\">Read more<\/a><\/p>\n","protected":false},"author":1,"featured_media":0,"parent":52,"menu_order":2,"comment_status":"closed","ping_status":"closed","template":"","meta":{"footnotes":""},"categories":[],"class_list":["post-2143","page","type-page","status-publish"],"translation":{"provider":"WPGlobus","version":"3.0.2","language":"sv","enabled_languages":["fi","en","sv"],"languages":{"fi":{"title":true,"content":true,"excerpt":false},"en":{"title":false,"content":false,"excerpt":false},"sv":{"title":false,"content":false,"excerpt":false}}},"yoast_head":"<!-- This site is optimized with the Yoast SEO plugin v27.5 - https:\/\/yoast.com\/product\/yoast-seo-wordpress\/ -->\n<title>Tutkimusp\u00e4iv\u00e4t: Aikaisempien vuosien julkaisut - Sosiaali- ja terveydenhuollon tietojenk\u00e4sittely-yhdistys<\/title>\n<meta name=\"robots\" content=\"index, follow, max-snippet:-1, max-image-preview:large, max-video-preview:-1\" \/>\n<link rel=\"canonical\" href=\"https:\/\/stty.org\/sttyn-tutkimuspaivat\/sotetite-julkaisut\/\" \/>\n<meta property=\"og:locale\" content=\"sv_SE\" \/>\n<meta property=\"og:type\" content=\"article\" \/>\n<meta property=\"og:title\" content=\"Tutkimusp\u00e4iv\u00e4t: Aikaisempien vuosien julkaisut - Sosiaali- ja terveydenhuollon tietojenk\u00e4sittely-yhdistys\" \/>\n<meta property=\"og:url\" content=\"https:\/\/stty.org\/sttyn-tutkimuspaivat\/sotetite-julkaisut\/\" \/>\n<meta property=\"og:site_name\" content=\"Sosiaali- ja terveydenhuollon tietojenk\u00e4sittely-yhdistys\" \/>\n<meta property=\"article:modified_time\" content=\"2026-04-24T12:01:41+00:00\" \/>\n<meta property=\"og:image\" content=\"https:\/\/stty.org\/wp-content\/uploads\/2025\/08\/FinJeHew-logo.png\" \/>\n\t<meta property=\"og:image:width\" content=\"100\" \/>\n\t<meta property=\"og:image:height\" content=\"100\" \/>\n\t<meta property=\"og:image:type\" content=\"image\/png\" \/>\n<meta name=\"twitter:card\" content=\"summary_large_image\" \/>\n<meta name=\"twitter:label1\" content=\"Est. reading time\" \/>\n\t<meta name=\"twitter:data1\" content=\"2 minutes\" \/>\n<script type=\"application\/ld+json\" class=\"yoast-schema-graph\">{\"@context\":\"https:\\\/\\\/schema.org\",\"@graph\":[{\"@type\":\"WebPage\",\"@id\":\"https:\\\/\\\/stty.org\\\/sttyn-tutkimuspaivat\\\/sotetite-julkaisut\\\/\",\"url\":\"https:\\\/\\\/stty.org\\\/sttyn-tutkimuspaivat\\\/sotetite-julkaisut\\\/\",\"name\":\"Tutkimusp\u00e4iv\u00e4t: Aikaisempien vuosien julkaisut - Sosiaali- ja terveydenhuollon tietojenk\u00e4sittely-yhdistys\",\"isPartOf\":{\"@id\":\"https:\\\/\\\/stty.org\\\/en\\\/#website\"},\"primaryImageOfPage\":{\"@id\":\"https:\\\/\\\/stty.org\\\/sttyn-tutkimuspaivat\\\/sotetite-julkaisut\\\/#primaryimage\"},\"image\":{\"@id\":\"https:\\\/\\\/stty.org\\\/sttyn-tutkimuspaivat\\\/sotetite-julkaisut\\\/#primaryimage\"},\"thumbnailUrl\":\"https:\\\/\\\/stty.org\\\/wp-content\\\/uploads\\\/2025\\\/08\\\/FinJeHew-logo.png\",\"datePublished\":\"2025-12-16T14:48:22+00:00\",\"dateModified\":\"2026-04-24T12:01:41+00:00\",\"breadcrumb\":{\"@id\":\"https:\\\/\\\/stty.org\\\/sttyn-tutkimuspaivat\\\/sotetite-julkaisut\\\/#breadcrumb\"},\"inLanguage\":\"sv-SE\",\"potentialAction\":[{\"@type\":\"ReadAction\",\"target\":[\"https:\\\/\\\/stty.org\\\/sttyn-tutkimuspaivat\\\/sotetite-julkaisut\\\/\"]}]},{\"@type\":\"ImageObject\",\"inLanguage\":\"sv-SE\",\"@id\":\"https:\\\/\\\/stty.org\\\/sttyn-tutkimuspaivat\\\/sotetite-julkaisut\\\/#primaryimage\",\"url\":\"https:\\\/\\\/stty.org\\\/wp-content\\\/uploads\\\/2025\\\/08\\\/FinJeHew-logo.png\",\"contentUrl\":\"https:\\\/\\\/stty.org\\\/wp-content\\\/uploads\\\/2025\\\/08\\\/FinJeHew-logo.png\"},{\"@type\":\"BreadcrumbList\",\"@id\":\"https:\\\/\\\/stty.org\\\/sttyn-tutkimuspaivat\\\/sotetite-julkaisut\\\/#breadcrumb\",\"itemListElement\":[{\"@type\":\"ListItem\",\"position\":1,\"name\":\"Etusivu\",\"item\":\"https:\\\/\\\/stty.org\\\/\"},{\"@type\":\"ListItem\",\"position\":2,\"name\":\"Tutkimusp\u00e4iv\u00e4t\",\"item\":\"https:\\\/\\\/stty.org\\\/sttyn-tutkimuspaivat\\\/\"},{\"@type\":\"ListItem\",\"position\":3,\"name\":\"Tutkimusp\u00e4iv\u00e4t: Aikaisempien vuosien julkaisut\"}]},{\"@type\":\"WebSite\",\"@id\":\"https:\\\/\\\/stty.org\\\/en\\\/#website\",\"url\":\"https:\\\/\\\/stty.org\\\/en\\\/\",\"name\":\"Sosiaali- ja terveydenhuollon tietojenk\u00e4sittely-yhdistys\",\"description\":\"F\u00f6reningen f\u00f6r informationsbehandling inom social- och h\u00e4lsov\u00e5rden rf Finnish Social and Health Informatics Association\",\"publisher\":{\"@id\":\"https:\\\/\\\/stty.org\\\/en\\\/#organization\"},\"potentialAction\":[{\"@type\":\"SearchAction\",\"target\":{\"@type\":\"EntryPoint\",\"urlTemplate\":\"https:\\\/\\\/stty.org\\\/en\\\/?s={search_term_string}\"},\"query-input\":{\"@type\":\"PropertyValueSpecification\",\"valueRequired\":true,\"valueName\":\"search_term_string\"}}],\"inLanguage\":\"sv-SE\"},{\"@type\":\"Organization\",\"@id\":\"https:\\\/\\\/stty.org\\\/en\\\/#organization\",\"name\":\"Sosiaali- ja terveydenhuollon tietojenk\u00e4sittely-yhdistys\",\"url\":\"https:\\\/\\\/stty.org\\\/en\\\/\",\"logo\":{\"@type\":\"ImageObject\",\"inLanguage\":\"sv-SE\",\"@id\":\"https:\\\/\\\/stty.org\\\/en\\\/#\\\/schema\\\/logo\\\/image\\\/\",\"url\":\"https:\\\/\\\/stty.org\\\/wp-content\\\/uploads\\\/2020\\\/07\\\/STTY_logo1.jpg\",\"contentUrl\":\"https:\\\/\\\/stty.org\\\/wp-content\\\/uploads\\\/2020\\\/07\\\/STTY_logo1.jpg\",\"width\":198,\"height\":105,\"caption\":\"Sosiaali- ja terveydenhuollon tietojenk\u00e4sittely-yhdistys\"},\"image\":{\"@id\":\"https:\\\/\\\/stty.org\\\/en\\\/#\\\/schema\\\/logo\\\/image\\\/\"}}]}<\/script>\n<!-- \/ Yoast SEO plugin. -->","yoast_head_json":{"title":"Tutkimusp\u00e4iv\u00e4t: Aikaisempien vuosien julkaisut - Sosiaali- ja terveydenhuollon tietojenk\u00e4sittely-yhdistys","robots":{"index":"index","follow":"follow","max-snippet":"max-snippet:-1","max-image-preview":"max-image-preview:large","max-video-preview":"max-video-preview:-1"},"canonical":"https:\/\/stty.org\/sttyn-tutkimuspaivat\/sotetite-julkaisut\/","og_locale":"sv_SE","og_type":"article","og_title":"Tutkimusp\u00e4iv\u00e4t: Aikaisempien vuosien julkaisut - Sosiaali- ja terveydenhuollon tietojenk\u00e4sittely-yhdistys","og_url":"https:\/\/stty.org\/sttyn-tutkimuspaivat\/sotetite-julkaisut\/","og_site_name":"Sosiaali- ja terveydenhuollon tietojenk\u00e4sittely-yhdistys","article_modified_time":"2026-04-24T12:01:41+00:00","og_image":[{"width":100,"height":100,"url":"https:\/\/stty.org\/wp-content\/uploads\/2025\/08\/FinJeHew-logo.png","type":"image\/png"}],"twitter_card":"summary_large_image","twitter_misc":{"Est. reading time":"2 minutes"},"schema":{"@context":"https:\/\/schema.org","@graph":[{"@type":"WebPage","@id":"https:\/\/stty.org\/sttyn-tutkimuspaivat\/sotetite-julkaisut\/","url":"https:\/\/stty.org\/sttyn-tutkimuspaivat\/sotetite-julkaisut\/","name":"Tutkimusp\u00e4iv\u00e4t: Aikaisempien vuosien julkaisut - Sosiaali- ja terveydenhuollon tietojenk\u00e4sittely-yhdistys","isPartOf":{"@id":"https:\/\/stty.org\/en\/#website"},"primaryImageOfPage":{"@id":"https:\/\/stty.org\/sttyn-tutkimuspaivat\/sotetite-julkaisut\/#primaryimage"},"image":{"@id":"https:\/\/stty.org\/sttyn-tutkimuspaivat\/sotetite-julkaisut\/#primaryimage"},"thumbnailUrl":"https:\/\/stty.org\/wp-content\/uploads\/2025\/08\/FinJeHew-logo.png","datePublished":"2025-12-16T14:48:22+00:00","dateModified":"2026-04-24T12:01:41+00:00","breadcrumb":{"@id":"https:\/\/stty.org\/sttyn-tutkimuspaivat\/sotetite-julkaisut\/#breadcrumb"},"inLanguage":"sv-SE","potentialAction":[{"@type":"ReadAction","target":["https:\/\/stty.org\/sttyn-tutkimuspaivat\/sotetite-julkaisut\/"]}]},{"@type":"ImageObject","inLanguage":"sv-SE","@id":"https:\/\/stty.org\/sttyn-tutkimuspaivat\/sotetite-julkaisut\/#primaryimage","url":"https:\/\/stty.org\/wp-content\/uploads\/2025\/08\/FinJeHew-logo.png","contentUrl":"https:\/\/stty.org\/wp-content\/uploads\/2025\/08\/FinJeHew-logo.png"},{"@type":"BreadcrumbList","@id":"https:\/\/stty.org\/sttyn-tutkimuspaivat\/sotetite-julkaisut\/#breadcrumb","itemListElement":[{"@type":"ListItem","position":1,"name":"Etusivu","item":"https:\/\/stty.org\/"},{"@type":"ListItem","position":2,"name":"Tutkimusp\u00e4iv\u00e4t","item":"https:\/\/stty.org\/sttyn-tutkimuspaivat\/"},{"@type":"ListItem","position":3,"name":"Tutkimusp\u00e4iv\u00e4t: Aikaisempien vuosien julkaisut"}]},{"@type":"WebSite","@id":"https:\/\/stty.org\/en\/#website","url":"https:\/\/stty.org\/en\/","name":"Sosiaali- ja terveydenhuollon tietojenk\u00e4sittely-yhdistys","description":"F\u00f6reningen f\u00f6r informationsbehandling inom social- och h\u00e4lsov\u00e5rden rf Finnish Social and Health Informatics Association","publisher":{"@id":"https:\/\/stty.org\/en\/#organization"},"potentialAction":[{"@type":"SearchAction","target":{"@type":"EntryPoint","urlTemplate":"https:\/\/stty.org\/en\/?s={search_term_string}"},"query-input":{"@type":"PropertyValueSpecification","valueRequired":true,"valueName":"search_term_string"}}],"inLanguage":"sv-SE"},{"@type":"Organization","@id":"https:\/\/stty.org\/en\/#organization","name":"Sosiaali- ja terveydenhuollon tietojenk\u00e4sittely-yhdistys","url":"https:\/\/stty.org\/en\/","logo":{"@type":"ImageObject","inLanguage":"sv-SE","@id":"https:\/\/stty.org\/en\/#\/schema\/logo\/image\/","url":"https:\/\/stty.org\/wp-content\/uploads\/2020\/07\/STTY_logo1.jpg","contentUrl":"https:\/\/stty.org\/wp-content\/uploads\/2020\/07\/STTY_logo1.jpg","width":198,"height":105,"caption":"Sosiaali- ja terveydenhuollon tietojenk\u00e4sittely-yhdistys"},"image":{"@id":"https:\/\/stty.org\/en\/#\/schema\/logo\/image\/"}}]}},"jetpack_sharing_enabled":true,"jetpack-related-posts":[{"id":182,"url":"https:\/\/stty.org\/sv\/","url_meta":{"origin":2143,"position":0},"title":"Sosiaali- ja terveydenhuollon tietojenk\u00e4sittely-yhdistys","author":"STTY","date":"20.10.2015","format":false,"excerpt":"{:fi}Yhdistyksen toiminnan p\u00e4\u00e4tavoitteena on sek\u00e4 kansainv\u00e4listen ett\u00e4 kansallisten yhteyksien yll\u00e4pito sosiaali- ja terveydenhuollon tietotekniikan ja tiedonhallinnan toimijoiden kesken. Kansallisesti STTY pyrkii olemaan laajassa yhteisty\u00f6ss\u00e4 alan eri j\u00e4rjest\u00f6jen kanssa. Yhdistys pyrkii my\u00f6s j\u00e4rjest\u00e4m\u00e4\u00e4n j\u00e4sentapaamisia ja tutustumisk\u00e4yntej\u00e4 yrityksiin sek\u00e4 sosiaali- ja terveydenhuollon hankkeisiin. STTY j\u00e4rjest\u00e4\u00e4 vuosittain Sosiaali- ja terveydenhuollon tietotekniikan ja tiedonhallinnan\u2026","rel":"","context":"In &quot;Etusivu&quot;","block_context":{"text":"Etusivu","link":"https:\/\/stty.org\/sv\/kategoria\/etusivu\/"},"img":{"alt_text":"FinJeHeW logo","src":"https:\/\/i0.wp.com\/journal.fi\/public\/journals\/25\/pageHeaderLogoImage_en_US.png?resize=350%2C200&ssl=1","width":350,"height":200},"classes":[]},{"id":2141,"url":"https:\/\/stty.org\/sv\/sttyn-tutkimuspaivat\/kirjoituskutsu\/","url_meta":{"origin":2143,"position":1},"title":"Tutkimusp\u00e4iv\u00e4t: Kirjoituskutsu","author":"Sivustonikkari","date":"16.12.2025","format":false,"excerpt":"Tutkimusp\u00e4iv\u00e4t Kirjoituskutsu Ohjelma Julkaisut Sosiaali- ja terveydenhuollon teknologioita kehitet\u00e4\u00e4n usein erillisin\u00e4 ratkaisuina yksitt\u00e4isiin tarpeisiin, mutta yh\u00e4 t\u00e4rke\u00e4mp\u00e4\u00e4 on tarkastella niiden yhteyksi\u00e4, vaikutuksia ja roolia osana koko palveluj\u00e4rjestelm\u00e4\u00e4. Tutkimusp\u00e4ivill\u00e4 kutsumme tutkijoita, kehitt\u00e4ji\u00e4 ja p\u00e4\u00e4t\u00f6ksentekij\u00f6it\u00e4 pohtimaan, miten yksitt\u00e4iset teknologiat nivoutuvat laajempiin kokonaisuuksiin, tukevat tietoperustaista johtamista ja p\u00e4\u00e4t\u00f6ksentekoa sek\u00e4 edist\u00e4v\u00e4t kest\u00e4v\u00e4\u00e4 ja vaikuttavaa\u2026","rel":"","context":"Similar post","block_context":{"text":"Similar post","link":""},"img":{"alt_text":"","src":"https:\/\/i0.wp.com\/stty.org\/wp-content\/uploads\/2025\/08\/FinJeHew-logo.png?resize=350%2C200&ssl=1","width":350,"height":200},"classes":[]},{"id":52,"url":"https:\/\/stty.org\/sv\/sttyn-tutkimuspaivat\/","url_meta":{"origin":2143,"position":2},"title":"Tutkimusp\u00e4iv\u00e4t","author":"STTY","date":"23.2.2010","format":false,"excerpt":"{:fi} Tutkimusp\u00e4iv\u00e4t Kirjoituskutsu Ohjelma Julkaisut Sosiaali- ja terveydenhuollon tietojenk\u00e4sittelyn 28. tutkimusp\u00e4iv\u00e4t 21.4.2026, Tieteiden Talo, Helsinki Tutkimusp\u00e4ivien ohjelma Tutkimusp\u00e4ivill\u00e4 esitetyt tutkimukset ja lyhytpaperit: Finnish Journal of EHealth and EWelfare, 18(2) P\u00e4\u00e4puheenvuoron kalvot \/ Harri Jalonen Pistem\u00e4isest\u00e4 kehitt\u00e4misest\u00e4 kohti kokonaisuuksien hallintaa 28. Sosiaali- ja terveydenhuollon tietojenk\u00e4sittelyn tutkimusp\u00e4iv\u00e4t ti 21.4.2026 Helsingiss\u00e4. Tutkimusp\u00e4iv\u00e4t muodostavat\u2026","rel":"","context":"In &quot;Tutkimusp\u00e4iv\u00e4t&quot;","block_context":{"text":"Tutkimusp\u00e4iv\u00e4t","link":"https:\/\/stty.org\/sv\/kategoria\/tutkimuspaivat\/"},"img":{"alt_text":"","src":"https:\/\/i0.wp.com\/stty.org\/wp-content\/uploads\/2025\/12\/Tieteiden_talo_2_Julkisivu-300x195.jpg?resize=350%2C200&ssl=1","width":350,"height":200},"classes":[]},{"id":2147,"url":"https:\/\/stty.org\/sv\/sttyn-tutkimuspaivat\/ohjelma\/","url_meta":{"origin":2143,"position":3},"title":"Tutkimusp\u00e4iv\u00e4t: Ohjelma","author":"Sivustonikkari","date":"16.12.2025","format":false,"excerpt":"Tutkimusp\u00e4iv\u00e4t Kirjoituskutsu Ohjelma Julkaisut Sosiaali- ja terveydenhuollon tietojenk\u00e4sittely -yhdistys ry: 28. Sosiaali- ja terveydenhuollon tietojenk\u00e4sittelyn tutkimusp\u00e4iv\u00e4t ti 21.4.2024 Helsingiss\u00e4. Teema: Pistem\u00e4isest\u00e4 kehitt\u00e4misest\u00e4 kohti kokonaisuuksien hallintaa. Lataa ohjelma t\u00e4st\u00e4: SoTeTiTe_ohjelma_2026-06","rel":"","context":"Similar post","block_context":{"text":"Similar post","link":""},"img":{"alt_text":"","src":"https:\/\/i0.wp.com\/stty.org\/wp-content\/uploads\/2026\/04\/sotetite-images-0-scaled.jpg?resize=350%2C200&ssl=1","width":350,"height":200,"srcset":"https:\/\/i0.wp.com\/stty.org\/wp-content\/uploads\/2026\/04\/sotetite-images-0-scaled.jpg?resize=350%2C200&ssl=1 1x, https:\/\/i0.wp.com\/stty.org\/wp-content\/uploads\/2026\/04\/sotetite-images-0-scaled.jpg?resize=525%2C300&ssl=1 1.5x, https:\/\/i0.wp.com\/stty.org\/wp-content\/uploads\/2026\/04\/sotetite-images-0-scaled.jpg?resize=700%2C400&ssl=1 2x, https:\/\/i0.wp.com\/stty.org\/wp-content\/uploads\/2026\/04\/sotetite-images-0-scaled.jpg?resize=1050%2C600&ssl=1 3x, https:\/\/i0.wp.com\/stty.org\/wp-content\/uploads\/2026\/04\/sotetite-images-0-scaled.jpg?resize=1400%2C800&ssl=1 4x"},"classes":[]},{"id":1294,"url":"https:\/\/stty.org\/sv\/stty-blogi\/stty-blogi-ajankohtaista-sote-tiedosta-missa-mennaan-kansallisesti\/","url_meta":{"origin":2143,"position":4},"title":"Ajankohtaista sote-tiedosta \u2013 miss\u00e4 menn\u00e4\u00e4n kansallisesti?","author":"Laura-Maria Peltonen","date":"11.11.2021","format":false,"excerpt":"Sosiaali- ja terveydenhuollon tietojenk\u00e4sittelyn 23. tutkimusp\u00e4iv\u00e4t (SoTeTiTe 2021) pidettiin Kuopiossa 11.11.2021. Aiheena oli \u201cYhteinen sote-tieto? - Tiedon toisiok\u00e4ytt\u00f6 ja digitalisaation vaikutukset\u201d. P\u00e4iv\u00e4t toivat yhteen sosiaali- ja terveydenhuollon informatiikan, tietotekniikan ja tiedonhallinnan tutkijoita ja asiantuntijoita eri puolilta Suomea. Tapahtumaa on j\u00e4rjestetty vuodesta 1998 alkaen. Tutkimusp\u00e4ivill\u00e4 kuultiin t\u00e4n\u00e4 vuonna keynote-puheenvuoro tiimip\u00e4\u00e4llikk\u00f6 Erja\u2026","rel":"","context":"In &quot;Blogiartikkeli&quot;","block_context":{"text":"Blogiartikkeli","link":"https:\/\/stty.org\/sv\/kategoria\/blog\/"},"img":{"alt_text":"","src":"https:\/\/i0.wp.com\/stty.org\/wp-content\/uploads\/2021\/11\/samuel-300x216.jpg?resize=350%2C200&ssl=1","width":350,"height":200},"classes":[]},{"id":2192,"url":"https:\/\/stty.org\/sv\/sttyn-tutkimuspaivat\/prekonferenssi\/","url_meta":{"origin":2143,"position":5},"title":"Prekonferenssi","author":"Sivustonikkari","date":"29.1.2026","format":false,"excerpt":"Tutkimusp\u00e4iv\u00e4t Kirjoituskutsu Ohjelma Prekonferenssi Julkaisut Sosiaali- ja terveydenhuollon tiedonhallinnan prekonferenssi jatko-opiskelijoille: (Osista rakentuva) kokonainen v\u00e4it\u00f6skirja Sosiaali- ja terveydenhuollon tiedonhallinnan tutkimusp\u00e4ivien yhteydess\u00e4 j\u00e4rjestett\u00e4v\u00e4 prekonferenssi pidet\u00e4\u00e4n maanantaina 20.4.2026 klo 12\u201316.30 Tieteiden talolla Helsingiss\u00e4. Tilaisuus on suunnattu jatko-opiskelijoille, joiden tutkimus liittyy sosiaali- ja\/tai terveydenhuollon tiedonhallintaan. Tutkimusaihe voi esimerkiksi kytkeyty\u00e4 tietojenk\u00e4sittelyss\u00e4 hy\u00f6dynnett\u00e4viin teknologioihin, tiedonhallinnan\u2026","rel":"","context":"Similar post","block_context":{"text":"Similar post","link":""},"img":{"alt_text":"","src":"","width":0,"height":0},"classes":[]}],"_links":{"self":[{"href":"https:\/\/stty.org\/sv\/wp-json\/wp\/v2\/pages\/2143","targetHints":{"allow":["GET"]}}],"collection":[{"href":"https:\/\/stty.org\/sv\/wp-json\/wp\/v2\/pages"}],"about":[{"href":"https:\/\/stty.org\/sv\/wp-json\/wp\/v2\/types\/page"}],"author":[{"embeddable":true,"href":"https:\/\/stty.org\/sv\/wp-json\/wp\/v2\/users\/1"}],"replies":[{"embeddable":true,"href":"https:\/\/stty.org\/sv\/wp-json\/wp\/v2\/comments?post=2143"}],"version-history":[{"count":9,"href":"https:\/\/stty.org\/sv\/wp-json\/wp\/v2\/pages\/2143\/revisions"}],"predecessor-version":[{"id":2248,"href":"https:\/\/stty.org\/sv\/wp-json\/wp\/v2\/pages\/2143\/revisions\/2248"}],"up":[{"embeddable":true,"href":"https:\/\/stty.org\/sv\/wp-json\/wp\/v2\/pages\/52"}],"wp:attachment":[{"href":"https:\/\/stty.org\/sv\/wp-json\/wp\/v2\/media?parent=2143"}],"wp:term":[{"taxonomy":"category","embeddable":true,"href":"https:\/\/stty.org\/sv\/wp-json\/wp\/v2\/categories?post=2143"}],"curies":[{"name":"wp","href":"https:\/\/api.w.org\/{rel}","templated":true}]}}