{"id":197,"date":"2016-02-18T11:05:08","date_gmt":"2016-02-18T11:05:08","guid":{"rendered":"https:\/\/stty.org\/2016\/02\/18\/konferenssit\/"},"modified":"2025-08-25T19:04:06","modified_gmt":"2025-08-25T16:04:06","slug":"konferenssit","status":"publish","type":"page","link":"https:\/\/stty.org\/sv\/konferenssit\/","title":{"rendered":"Konferenssit"},"content":{"rendered":"<h2><strong>International Medical Informatics Association (IMIA)<\/strong><\/h2>\n<h3><a href=\"https:\/\/imia-medinfo.org\/wp\/medinfo\/\" target=\"_blank\" rel=\"noopener\"><strong>MedInfo<\/strong><\/a><\/h3>\n<p>MedInfo on IMIA:n kahden vuoden v\u00e4lein j\u00e4rjestett\u00e4v\u00e4 terveydenhuollon tietotekniikan maailmankonferenssi.<\/p>\n<p><a href=\"https:\/\/medinfo2027.org\/\">MedInfo 2027<\/a> j\u00e4rjestet\u00e4\u00e4n Dubaissa (Yhdistyneet Arabiemiraattikunnat) 30.8.-4.9.2027.<\/p>\n<p>P\u00e4ivill\u00e4 esitetyt tieteellisten esitysten artikkelit julkaistaan konferenssin aikaan.<\/p>\n<p>MedInfo 2025 (Taipei, Taiwan) tieteelliset artikkelit: <a href=\"https:\/\/ebooks.iospress.nl\/volume\/medinfo-2025-healthcare-smart-medicine-deep-proceedings-of-the-20th-world-congress-on-medical-and-health-informatics\" target=\"_blank\">MEDINFO 2025 \u2014 Healthcare Smart \u00d7 Medicine Deep<\/a><br \/>\nMedInfo 2023 (Sydney, Australia) tieteelliset artikkelit: <a href=\"https:\/\/ebooks.iospress.nl\/volume\/medinfo-2023-the-future-is-accessible-proceedings-of-the-19th-world-congress-on-medical-and-health-informatics\">The Future Is Accessible<\/a><\/p>\n<h3><\/h3>\n<p>&nbsp;<\/p>\n<h3><strong>NI (Nursing Informatics)<\/strong><\/h3>\n<p>NI on Nursing Informatics Special Interest Group (IMIA-NI) j\u00e4rjest\u00e4m\u00e4 konferenssi.<\/p>\n<p>NI2024 pidettiin Manchesterissa (Englanti) 28.-31.8. P\u00e4ivill\u00e4 esitetyt tieteelliset artikkelit: <a href=\"https:\/\/ebooks.iospress.nl\/volume\/innovation-in-applied-nursing-informatics?_gl=1*emstlm*_up*MQ..*_ga*MzkwMDIzMDI4LjE3NDgyODU2NDE.*_ga_6N3Q0141SM*czE3NDgyODU2NDEkbzEkZzEkdDE3NDgyODU2NTEkajAkbDAkaDA.\">Innovation in Applied Nursing Informatics<\/a><\/p>\n<h2><\/h2>\n<p>&nbsp;<\/p>\n<h2><strong>European Federation for Medical Informatics (EFMI)<\/strong><\/h2>\n<h3><a href=\"https:\/\/efmi.org\/conferences-journals\/mie-confererence\/\"><strong>MIE<\/strong> (Medical Informatics Europe)<\/a><\/h3>\n<p><strong>MIE<\/strong> on EFMIn vuosittainen eurooppalainen terveydenhuollon tietotekniikan konferenssi.<\/p>\n<p><a href=\"https:\/\/efmi.org\/event\/efmi-mie-2026-genova-italy-25-28-may-2026\/\">MIE2026<\/a> j\u00e4rjestet\u00e4\u00e4n Genovassa, Italiassa 25.-28.5.2026.<\/p>\n<p>MIE2025 (Glasgow, Skotlanti; 19.-21.5.2025) tieteelliset artikkelit: <a href=\"https:\/\/ebooks.iospress.nl\/volume\/intelligent-health-systems-from-technology-to-data-and-knowledge-proceedings-of-mie-2025?_gl=1*1q7ew6o*_up*MQ..*_ga*MzkwMDIzMDI4LjE3NDgyODU2NDE.*_ga_6N3Q0141SM*czE3NDgyODU2NDEkbzEkZzEkdDE3NDgyODYyODAkajAkbDAkaDA.\">Intelligent Health Systems \u2013 From Technology to Data and Knowledge<\/a><\/p>\n<p>&nbsp;<\/p>\n<h3><a href=\"https:\/\/efmi.org\/conferences-journals\/stc-conferences\/\"><strong>Special Topic<\/strong> <strong>Conference<\/strong> (<strong>STC<\/strong>)<\/a>.<\/h3>\n<p>EFMI:n STC keskittyy vaihtuviin ajankohtaisiin teemoihin.<\/p>\n<p class=\"entry-title\"><a href=\"https:\/\/efmi.org\/2025\/02\/10\/call-for-papers-efmi-stc-20-22-oct-2025-good-evaluation-better-digital-health-in-osnabruck-germany\/\">STC 2025<\/a> j\u00e4rjestet\u00e4\u00e4n Osnabr\u00fcckiss\u00e4, Saksassa 20.-22.10.2025 teemalla <strong>Good Evaluation \u2013 Better Digital Health<\/strong><\/p>\n<p>STC 2024 (Timisoara, Romania) tieteelliset artikkelit: <a href=\"https:\/\/ebooks.iospress.nl\/volume\/collaboration-across-disciplines-for-the-health-of-people-animals-and-ecosystems-proceedings-of-the-efmi-special-topic-conference-2024?_gl=1*1r36olq*_up*MQ..*_ga*NDk1ODYzNzI5LjE3MzQ2NzcxODQ.*_ga_6N3Q0141SM*MTczNDY3NzE4NC4xLjAuMTczNDY3NzE4NC4wLjAuMA..\">Collaboration across Disciplines for the Health of People, Animals and Ecosystems<\/a><\/p>\n","protected":false},"excerpt":{"rendered":"<p>International Medical Informatics Association (IMIA) MedInfo MedInfo on IMIA:n kahden vuoden v\u00e4lein j\u00e4rjestett\u00e4v\u00e4 terveydenhuollon tietotekniikan maailmankonferenssi. MedInfo 2027 j\u00e4rjestet\u00e4\u00e4n Dubaissa (Yhdistyneet Arabiemiraattikunnat) 30.8.-4.9.2027. P\u00e4ivill\u00e4 esitetyt tieteellisten esitysten artikkelit julkaistaan konferenssin &#8230; <a title=\"Konferenssit\" class=\"read-more\" href=\"https:\/\/stty.org\/sv\/konferenssit\/\" aria-label=\"Read more about Konferenssit\">Read more<\/a><\/p>\n","protected":false},"author":2,"featured_media":0,"parent":0,"menu_order":0,"comment_status":"open","ping_status":"open","template":"","meta":{"footnotes":""},"categories":[14],"class_list":["post-197","page","type-page","status-publish","category-kansainvalisyys"],"translation":{"provider":"WPGlobus","version":"3.0.2","language":"sv","enabled_languages":["fi","en","sv"],"languages":{"fi":{"title":true,"content":true,"excerpt":false},"en":{"title":false,"content":false,"excerpt":false},"sv":{"title":false,"content":false,"excerpt":false}}},"yoast_head":"<!-- This site is optimized with the Yoast SEO plugin v27.4 - https:\/\/yoast.com\/product\/yoast-seo-wordpress\/ -->\n<title>Konferenssit - Sosiaali- ja terveydenhuollon tietojenk\u00e4sittely-yhdistys<\/title>\n<meta name=\"robots\" content=\"index, follow, max-snippet:-1, max-image-preview:large, max-video-preview:-1\" \/>\n<link rel=\"canonical\" href=\"https:\/\/stty.org\/konferenssit\/\" \/>\n<meta property=\"og:locale\" content=\"sv_SE\" \/>\n<meta property=\"og:type\" content=\"article\" \/>\n<meta property=\"og:title\" content=\"Konferenssit - Sosiaali- ja terveydenhuollon tietojenk\u00e4sittely-yhdistys\" \/>\n<meta property=\"og:url\" content=\"https:\/\/stty.org\/konferenssit\/\" \/>\n<meta property=\"og:site_name\" content=\"Sosiaali- ja terveydenhuollon tietojenk\u00e4sittely-yhdistys\" \/>\n<meta property=\"article:modified_time\" content=\"2025-08-25T16:04:06+00:00\" \/>\n<meta name=\"twitter:card\" content=\"summary_large_image\" \/>\n<meta name=\"twitter:label1\" content=\"Est. reading time\" \/>\n\t<meta name=\"twitter:data1\" content=\"1 minute\" \/>\n<script type=\"application\/ld+json\" class=\"yoast-schema-graph\">{\"@context\":\"https:\\\/\\\/schema.org\",\"@graph\":[{\"@type\":\"WebPage\",\"@id\":\"https:\\\/\\\/stty.org\\\/konferenssit\\\/\",\"url\":\"https:\\\/\\\/stty.org\\\/konferenssit\\\/\",\"name\":\"Konferenssit - Sosiaali- ja terveydenhuollon tietojenk\u00e4sittely-yhdistys\",\"isPartOf\":{\"@id\":\"https:\\\/\\\/stty.org\\\/en\\\/#website\"},\"datePublished\":\"2016-02-18T11:05:08+00:00\",\"dateModified\":\"2025-08-25T16:04:06+00:00\",\"breadcrumb\":{\"@id\":\"https:\\\/\\\/stty.org\\\/konferenssit\\\/#breadcrumb\"},\"inLanguage\":\"sv-SE\",\"potentialAction\":[{\"@type\":\"ReadAction\",\"target\":[\"https:\\\/\\\/stty.org\\\/konferenssit\\\/\"]}]},{\"@type\":\"BreadcrumbList\",\"@id\":\"https:\\\/\\\/stty.org\\\/konferenssit\\\/#breadcrumb\",\"itemListElement\":[{\"@type\":\"ListItem\",\"position\":1,\"name\":\"Etusivu\",\"item\":\"https:\\\/\\\/stty.org\\\/\"},{\"@type\":\"ListItem\",\"position\":2,\"name\":\"Konferenssit\"}]},{\"@type\":\"WebSite\",\"@id\":\"https:\\\/\\\/stty.org\\\/en\\\/#website\",\"url\":\"https:\\\/\\\/stty.org\\\/en\\\/\",\"name\":\"Sosiaali- ja terveydenhuollon tietojenk\u00e4sittely-yhdistys\",\"description\":\"F\u00f6reningen f\u00f6r informationsbehandling inom social- och h\u00e4lsov\u00e5rden rf Finnish Social and Health Informatics Association\",\"publisher\":{\"@id\":\"https:\\\/\\\/stty.org\\\/en\\\/#organization\"},\"potentialAction\":[{\"@type\":\"SearchAction\",\"target\":{\"@type\":\"EntryPoint\",\"urlTemplate\":\"https:\\\/\\\/stty.org\\\/en\\\/?s={search_term_string}\"},\"query-input\":{\"@type\":\"PropertyValueSpecification\",\"valueRequired\":true,\"valueName\":\"search_term_string\"}}],\"inLanguage\":\"sv-SE\"},{\"@type\":\"Organization\",\"@id\":\"https:\\\/\\\/stty.org\\\/en\\\/#organization\",\"name\":\"Sosiaali- ja terveydenhuollon tietojenk\u00e4sittely-yhdistys\",\"url\":\"https:\\\/\\\/stty.org\\\/en\\\/\",\"logo\":{\"@type\":\"ImageObject\",\"inLanguage\":\"sv-SE\",\"@id\":\"https:\\\/\\\/stty.org\\\/en\\\/#\\\/schema\\\/logo\\\/image\\\/\",\"url\":\"https:\\\/\\\/stty.org\\\/wp-content\\\/uploads\\\/2020\\\/07\\\/STTY_logo1.jpg\",\"contentUrl\":\"https:\\\/\\\/stty.org\\\/wp-content\\\/uploads\\\/2020\\\/07\\\/STTY_logo1.jpg\",\"width\":198,\"height\":105,\"caption\":\"Sosiaali- ja terveydenhuollon tietojenk\u00e4sittely-yhdistys\"},\"image\":{\"@id\":\"https:\\\/\\\/stty.org\\\/en\\\/#\\\/schema\\\/logo\\\/image\\\/\"}}]}<\/script>\n<!-- \/ Yoast SEO plugin. -->","yoast_head_json":{"title":"Konferenssit - Sosiaali- ja terveydenhuollon tietojenk\u00e4sittely-yhdistys","robots":{"index":"index","follow":"follow","max-snippet":"max-snippet:-1","max-image-preview":"max-image-preview:large","max-video-preview":"max-video-preview:-1"},"canonical":"https:\/\/stty.org\/konferenssit\/","og_locale":"sv_SE","og_type":"article","og_title":"Konferenssit - Sosiaali- ja terveydenhuollon tietojenk\u00e4sittely-yhdistys","og_url":"https:\/\/stty.org\/konferenssit\/","og_site_name":"Sosiaali- ja terveydenhuollon tietojenk\u00e4sittely-yhdistys","article_modified_time":"2025-08-25T16:04:06+00:00","twitter_card":"summary_large_image","twitter_misc":{"Est. reading time":"1 minute"},"schema":{"@context":"https:\/\/schema.org","@graph":[{"@type":"WebPage","@id":"https:\/\/stty.org\/konferenssit\/","url":"https:\/\/stty.org\/konferenssit\/","name":"Konferenssit - Sosiaali- ja terveydenhuollon tietojenk\u00e4sittely-yhdistys","isPartOf":{"@id":"https:\/\/stty.org\/en\/#website"},"datePublished":"2016-02-18T11:05:08+00:00","dateModified":"2025-08-25T16:04:06+00:00","breadcrumb":{"@id":"https:\/\/stty.org\/konferenssit\/#breadcrumb"},"inLanguage":"sv-SE","potentialAction":[{"@type":"ReadAction","target":["https:\/\/stty.org\/konferenssit\/"]}]},{"@type":"BreadcrumbList","@id":"https:\/\/stty.org\/konferenssit\/#breadcrumb","itemListElement":[{"@type":"ListItem","position":1,"name":"Etusivu","item":"https:\/\/stty.org\/"},{"@type":"ListItem","position":2,"name":"Konferenssit"}]},{"@type":"WebSite","@id":"https:\/\/stty.org\/en\/#website","url":"https:\/\/stty.org\/en\/","name":"Sosiaali- ja terveydenhuollon tietojenk\u00e4sittely-yhdistys","description":"F\u00f6reningen f\u00f6r informationsbehandling inom social- och h\u00e4lsov\u00e5rden rf Finnish Social and Health Informatics Association","publisher":{"@id":"https:\/\/stty.org\/en\/#organization"},"potentialAction":[{"@type":"SearchAction","target":{"@type":"EntryPoint","urlTemplate":"https:\/\/stty.org\/en\/?s={search_term_string}"},"query-input":{"@type":"PropertyValueSpecification","valueRequired":true,"valueName":"search_term_string"}}],"inLanguage":"sv-SE"},{"@type":"Organization","@id":"https:\/\/stty.org\/en\/#organization","name":"Sosiaali- ja terveydenhuollon tietojenk\u00e4sittely-yhdistys","url":"https:\/\/stty.org\/en\/","logo":{"@type":"ImageObject","inLanguage":"sv-SE","@id":"https:\/\/stty.org\/en\/#\/schema\/logo\/image\/","url":"https:\/\/stty.org\/wp-content\/uploads\/2020\/07\/STTY_logo1.jpg","contentUrl":"https:\/\/stty.org\/wp-content\/uploads\/2020\/07\/STTY_logo1.jpg","width":198,"height":105,"caption":"Sosiaali- ja terveydenhuollon tietojenk\u00e4sittely-yhdistys"},"image":{"@id":"https:\/\/stty.org\/en\/#\/schema\/logo\/image\/"}}]}},"jetpack_sharing_enabled":true,"jetpack-related-posts":[{"id":2141,"url":"https:\/\/stty.org\/sv\/sttyn-tutkimuspaivat\/kirjoituskutsu\/","url_meta":{"origin":197,"position":0},"title":"Tutkimusp\u00e4iv\u00e4t: Kirjoituskutsu","author":"Sivustonikkari","date":"16.12.2025","format":false,"excerpt":"Tutkimusp\u00e4iv\u00e4t Kirjoituskutsu Ohjelma Prekonferenssi Julkaisut Sosiaali- ja terveydenhuollon teknologioita kehitet\u00e4\u00e4n usein erillisin\u00e4 ratkaisuina yksitt\u00e4isiin tarpeisiin, mutta yh\u00e4 t\u00e4rke\u00e4mp\u00e4\u00e4 on tarkastella niiden yhteyksi\u00e4, vaikutuksia ja roolia osana koko palveluj\u00e4rjestelm\u00e4\u00e4. Tutkimusp\u00e4ivill\u00e4 kutsumme tutkijoita, kehitt\u00e4ji\u00e4 ja p\u00e4\u00e4t\u00f6ksentekij\u00f6it\u00e4 pohtimaan, miten yksitt\u00e4iset teknologiat nivoutuvat laajempiin kokonaisuuksiin, tukevat tietoperustaista johtamista ja p\u00e4\u00e4t\u00f6ksentekoa sek\u00e4 edist\u00e4v\u00e4t kest\u00e4v\u00e4\u00e4 ja\u2026","rel":"","context":"Similar post","block_context":{"text":"Similar post","link":""},"img":{"alt_text":"","src":"https:\/\/i0.wp.com\/stty.org\/wp-content\/uploads\/2025\/08\/FinJeHew-logo.png?resize=350%2C200&ssl=1","width":350,"height":200},"classes":[]},{"id":44,"url":"https:\/\/stty.org\/sv\/sttyn-kansainvalinen-toiminta\/","url_meta":{"origin":197,"position":1},"title":"Kansainv\u00e4linen toiminta","author":"STTY","date":"28.10.2020","format":false,"excerpt":"STTY on Suomen edustaja terveydenhuollon tietotekniikan kansainv\u00e4lisess\u00e4 kattoj\u00e4rjest\u00f6ss\u00e4 International Medical Informatics Association (IMIA)\u00a0sek\u00e4 eurooppan kattoj\u00e4rjest\u00f6ss\u00e4 European Federation for Medical Informatics\u00a0 (EFMI). Tarkoituksena on laajentaa kansainv\u00e4list\u00e4 toimintaa my\u00f6s sosiaalialan vastaaviin j\u00e4rjest\u00f6ihin Human Services Information Technology Applications\u00a0(HUSITA) ja European Network for Information Technology and Human Services (ENITH). STTY:n edustajat * IMIA General\u2026","rel":"","context":"In &quot;Uutiset&quot;","block_context":{"text":"Uutiset","link":"https:\/\/stty.org\/sv\/kategoria\/uutiset\/"},"img":{"alt_text":"","src":"","width":0,"height":0},"classes":[]},{"id":2192,"url":"https:\/\/stty.org\/sv\/sttyn-tutkimuspaivat\/prekonferenssi\/","url_meta":{"origin":197,"position":2},"title":"Prekonferenssi","author":"Sivustonikkari","date":"29.1.2026","format":false,"excerpt":"Tutkimusp\u00e4iv\u00e4t Kirjoituskutsu Ohjelma Prekonferenssi Julkaisut Sosiaali- ja terveydenhuollon tiedonhallinnan prekonferenssi jatko-opiskelijoille: (Osista rakentuva) kokonainen v\u00e4it\u00f6skirja Sosiaali- ja terveydenhuollon tiedonhallinnan tutkimusp\u00e4ivien yhteydess\u00e4 j\u00e4rjestett\u00e4v\u00e4 prekonferenssi pidet\u00e4\u00e4n maanantaina 20.4.2026 klo 12\u201316.30 Tieteiden talolla Helsingiss\u00e4. Tilaisuus on suunnattu jatko-opiskelijoille, joiden tutkimus liittyy sosiaali- ja\/tai terveydenhuollon tiedonhallintaan. Tutkimusaihe voi esimerkiksi kytkeyty\u00e4 tietojenk\u00e4sittelyss\u00e4 hy\u00f6dynnett\u00e4viin teknologioihin, tiedonhallinnan\u2026","rel":"","context":"Similar post","block_context":{"text":"Similar post","link":""},"img":{"alt_text":"","src":"","width":0,"height":0},"classes":[]},{"id":1294,"url":"https:\/\/stty.org\/sv\/stty-blogi\/stty-blogi-ajankohtaista-sote-tiedosta-missa-mennaan-kansallisesti\/","url_meta":{"origin":197,"position":3},"title":"Ajankohtaista sote-tiedosta \u2013 miss\u00e4 menn\u00e4\u00e4n kansallisesti?","author":"Laura-Maria Peltonen","date":"11.11.2021","format":false,"excerpt":"Sosiaali- ja terveydenhuollon tietojenk\u00e4sittelyn 23. tutkimusp\u00e4iv\u00e4t (SoTeTiTe 2021) pidettiin Kuopiossa 11.11.2021. Aiheena oli \u201cYhteinen sote-tieto? - Tiedon toisiok\u00e4ytt\u00f6 ja digitalisaation vaikutukset\u201d. P\u00e4iv\u00e4t toivat yhteen sosiaali- ja terveydenhuollon informatiikan, tietotekniikan ja tiedonhallinnan tutkijoita ja asiantuntijoita eri puolilta Suomea. Tapahtumaa on j\u00e4rjestetty vuodesta 1998 alkaen. Tutkimusp\u00e4ivill\u00e4 kuultiin t\u00e4n\u00e4 vuonna keynote-puheenvuoro tiimip\u00e4\u00e4llikk\u00f6 Erja\u2026","rel":"","context":"In &quot;Blogiartikkeli&quot;","block_context":{"text":"Blogiartikkeli","link":"https:\/\/stty.org\/sv\/kategoria\/blog\/"},"img":{"alt_text":"","src":"https:\/\/i0.wp.com\/stty.org\/wp-content\/uploads\/2021\/11\/samuel-300x216.jpg?resize=350%2C200&ssl=1","width":350,"height":200},"classes":[]},{"id":182,"url":"https:\/\/stty.org\/sv\/","url_meta":{"origin":197,"position":4},"title":"Sosiaali- ja terveydenhuollon tietojenk\u00e4sittely-yhdistys","author":"STTY","date":"20.10.2015","format":false,"excerpt":"{:fi}Yhdistyksen toiminnan p\u00e4\u00e4tavoitteena on sek\u00e4 kansainv\u00e4listen ett\u00e4 kansallisten yhteyksien yll\u00e4pito sosiaali- ja terveydenhuollon tietotekniikan ja tiedonhallinnan toimijoiden kesken. Kansallisesti STTY pyrkii olemaan laajassa yhteisty\u00f6ss\u00e4 alan eri j\u00e4rjest\u00f6jen kanssa. Yhdistys pyrkii my\u00f6s j\u00e4rjest\u00e4m\u00e4\u00e4n j\u00e4sentapaamisia ja tutustumisk\u00e4yntej\u00e4 yrityksiin sek\u00e4 sosiaali- ja terveydenhuollon hankkeisiin. STTY j\u00e4rjest\u00e4\u00e4 vuosittain Sosiaali- ja terveydenhuollon tietotekniikan ja tiedonhallinnan\u2026","rel":"","context":"In &quot;Etusivu&quot;","block_context":{"text":"Etusivu","link":"https:\/\/stty.org\/sv\/kategoria\/etusivu\/"},"img":{"alt_text":"FinJeHeW logo","src":"https:\/\/i0.wp.com\/journal.fi\/public\/journals\/25\/pageHeaderLogoImage_en_US.png?resize=350%2C200&ssl=1","width":350,"height":200},"classes":[]},{"id":2143,"url":"https:\/\/stty.org\/sv\/sttyn-tutkimuspaivat\/sotetite-julkaisut\/","url_meta":{"origin":197,"position":5},"title":"Tutkimusp\u00e4iv\u00e4t: Aikaisempien vuosien julkaisut","author":"Sivustonikkari","date":"16.12.2025","format":false,"excerpt":"Tutkimusp\u00e4iv\u00e4t Kirjoituskutsu Ohjelma Prekonferenssi Julkaisut Sosiaali- ja terveydenhuollon tietotekniikan ja tiedonhallinnan tutkimusp\u00e4ivien tutkimusjulkaisut 2002- Tutkimuspaperit 2025 (FinJeHeW Vol 17, No 2, 2025) Tutkimuspaperit 2024 (FinJeHeW Vol 16, No 2, 2024) Tutkimuspaperit 2023 (FinJeHeW Vol 15, No 2, 2023) Tutkimuspaperit 2022 (FinJeHeW Vol 14, No 2, 2022) Tutkimuspaperit 2021 (FinJeHeW Vol\u2026","rel":"","context":"Similar post","block_context":{"text":"Similar post","link":""},"img":{"alt_text":"","src":"https:\/\/i0.wp.com\/stty.org\/wp-content\/uploads\/2025\/08\/FinJeHew-logo.png?resize=350%2C200&ssl=1","width":350,"height":200},"classes":[]}],"_links":{"self":[{"href":"https:\/\/stty.org\/sv\/wp-json\/wp\/v2\/pages\/197","targetHints":{"allow":["GET"]}}],"collection":[{"href":"https:\/\/stty.org\/sv\/wp-json\/wp\/v2\/pages"}],"about":[{"href":"https:\/\/stty.org\/sv\/wp-json\/wp\/v2\/types\/page"}],"author":[{"embeddable":true,"href":"https:\/\/stty.org\/sv\/wp-json\/wp\/v2\/users\/2"}],"replies":[{"embeddable":true,"href":"https:\/\/stty.org\/sv\/wp-json\/wp\/v2\/comments?post=197"}],"version-history":[{"count":16,"href":"https:\/\/stty.org\/sv\/wp-json\/wp\/v2\/pages\/197\/revisions"}],"predecessor-version":[{"id":2114,"href":"https:\/\/stty.org\/sv\/wp-json\/wp\/v2\/pages\/197\/revisions\/2114"}],"wp:attachment":[{"href":"https:\/\/stty.org\/sv\/wp-json\/wp\/v2\/media?parent=197"}],"wp:term":[{"taxonomy":"category","embeddable":true,"href":"https:\/\/stty.org\/sv\/wp-json\/wp\/v2\/categories?post=197"}],"curies":[{"name":"wp","href":"https:\/\/api.w.org\/{rel}","templated":true}]}}