{"id":1389,"date":"2022-01-12T17:01:00","date_gmt":"2022-01-12T15:01:00","guid":{"rendered":"https:\/\/stty.org\/?page_id=1389"},"modified":"2024-12-03T12:43:55","modified_gmt":"2024-12-03T10:43:55","slug":"yhdistyksen-kokoukset","status":"publish","type":"page","link":"https:\/\/stty.org\/sv\/yhdistyksen-kokoukset\/","title":{"rendered":"Yhdistyksen kokoukset"},"content":{"rendered":"<p><strong>Kokoukset 2024<\/strong><\/p>\n<p><a href=\"https:\/\/stty.org\/wp-content\/uploads\/2024\/12\/Syyskokouksen-poytakirja_27112024_allekirjoitettu.pdf\">Syyskokouksen p\u00f6yt\u00e4kirja_27112024_allekirjoitettu<\/a><\/p>\n<p><a href=\"https:\/\/stty.org\/wp-content\/uploads\/2024\/10\/Syyskokous_2024_asialista-1.pdf\">Syyskokous_2024_asialista<\/a><\/p>\n<p><a href=\"https:\/\/stty.org\/wp-content\/uploads\/2024\/04\/Kevatkokous_STTY_asialista_2024.pdf\">Kev\u00e4tkokous_STTY_asialista_2024<\/a><\/p>\n<p><strong>Kokoukset 2023<\/strong><\/p>\n<p><a href=\"https:\/\/stty.org\/wp-content\/uploads\/2024\/04\/Syyskokous_allekirjoitettu-poytakirja_2023.pdf\">Syyskokous_allekirjoitettu p\u00f6yt\u00e4kirja_2023<\/a><\/p>\n<p><a href=\"https:\/\/stty.org\/wp-content\/uploads\/2023\/12\/Syyskokous_2023_asialista.pdf\">Syyskokous_2023_asialista<\/a><\/p>\n<p><a href=\"https:\/\/stty.org\/wp-content\/uploads\/2023\/06\/kevatkokouksen-poytakirja_30052023_allekijoitettu.pdf\">kevatkokouksen p\u00f6yt\u00e4kirja_30052023_allekirjoitettu<\/a><\/p>\n<p><a href=\"https:\/\/stty.org\/wp-content\/uploads\/2023\/06\/Kevatkokous_STTY_asialista_2023.pdf\">Kev\u00e4tkokous_STTY_asialista_2023<\/a><\/p>\n<p><strong>Kokoukset 2022<\/strong><\/p>\n<p><a href=\"https:\/\/stty.org\/wp-content\/uploads\/2024\/10\/Syyskokous_2022_poytakirja.pdf\">Syyskokous_2022_p\u00f6yt\u00e4kirja<\/a><\/p>\n<p><a href=\"https:\/\/stty.org\/wp-content\/uploads\/2024\/10\/Syyskokous_2022_asialista.pdf\">Syyskokous_2022_asialista<\/a><\/p>\n<p><a href=\"https:\/\/stty.org\/wp-content\/uploads\/2022\/05\/Kevatkokous_poytakirja_09052022_allekirjoitettu.pdf\">Kev\u00e4tkokous_p\u00f6yt\u00e4kirja_09052022_allekirjoitettu<\/a><\/p>\n<p><a href=\"https:\/\/stty.org\/wp-content\/uploads\/2022\/04\/STTY-kevatkokous2022-esityslista.pdf\">STTY-kev\u00e4tkokous2022-esityslista<\/a><\/p>\n<p><strong>Kokoukset 2021<\/strong><\/p>\n<p><a href=\"https:\/\/stty.org\/wp-content\/uploads\/2022\/01\/Syyskokous-poytakirja-081221.pdf\">Syyskokous p\u00f6yt\u00e4kirja 081221<\/a><\/p>\n<p><a href=\"https:\/\/stty.org\/wp-content\/uploads\/2022\/01\/Syyskokous-2021-asialista.pdf\">Syyskokous 2021 asialista<\/a><\/p>\n<p><a href=\"https:\/\/stty.org\/wp-content\/uploads\/2022\/01\/kevatkokouksen-poytakirja-31052021.pdf\">kev\u00e4tkokouksen p\u00f6yt\u00e4kirja 31052021<\/a><\/p>\n<p><a href=\"https:\/\/stty.org\/wp-content\/uploads\/2022\/01\/Kevatkokous-2021-asialista.pdf\">Kev\u00e4tkokous 2021 asialista<\/a><\/p>\n<p><strong>Kokoukset 2020<\/strong><\/p>\n<p><a href=\"https:\/\/stty.org\/wp-content\/uploads\/2022\/01\/syyskokouksen-poytakirja-02122020.pdf\">syyskokouksen p\u00f6yt\u00e4kirja 02122020<\/a><\/p>\n<p><a href=\"https:\/\/stty.org\/wp-content\/uploads\/2022\/01\/Syyskokous2020asialista.pdf\">Syyskokous2020asialista<\/a><\/p>\n<p><a href=\"https:\/\/stty.org\/wp-content\/uploads\/2022\/01\/keva\u0308tkokouksen-poytakirja_15062020.pdf\">keva\u0308tkokouksen p\u00f6yt\u00e4kirja_15062020<\/a><\/p>\n<p><a href=\"https:\/\/stty.org\/wp-content\/uploads\/2022\/01\/keva\u0308tkokouksen-asialista-2020.pdf\">keva\u0308tkokouksen asialista 2020<\/a><\/p>\n<p><strong>Kokoukset 2019<\/strong><\/p>\n<p><a href=\"https:\/\/stty.org\/wp-content\/uploads\/2022\/01\/Syyskokous_20112019_poytakirja.pdf\">Syyskokous_20112019_poytakirja<\/a><\/p>\n<p><a href=\"https:\/\/stty.org\/wp-content\/uploads\/2022\/01\/Syyskokous2019asialista.pdf\">Syyskokous2019asialista<\/a><\/p>\n<p><a href=\"https:\/\/stty.org\/wp-content\/uploads\/2022\/01\/keva\u0308tkokouksen-poytakirja_06052019.pdf\">keva\u0308tkokouksen p\u00f6yt\u00e4kirja_06052019<\/a><\/p>\n<p><a href=\"https:\/\/stty.org\/wp-content\/uploads\/2022\/01\/keva\u0308tkokouksenasialista2019.pdf\">keva\u0308tkokouksenasialista2019<\/a><\/p>\n","protected":false},"excerpt":{"rendered":"<p>Kokoukset 2024 Syyskokouksen p\u00f6yt\u00e4kirja_27112024_allekirjoitettu Syyskokous_2024_asialista Kev\u00e4tkokous_STTY_asialista_2024 Kokoukset 2023 Syyskokous_allekirjoitettu p\u00f6yt\u00e4kirja_2023 Syyskokous_2023_asialista kevatkokouksen p\u00f6yt\u00e4kirja_30052023_allekirjoitettu Kev\u00e4tkokous_STTY_asialista_2023 Kokoukset 2022 Syyskokous_2022_p\u00f6yt\u00e4kirja Syyskokous_2022_asialista Kev\u00e4tkokous_p\u00f6yt\u00e4kirja_09052022_allekirjoitettu STTY-kev\u00e4tkokous2022-esityslista Kokoukset 2021 Syyskokous p\u00f6yt\u00e4kirja 081221 Syyskokous 2021 asialista kev\u00e4tkokouksen p\u00f6yt\u00e4kirja &#8230; <a title=\"Yhdistyksen kokoukset\" class=\"read-more\" href=\"https:\/\/stty.org\/sv\/yhdistyksen-kokoukset\/\" aria-label=\"Read more about Yhdistyksen kokoukset\">Read more<\/a><\/p>\n","protected":false},"author":20,"featured_media":0,"parent":0,"menu_order":0,"comment_status":"closed","ping_status":"closed","template":"","meta":{"footnotes":""},"categories":[],"class_list":["post-1389","page","type-page","status-publish"],"translation":{"provider":"WPGlobus","version":"3.0.2","language":"sv","enabled_languages":["fi","en","sv"],"languages":{"fi":{"title":true,"content":true,"excerpt":false},"en":{"title":false,"content":false,"excerpt":false},"sv":{"title":false,"content":false,"excerpt":false}}},"yoast_head":"<!-- This site is optimized with the Yoast SEO plugin v27.4 - https:\/\/yoast.com\/product\/yoast-seo-wordpress\/ -->\n<title>Yhdistyksen kokoukset - Sosiaali- ja terveydenhuollon tietojenk\u00e4sittely-yhdistys<\/title>\n<meta name=\"robots\" content=\"index, follow, max-snippet:-1, max-image-preview:large, max-video-preview:-1\" \/>\n<link rel=\"canonical\" href=\"https:\/\/stty.org\/yhdistyksen-kokoukset\/\" \/>\n<meta property=\"og:locale\" content=\"sv_SE\" \/>\n<meta property=\"og:type\" content=\"article\" \/>\n<meta property=\"og:title\" content=\"Yhdistyksen kokoukset - Sosiaali- ja terveydenhuollon tietojenk\u00e4sittely-yhdistys\" \/>\n<meta property=\"og:url\" content=\"https:\/\/stty.org\/yhdistyksen-kokoukset\/\" \/>\n<meta property=\"og:site_name\" content=\"Sosiaali- ja terveydenhuollon tietojenk\u00e4sittely-yhdistys\" \/>\n<meta property=\"article:modified_time\" content=\"2024-12-03T10:43:55+00:00\" \/>\n<meta name=\"twitter:card\" content=\"summary_large_image\" \/>\n<meta name=\"twitter:label1\" content=\"Est. reading time\" \/>\n\t<meta name=\"twitter:data1\" content=\"1 minute\" \/>\n<script type=\"application\/ld+json\" class=\"yoast-schema-graph\">{\"@context\":\"https:\\\/\\\/schema.org\",\"@graph\":[{\"@type\":\"WebPage\",\"@id\":\"https:\\\/\\\/stty.org\\\/yhdistyksen-kokoukset\\\/\",\"url\":\"https:\\\/\\\/stty.org\\\/yhdistyksen-kokoukset\\\/\",\"name\":\"Yhdistyksen kokoukset - Sosiaali- ja terveydenhuollon tietojenk\u00e4sittely-yhdistys\",\"isPartOf\":{\"@id\":\"https:\\\/\\\/stty.org\\\/en\\\/#website\"},\"datePublished\":\"2022-01-12T15:01:00+00:00\",\"dateModified\":\"2024-12-03T10:43:55+00:00\",\"breadcrumb\":{\"@id\":\"https:\\\/\\\/stty.org\\\/yhdistyksen-kokoukset\\\/#breadcrumb\"},\"inLanguage\":\"sv-SE\",\"potentialAction\":[{\"@type\":\"ReadAction\",\"target\":[\"https:\\\/\\\/stty.org\\\/yhdistyksen-kokoukset\\\/\"]}]},{\"@type\":\"BreadcrumbList\",\"@id\":\"https:\\\/\\\/stty.org\\\/yhdistyksen-kokoukset\\\/#breadcrumb\",\"itemListElement\":[{\"@type\":\"ListItem\",\"position\":1,\"name\":\"Etusivu\",\"item\":\"https:\\\/\\\/stty.org\\\/\"},{\"@type\":\"ListItem\",\"position\":2,\"name\":\"Yhdistyksen kokoukset\"}]},{\"@type\":\"WebSite\",\"@id\":\"https:\\\/\\\/stty.org\\\/en\\\/#website\",\"url\":\"https:\\\/\\\/stty.org\\\/en\\\/\",\"name\":\"Sosiaali- ja terveydenhuollon tietojenk\u00e4sittely-yhdistys\",\"description\":\"F\u00f6reningen f\u00f6r informationsbehandling inom social- och h\u00e4lsov\u00e5rden rf Finnish Social and Health Informatics Association\",\"publisher\":{\"@id\":\"https:\\\/\\\/stty.org\\\/en\\\/#organization\"},\"potentialAction\":[{\"@type\":\"SearchAction\",\"target\":{\"@type\":\"EntryPoint\",\"urlTemplate\":\"https:\\\/\\\/stty.org\\\/en\\\/?s={search_term_string}\"},\"query-input\":{\"@type\":\"PropertyValueSpecification\",\"valueRequired\":true,\"valueName\":\"search_term_string\"}}],\"inLanguage\":\"sv-SE\"},{\"@type\":\"Organization\",\"@id\":\"https:\\\/\\\/stty.org\\\/en\\\/#organization\",\"name\":\"Sosiaali- ja terveydenhuollon tietojenk\u00e4sittely-yhdistys\",\"url\":\"https:\\\/\\\/stty.org\\\/en\\\/\",\"logo\":{\"@type\":\"ImageObject\",\"inLanguage\":\"sv-SE\",\"@id\":\"https:\\\/\\\/stty.org\\\/en\\\/#\\\/schema\\\/logo\\\/image\\\/\",\"url\":\"https:\\\/\\\/stty.org\\\/wp-content\\\/uploads\\\/2020\\\/07\\\/STTY_logo1.jpg\",\"contentUrl\":\"https:\\\/\\\/stty.org\\\/wp-content\\\/uploads\\\/2020\\\/07\\\/STTY_logo1.jpg\",\"width\":198,\"height\":105,\"caption\":\"Sosiaali- ja terveydenhuollon tietojenk\u00e4sittely-yhdistys\"},\"image\":{\"@id\":\"https:\\\/\\\/stty.org\\\/en\\\/#\\\/schema\\\/logo\\\/image\\\/\"}}]}<\/script>\n<!-- \/ Yoast SEO plugin. -->","yoast_head_json":{"title":"Yhdistyksen kokoukset - Sosiaali- ja terveydenhuollon tietojenk\u00e4sittely-yhdistys","robots":{"index":"index","follow":"follow","max-snippet":"max-snippet:-1","max-image-preview":"max-image-preview:large","max-video-preview":"max-video-preview:-1"},"canonical":"https:\/\/stty.org\/yhdistyksen-kokoukset\/","og_locale":"sv_SE","og_type":"article","og_title":"Yhdistyksen kokoukset - Sosiaali- ja terveydenhuollon tietojenk\u00e4sittely-yhdistys","og_url":"https:\/\/stty.org\/yhdistyksen-kokoukset\/","og_site_name":"Sosiaali- ja terveydenhuollon tietojenk\u00e4sittely-yhdistys","article_modified_time":"2024-12-03T10:43:55+00:00","twitter_card":"summary_large_image","twitter_misc":{"Est. reading time":"1 minute"},"schema":{"@context":"https:\/\/schema.org","@graph":[{"@type":"WebPage","@id":"https:\/\/stty.org\/yhdistyksen-kokoukset\/","url":"https:\/\/stty.org\/yhdistyksen-kokoukset\/","name":"Yhdistyksen kokoukset - Sosiaali- ja terveydenhuollon tietojenk\u00e4sittely-yhdistys","isPartOf":{"@id":"https:\/\/stty.org\/en\/#website"},"datePublished":"2022-01-12T15:01:00+00:00","dateModified":"2024-12-03T10:43:55+00:00","breadcrumb":{"@id":"https:\/\/stty.org\/yhdistyksen-kokoukset\/#breadcrumb"},"inLanguage":"sv-SE","potentialAction":[{"@type":"ReadAction","target":["https:\/\/stty.org\/yhdistyksen-kokoukset\/"]}]},{"@type":"BreadcrumbList","@id":"https:\/\/stty.org\/yhdistyksen-kokoukset\/#breadcrumb","itemListElement":[{"@type":"ListItem","position":1,"name":"Etusivu","item":"https:\/\/stty.org\/"},{"@type":"ListItem","position":2,"name":"Yhdistyksen kokoukset"}]},{"@type":"WebSite","@id":"https:\/\/stty.org\/en\/#website","url":"https:\/\/stty.org\/en\/","name":"Sosiaali- ja terveydenhuollon tietojenk\u00e4sittely-yhdistys","description":"F\u00f6reningen f\u00f6r informationsbehandling inom social- och h\u00e4lsov\u00e5rden rf Finnish Social and Health Informatics Association","publisher":{"@id":"https:\/\/stty.org\/en\/#organization"},"potentialAction":[{"@type":"SearchAction","target":{"@type":"EntryPoint","urlTemplate":"https:\/\/stty.org\/en\/?s={search_term_string}"},"query-input":{"@type":"PropertyValueSpecification","valueRequired":true,"valueName":"search_term_string"}}],"inLanguage":"sv-SE"},{"@type":"Organization","@id":"https:\/\/stty.org\/en\/#organization","name":"Sosiaali- ja terveydenhuollon tietojenk\u00e4sittely-yhdistys","url":"https:\/\/stty.org\/en\/","logo":{"@type":"ImageObject","inLanguage":"sv-SE","@id":"https:\/\/stty.org\/en\/#\/schema\/logo\/image\/","url":"https:\/\/stty.org\/wp-content\/uploads\/2020\/07\/STTY_logo1.jpg","contentUrl":"https:\/\/stty.org\/wp-content\/uploads\/2020\/07\/STTY_logo1.jpg","width":198,"height":105,"caption":"Sosiaali- ja terveydenhuollon tietojenk\u00e4sittely-yhdistys"},"image":{"@id":"https:\/\/stty.org\/en\/#\/schema\/logo\/image\/"}}]}},"jetpack_sharing_enabled":true,"jetpack-related-posts":[{"id":585,"url":"https:\/\/stty.org\/sv\/yhdistyksen-saannot\/","url_meta":{"origin":1389,"position":0},"title":"Yhdistyksen s\u00e4\u00e4nn\u00f6t","author":"Alpo.Varri@tuni.fi","date":"9.11.2020","format":false,"excerpt":"STTY:n s\u00e4\u00e4nn\u00f6t \u2013 s\u00e4\u00e4nt\u00f6muutos rekister\u00f6ity 21.7.2017 Muutos hyv\u00e4ksytty yhdistyksen kokouksissa\u00a024.11.2016\u00a0ja 22.5.2017 Yhdistyksen nimi, kotipaikka ja tarkoitus 1 \u00a7 Yhdistyksen nimi on Sosiaali- ja terveydenhuollon tietojenk\u00e4sittely-yhdistys ry., F\u00f6reningen f\u00f6r informationsbehandling inom social- och h\u00e4lsov\u00e5rden rf., ja kansainv\u00e4lisiss\u00e4 yhteyksiss\u00e4 yhdistyksen ep\u00e4virallinen englanninkielinen nimi on Finnish Social and Health Informatics Association. Yhdistyksen kotipaikkana\u2026","rel":"","context":"Similar post","block_context":{"text":"Similar post","link":""},"img":{"alt_text":"","src":"","width":0,"height":0},"classes":[]},{"id":831,"url":"https:\/\/stty.org\/sv\/hallituksen-kokoukset-2020\/","url_meta":{"origin":1389,"position":1},"title":"Hallituksen kokoukset 2020","author":"Alpo.Varri@tuni.fi","date":"18.12.2020","format":false,"excerpt":"T\u00e4\u00e4lt\u00e4 l\u00f6ytyv\u00e4t hallituksen kokousten muistiot vuodelta 2020. Hallituksen_muistio_10.06.2020 Hallituksen_muistio_18.05.2020 STTY_Hallituksen_kokous220420MUISTIO STTY_Hallituksen_kokous230320MUISTIO Hallituksen_muistio_19.02.2020 STTY_Hallituksen_kokous150120MUISTIO","rel":"","context":"In &quot;Uutiset&quot;","block_context":{"text":"Uutiset","link":"https:\/\/stty.org\/sv\/kategoria\/uutiset\/"},"img":{"alt_text":"","src":"","width":0,"height":0},"classes":[]},{"id":836,"url":"https:\/\/stty.org\/sv\/hallituksen-kokoukset-2019\/","url_meta":{"origin":1389,"position":2},"title":"Hallituksen kokoukset 2019","author":"Alpo.Varri@tuni.fi","date":"18.12.2020","format":false,"excerpt":"T\u00e4lt\u00e4 sivulta l\u00f6ytyv\u00e4t hallituksen kokousten muistiot vuodelta 2019 Hallituksen_muistio_11.12.2019 Hallituksen_muistio_21.10.2019 Hallituksen_muistio_10.09.2019 Hallituksen_muistio_17.06.2019 Hallituksen_muistio_27.03.2019 Hallituksen_muistio_27.02.2019 Hallituksen_muistio_21.01.2019","rel":"","context":"In &quot;Uutiset&quot;","block_context":{"text":"Uutiset","link":"https:\/\/stty.org\/sv\/kategoria\/uutiset\/"},"img":{"alt_text":"","src":"","width":0,"height":0},"classes":[]},{"id":166,"url":"https:\/\/stty.org\/sv\/toiminta\/","url_meta":{"origin":1389,"position":3},"title":"Toiminta","author":"STTY","date":"17.3.2014","format":false,"excerpt":"Yhdistyksen toimialana on sosiaali- ja terveydenhuollon tietotekniikka ja tiedonhallinta k\u00e4yt\u00e4nn\u00f6n toimintana ja tieteenalana. Yhdistyksen tarkoituksena on toimia yhdyssiteen\u00e4 alalla toimivien keskuudessa, edist\u00e4\u00e4 alan k\u00e4yt\u00e4nn\u00f6llist\u00e4 ja tieteellist\u00e4 kehityst\u00e4 ja soveltamista, edist\u00e4\u00e4 alan kansainv\u00e4lisi\u00e4 yhteyksi\u00e4 sek\u00e4 tehd\u00e4 alaa tunnetuksi. Yhdistys toteuttaa tarkoitusperi\u00e4\u00e4n j\u00e4rjest\u00e4m\u00e4ll\u00e4 tiedotus- ja julkaisutoimintaa, kokouksia, esitelm\u00e4- ja koulutustilaisuuksia sek\u00e4 j\u00e4senilleen\u2026","rel":"","context":"In &quot;Toiminta&quot;","block_context":{"text":"Toiminta","link":"https:\/\/stty.org\/sv\/kategoria\/stty-toiminta\/"},"img":{"alt_text":"","src":"https:\/\/i0.wp.com\/stty.org\/wp-content\/uploads\/2021\/04\/Jylha_Virpi-8619-10x15-1-234x300.png?resize=350%2C200&ssl=1","width":350,"height":200},"classes":[]},{"id":44,"url":"https:\/\/stty.org\/sv\/sttyn-kansainvalinen-toiminta\/","url_meta":{"origin":1389,"position":4},"title":"Kansainv\u00e4linen toiminta","author":"STTY","date":"28.10.2020","format":false,"excerpt":"STTY on Suomen edustaja terveydenhuollon tietotekniikan kansainv\u00e4lisess\u00e4 kattoj\u00e4rjest\u00f6ss\u00e4 International Medical Informatics Association (IMIA)\u00a0sek\u00e4 eurooppan kattoj\u00e4rjest\u00f6ss\u00e4 European Federation for Medical Informatics\u00a0 (EFMI). Tarkoituksena on laajentaa kansainv\u00e4list\u00e4 toimintaa my\u00f6s sosiaalialan vastaaviin j\u00e4rjest\u00f6ihin Human Services Information Technology Applications\u00a0(HUSITA) ja European Network for Information Technology and Human Services (ENITH). STTY:n edustajat * IMIA General\u2026","rel":"","context":"In &quot;Uutiset&quot;","block_context":{"text":"Uutiset","link":"https:\/\/stty.org\/sv\/kategoria\/uutiset\/"},"img":{"alt_text":"","src":"","width":0,"height":0},"classes":[]},{"id":11,"url":"https:\/\/stty.org\/sv\/jasenyys\/","url_meta":{"origin":1389,"position":5},"title":"J\u00e4senyys","author":"STTY","date":"13.7.2020","format":false,"excerpt":"{:fi}On kannattavaa olla STTY:n j\u00e4sen. Suomalaiset alan huiput ovat tyypillisesti STTY:n j\u00e4seni\u00e4. J\u00e4senmaksu tulee kuitattua jo osallistumalla joko IMIA:n tai EFMI:n konferenssiin j\u00e4senmaksuvuonna. J\u00e4senille on perustettu my\u00f6s omat sivunsa, joissa j\u00e4senille tarjoillaan lis\u00e4materiaalia. J\u00e4seneksi voi liitty\u00e4 my\u00f6s alalla toimiva yhteis\u00f6. Yhteis\u00f6 saa sponsorij\u00e4senmaksullaan n\u00e4kyvyytt\u00e4 yhdistyksen keskuudessa ja voi toimittaa kohtuullisen\u2026","rel":"","context":"Similar post","block_context":{"text":"Similar post","link":""},"img":{"alt_text":"","src":"","width":0,"height":0},"classes":[]}],"_links":{"self":[{"href":"https:\/\/stty.org\/sv\/wp-json\/wp\/v2\/pages\/1389","targetHints":{"allow":["GET"]}}],"collection":[{"href":"https:\/\/stty.org\/sv\/wp-json\/wp\/v2\/pages"}],"about":[{"href":"https:\/\/stty.org\/sv\/wp-json\/wp\/v2\/types\/page"}],"author":[{"embeddable":true,"href":"https:\/\/stty.org\/sv\/wp-json\/wp\/v2\/users\/20"}],"replies":[{"embeddable":true,"href":"https:\/\/stty.org\/sv\/wp-json\/wp\/v2\/comments?post=1389"}],"version-history":[{"count":27,"href":"https:\/\/stty.org\/sv\/wp-json\/wp\/v2\/pages\/1389\/revisions"}],"predecessor-version":[{"id":1960,"href":"https:\/\/stty.org\/sv\/wp-json\/wp\/v2\/pages\/1389\/revisions\/1960"}],"wp:attachment":[{"href":"https:\/\/stty.org\/sv\/wp-json\/wp\/v2\/media?parent=1389"}],"wp:term":[{"taxonomy":"category","embeddable":true,"href":"https:\/\/stty.org\/sv\/wp-json\/wp\/v2\/categories?post=1389"}],"curies":[{"name":"wp","href":"https:\/\/api.w.org\/{rel}","templated":true}]}}