{"id":11,"date":"2020-07-13T10:10:29","date_gmt":"2020-07-13T10:10:29","guid":{"rendered":"https:\/\/stty.org\/?page_id=11"},"modified":"2026-03-18T12:23:17","modified_gmt":"2026-03-18T10:23:17","slug":"jasenyys","status":"publish","type":"page","link":"https:\/\/stty.org\/sv\/jasenyys\/","title":{"rendered":"J\u00e4senyys"},"content":{"rendered":"<p>On kannattavaa olla STTY:n j\u00e4sen. Suomalaiset alan huiput ovat tyypillisesti STTY:n j\u00e4seni\u00e4. J\u00e4senmaksu tulee kuitattua jo osallistumalla joko IMIA:n tai EFMI:n konferenssiin j\u00e4senmaksuvuonna. J\u00e4senille on perustettu my\u00f6s <a href=\"https:\/\/stty.org\/jasensivut\/\">omat sivunsa<\/a>, joissa j\u00e4senille tarjoillaan lis\u00e4materiaalia.<\/p>\n<p>J\u00e4seneksi voi liitty\u00e4 my\u00f6s alalla toimiva yhteis\u00f6. Yhteis\u00f6 saa sponsorij\u00e4senmaksullaan n\u00e4kyvyytt\u00e4 yhdistyksen keskuudessa ja voi toimittaa kohtuullisen m\u00e4\u00e4r\u00e4n tiedotteitaan j\u00e4senille vuosittain.<\/p>\n<p>Henkil\u00f6j\u00e4senmaksu on 35 euroa ja kannatusj\u00e4senmaksu 100 euroa, joka maksetaan tilille Oma S\u00e4\u00e4st\u00f6pankki FI8541080010854316.<br \/>\nMaksun saajan nimi: SOSIAALI- JA TERVEYDENHUOLLON TIETOJ<\/p>\n<h3>J\u00e4seneksi liittyminen k\u00e4y yksinkertaisesti:<\/h3>\n<p>T\u00e4yt\u00e4 oheinen <a href=\"https:\/\/www.flomembers.com\/stty-ry\/members\/application\/createApplication\" target=\"_blank\" rel=\"noopener noreferrer\">henkil\u00f6j\u00e4senlomake<\/a>\u00a0tai\u00a0<a href=\"https:\/\/www.flomembers.com\/stty-ry\/members\/application\/createApplication\" target=\"_blank\" rel=\"noopener noreferrer\">yhteis\u00f6j\u00e4senlomake<\/a>. Nykyiset j\u00e4senet voivat ilmoittaa uudet yhteystietonsa sek\u00e4 SoTeTiTe-s\u00e4hk\u00f6postilistalle voi liitty\u00e4 samoilla lomakkeilla. Hakemus k\u00e4sitell\u00e4\u00e4n yhdistyksen kokouksessa ja hyv\u00e4ksymisest\u00e4 l\u00e4hetet\u00e4\u00e4n tieto s\u00e4hk\u00f6postitse.<\/p>\n<p>S\u00e4\u00e4nt\u00f6jen mukaan yhdistyksen toimialana on sosiaali- ja terveydenhuollon tietotekniikka ja tiedonhallinta k\u00e4yt\u00e4nn\u00f6n toimintana ja tieteenalana. Varsinaiseksi j\u00e4seneksi voidaan ottaa yhdistyksen toimialalla toimiva tai muuten asiasta kiinnostunut henkil\u00f6. Kannattajaj\u00e4seneksi voidaan ottaa oikeuskelpoinen yhteis\u00f6 tai s\u00e4\u00e4ti\u00f6.<\/p>\n<p>Yhdistyksen toiminta rahoitetaan yksityisten ihmisten j\u00e4senmaksuilla sek\u00e4 yritysten ja yhteis\u00f6jen kannatusj\u00e4senmaksutuloilla. N\u00e4emme t\u00e4llaisen sijoituksen v\u00e4h\u00e4iseksi niille aktiivisille yrityksille ja laitoksille, jotka toimivat yh\u00e4 kansainv\u00e4listyneemm\u00e4ss\u00e4 sosiaali- ja terveydenhuollon tietotekniikan ja tiedonhallinnan kent\u00e4ss\u00e4.<\/p>\n<p>Kiitos!<\/p>\n","protected":false},"excerpt":{"rendered":"<p>On kannattavaa olla STTY:n j\u00e4sen. Suomalaiset alan huiput ovat tyypillisesti STTY:n j\u00e4seni\u00e4. J\u00e4senmaksu tulee kuitattua jo osallistumalla joko IMIA:n tai EFMI:n konferenssiin j\u00e4senmaksuvuonna. J\u00e4senille on perustettu my\u00f6s omat sivunsa, joissa &#8230; <a title=\"J\u00e4senyys\" class=\"read-more\" href=\"https:\/\/stty.org\/sv\/jasenyys\/\" aria-label=\"Read more about J\u00e4senyys\">Read more<\/a><\/p>\n","protected":false},"author":2,"featured_media":0,"parent":0,"menu_order":0,"comment_status":"closed","ping_status":"closed","template":"","meta":{"footnotes":""},"categories":[],"class_list":["post-11","page","type-page","status-publish"],"translation":{"provider":"WPGlobus","version":"3.0.2","language":"sv","enabled_languages":["fi","en","sv"],"languages":{"fi":{"title":true,"content":true,"excerpt":false},"en":{"title":true,"content":true,"excerpt":false},"sv":{"title":false,"content":false,"excerpt":false}}},"yoast_head":"<!-- This site is optimized with the Yoast SEO plugin v27.4 - https:\/\/yoast.com\/product\/yoast-seo-wordpress\/ -->\n<title>- Sosiaali- ja terveydenhuollon tietojenk\u00e4sittely-yhdistys<\/title>\n<meta name=\"robots\" content=\"index, follow, max-snippet:-1, max-image-preview:large, max-video-preview:-1\" \/>\n<link rel=\"canonical\" href=\"https:\/\/stty.org\/jasenyys\/\" \/>\n<meta property=\"og:locale\" content=\"sv_SE\" \/>\n<meta property=\"og:type\" content=\"article\" \/>\n<meta property=\"og:title\" content=\"- Sosiaali- ja terveydenhuollon tietojenk\u00e4sittely-yhdistys\" \/>\n<meta property=\"og:url\" content=\"https:\/\/stty.org\/jasenyys\/\" \/>\n<meta property=\"og:site_name\" content=\"Sosiaali- ja terveydenhuollon tietojenk\u00e4sittely-yhdistys\" \/>\n<meta property=\"article:modified_time\" content=\"2026-03-18T10:23:17+00:00\" \/>\n<meta name=\"twitter:card\" content=\"summary_large_image\" \/>\n<meta name=\"twitter:label1\" content=\"Est. reading time\" \/>\n\t<meta name=\"twitter:data1\" content=\"2 minutes\" \/>\n<script type=\"application\/ld+json\" class=\"yoast-schema-graph\">{\"@context\":\"https:\\\/\\\/schema.org\",\"@graph\":[{\"@type\":\"WebPage\",\"@id\":\"https:\\\/\\\/stty.org\\\/jasenyys\\\/\",\"url\":\"https:\\\/\\\/stty.org\\\/jasenyys\\\/\",\"name\":\"- Sosiaali- ja terveydenhuollon tietojenk\u00e4sittely-yhdistys\",\"isPartOf\":{\"@id\":\"https:\\\/\\\/stty.org\\\/en\\\/#website\"},\"datePublished\":\"2020-07-13T10:10:29+00:00\",\"dateModified\":\"2026-03-18T10:23:17+00:00\",\"breadcrumb\":{\"@id\":\"https:\\\/\\\/stty.org\\\/jasenyys\\\/#breadcrumb\"},\"inLanguage\":\"sv-SE\",\"potentialAction\":[{\"@type\":\"ReadAction\",\"target\":[\"https:\\\/\\\/stty.org\\\/jasenyys\\\/\"]}]},{\"@type\":\"BreadcrumbList\",\"@id\":\"https:\\\/\\\/stty.org\\\/jasenyys\\\/#breadcrumb\",\"itemListElement\":[{\"@type\":\"ListItem\",\"position\":1,\"name\":\"Etusivu\",\"item\":\"https:\\\/\\\/stty.org\\\/\"},{\"@type\":\"ListItem\",\"position\":2,\"name\":\"J\u00e4senyys\"}]},{\"@type\":\"WebSite\",\"@id\":\"https:\\\/\\\/stty.org\\\/en\\\/#website\",\"url\":\"https:\\\/\\\/stty.org\\\/en\\\/\",\"name\":\"Sosiaali- ja terveydenhuollon tietojenk\u00e4sittely-yhdistys\",\"description\":\"F\u00f6reningen f\u00f6r informationsbehandling inom social- och h\u00e4lsov\u00e5rden rf Finnish Social and Health Informatics Association\",\"publisher\":{\"@id\":\"https:\\\/\\\/stty.org\\\/en\\\/#organization\"},\"potentialAction\":[{\"@type\":\"SearchAction\",\"target\":{\"@type\":\"EntryPoint\",\"urlTemplate\":\"https:\\\/\\\/stty.org\\\/en\\\/?s={search_term_string}\"},\"query-input\":{\"@type\":\"PropertyValueSpecification\",\"valueRequired\":true,\"valueName\":\"search_term_string\"}}],\"inLanguage\":\"sv-SE\"},{\"@type\":\"Organization\",\"@id\":\"https:\\\/\\\/stty.org\\\/en\\\/#organization\",\"name\":\"Sosiaali- ja terveydenhuollon tietojenk\u00e4sittely-yhdistys\",\"url\":\"https:\\\/\\\/stty.org\\\/en\\\/\",\"logo\":{\"@type\":\"ImageObject\",\"inLanguage\":\"sv-SE\",\"@id\":\"https:\\\/\\\/stty.org\\\/en\\\/#\\\/schema\\\/logo\\\/image\\\/\",\"url\":\"https:\\\/\\\/stty.org\\\/wp-content\\\/uploads\\\/2020\\\/07\\\/STTY_logo1.jpg\",\"contentUrl\":\"https:\\\/\\\/stty.org\\\/wp-content\\\/uploads\\\/2020\\\/07\\\/STTY_logo1.jpg\",\"width\":198,\"height\":105,\"caption\":\"Sosiaali- ja terveydenhuollon tietojenk\u00e4sittely-yhdistys\"},\"image\":{\"@id\":\"https:\\\/\\\/stty.org\\\/en\\\/#\\\/schema\\\/logo\\\/image\\\/\"}}]}<\/script>\n<!-- \/ Yoast SEO plugin. -->","yoast_head_json":{"title":"- Sosiaali- ja terveydenhuollon tietojenk\u00e4sittely-yhdistys","robots":{"index":"index","follow":"follow","max-snippet":"max-snippet:-1","max-image-preview":"max-image-preview:large","max-video-preview":"max-video-preview:-1"},"canonical":"https:\/\/stty.org\/jasenyys\/","og_locale":"sv_SE","og_type":"article","og_title":"- Sosiaali- ja terveydenhuollon tietojenk\u00e4sittely-yhdistys","og_url":"https:\/\/stty.org\/jasenyys\/","og_site_name":"Sosiaali- ja terveydenhuollon tietojenk\u00e4sittely-yhdistys","article_modified_time":"2026-03-18T10:23:17+00:00","twitter_card":"summary_large_image","twitter_misc":{"Est. reading time":"2 minutes"},"schema":{"@context":"https:\/\/schema.org","@graph":[{"@type":"WebPage","@id":"https:\/\/stty.org\/jasenyys\/","url":"https:\/\/stty.org\/jasenyys\/","name":"- Sosiaali- ja terveydenhuollon tietojenk\u00e4sittely-yhdistys","isPartOf":{"@id":"https:\/\/stty.org\/en\/#website"},"datePublished":"2020-07-13T10:10:29+00:00","dateModified":"2026-03-18T10:23:17+00:00","breadcrumb":{"@id":"https:\/\/stty.org\/jasenyys\/#breadcrumb"},"inLanguage":"sv-SE","potentialAction":[{"@type":"ReadAction","target":["https:\/\/stty.org\/jasenyys\/"]}]},{"@type":"BreadcrumbList","@id":"https:\/\/stty.org\/jasenyys\/#breadcrumb","itemListElement":[{"@type":"ListItem","position":1,"name":"Etusivu","item":"https:\/\/stty.org\/"},{"@type":"ListItem","position":2,"name":"J\u00e4senyys"}]},{"@type":"WebSite","@id":"https:\/\/stty.org\/en\/#website","url":"https:\/\/stty.org\/en\/","name":"Sosiaali- ja terveydenhuollon tietojenk\u00e4sittely-yhdistys","description":"F\u00f6reningen f\u00f6r informationsbehandling inom social- och h\u00e4lsov\u00e5rden rf Finnish Social and Health Informatics Association","publisher":{"@id":"https:\/\/stty.org\/en\/#organization"},"potentialAction":[{"@type":"SearchAction","target":{"@type":"EntryPoint","urlTemplate":"https:\/\/stty.org\/en\/?s={search_term_string}"},"query-input":{"@type":"PropertyValueSpecification","valueRequired":true,"valueName":"search_term_string"}}],"inLanguage":"sv-SE"},{"@type":"Organization","@id":"https:\/\/stty.org\/en\/#organization","name":"Sosiaali- ja terveydenhuollon tietojenk\u00e4sittely-yhdistys","url":"https:\/\/stty.org\/en\/","logo":{"@type":"ImageObject","inLanguage":"sv-SE","@id":"https:\/\/stty.org\/en\/#\/schema\/logo\/image\/","url":"https:\/\/stty.org\/wp-content\/uploads\/2020\/07\/STTY_logo1.jpg","contentUrl":"https:\/\/stty.org\/wp-content\/uploads\/2020\/07\/STTY_logo1.jpg","width":198,"height":105,"caption":"Sosiaali- ja terveydenhuollon tietojenk\u00e4sittely-yhdistys"},"image":{"@id":"https:\/\/stty.org\/en\/#\/schema\/logo\/image\/"}}]}},"jetpack_sharing_enabled":true,"jetpack-related-posts":[{"id":52,"url":"https:\/\/stty.org\/sv\/sttyn-tutkimuspaivat\/","url_meta":{"origin":11,"position":0},"title":"Tutkimusp\u00e4iv\u00e4t","author":"STTY","date":"23.2.2010","format":false,"excerpt":"{:fi} Tutkimusp\u00e4iv\u00e4t Kirjoituskutsu Ohjelma Prekonferenssi Julkaisut Sosiaali- ja terveydenhuollon tietojenk\u00e4sittelyn 28. tutkimusp\u00e4iv\u00e4t 21.4.2026, Tieteiden Talo, Helsinki K\u00e4yth\u00e4n ilmoittautumassa 13.4.2026 menness\u00e4: Sotetite_ilmoittautuminen Huom: samalla linkill\u00e4 voit ilmoittautua tutkimusp\u00e4ivien lis\u00e4ksi prefonferenssiin sek\u00e4 omakustanteiselle illalliselle 20.4.2026. Tutkimusp\u00e4ivien ohjelmaan p\u00e4\u00e4set tutustumaan t\u00e4\u00e4lt\u00e4 Illalliskutsu STTY:n j\u00e4senille ravintola Lasipalatsiin 20.4.2026 Tutkimusp\u00e4ivien sek\u00e4 sit\u00e4 edelt\u00e4v\u00e4n prekonferenssin yhteydess\u00e4\u2026","rel":"","context":"In &quot;Tutkimusp\u00e4iv\u00e4t&quot;","block_context":{"text":"Tutkimusp\u00e4iv\u00e4t","link":"https:\/\/stty.org\/sv\/kategoria\/tutkimuspaivat\/"},"img":{"alt_text":"","src":"https:\/\/i0.wp.com\/stty.org\/wp-content\/uploads\/2025\/12\/Tieteiden_talo_2_Julkisivu-300x195.jpg?resize=350%2C200&ssl=1","width":350,"height":200},"classes":[]},{"id":166,"url":"https:\/\/stty.org\/sv\/toiminta\/","url_meta":{"origin":11,"position":1},"title":"Toiminta","author":"STTY","date":"17.3.2014","format":false,"excerpt":"Yhdistyksen toimialana on sosiaali- ja terveydenhuollon tietotekniikka ja tiedonhallinta k\u00e4yt\u00e4nn\u00f6n toimintana ja tieteenalana. Yhdistyksen tarkoituksena on toimia yhdyssiteen\u00e4 alalla toimivien keskuudessa, edist\u00e4\u00e4 alan k\u00e4yt\u00e4nn\u00f6llist\u00e4 ja tieteellist\u00e4 kehityst\u00e4 ja soveltamista, edist\u00e4\u00e4 alan kansainv\u00e4lisi\u00e4 yhteyksi\u00e4 sek\u00e4 tehd\u00e4 alaa tunnetuksi. Yhdistys toteuttaa tarkoitusperi\u00e4\u00e4n j\u00e4rjest\u00e4m\u00e4ll\u00e4 tiedotus- ja julkaisutoimintaa, kokouksia, esitelm\u00e4- ja koulutustilaisuuksia sek\u00e4 j\u00e4senilleen\u2026","rel":"","context":"In &quot;Toiminta&quot;","block_context":{"text":"Toiminta","link":"https:\/\/stty.org\/sv\/kategoria\/stty-toiminta\/"},"img":{"alt_text":"","src":"https:\/\/i0.wp.com\/stty.org\/wp-content\/uploads\/2021\/04\/Jylha_Virpi-8619-10x15-1-234x300.png?resize=350%2C200&ssl=1","width":350,"height":200},"classes":[]},{"id":585,"url":"https:\/\/stty.org\/sv\/yhdistyksen-saannot\/","url_meta":{"origin":11,"position":2},"title":"Yhdistyksen s\u00e4\u00e4nn\u00f6t","author":"Alpo.Varri@tuni.fi","date":"9.11.2020","format":false,"excerpt":"STTY:n s\u00e4\u00e4nn\u00f6t \u2013 s\u00e4\u00e4nt\u00f6muutos rekister\u00f6ity 21.7.2017 Muutos hyv\u00e4ksytty yhdistyksen kokouksissa\u00a024.11.2016\u00a0ja 22.5.2017 Yhdistyksen nimi, kotipaikka ja tarkoitus 1 \u00a7 Yhdistyksen nimi on Sosiaali- ja terveydenhuollon tietojenk\u00e4sittely-yhdistys ry., F\u00f6reningen f\u00f6r informationsbehandling inom social- och h\u00e4lsov\u00e5rden rf., ja kansainv\u00e4lisiss\u00e4 yhteyksiss\u00e4 yhdistyksen ep\u00e4virallinen englanninkielinen nimi on Finnish Social and Health Informatics Association. Yhdistyksen kotipaikkana\u2026","rel":"","context":"Similar post","block_context":{"text":"Similar post","link":""},"img":{"alt_text":"","src":"","width":0,"height":0},"classes":[]},{"id":2141,"url":"https:\/\/stty.org\/sv\/sttyn-tutkimuspaivat\/kirjoituskutsu\/","url_meta":{"origin":11,"position":3},"title":"Tutkimusp\u00e4iv\u00e4t: Kirjoituskutsu","author":"Sivustonikkari","date":"16.12.2025","format":false,"excerpt":"Tutkimusp\u00e4iv\u00e4t Kirjoituskutsu Ohjelma Prekonferenssi Julkaisut Sosiaali- ja terveydenhuollon teknologioita kehitet\u00e4\u00e4n usein erillisin\u00e4 ratkaisuina yksitt\u00e4isiin tarpeisiin, mutta yh\u00e4 t\u00e4rke\u00e4mp\u00e4\u00e4 on tarkastella niiden yhteyksi\u00e4, vaikutuksia ja roolia osana koko palveluj\u00e4rjestelm\u00e4\u00e4. Tutkimusp\u00e4ivill\u00e4 kutsumme tutkijoita, kehitt\u00e4ji\u00e4 ja p\u00e4\u00e4t\u00f6ksentekij\u00f6it\u00e4 pohtimaan, miten yksitt\u00e4iset teknologiat nivoutuvat laajempiin kokonaisuuksiin, tukevat tietoperustaista johtamista ja p\u00e4\u00e4t\u00f6ksentekoa sek\u00e4 edist\u00e4v\u00e4t kest\u00e4v\u00e4\u00e4 ja\u2026","rel":"","context":"Similar post","block_context":{"text":"Similar post","link":""},"img":{"alt_text":"","src":"https:\/\/i0.wp.com\/stty.org\/wp-content\/uploads\/2025\/08\/FinJeHew-logo.png?resize=350%2C200&ssl=1","width":350,"height":200},"classes":[]},{"id":555,"url":"https:\/\/stty.org\/sv\/sttyn-hallitus-2020\/","url_meta":{"origin":11,"position":4},"title":"STTY:n hallitus 2020","author":"Alpo.Varri@tuni.fi","date":"9.11.2020","format":false,"excerpt":"STTY:n hallituksessa on kymmenisen j\u00e4sent\u00e4. He tekev\u00e4t vapaaehtoisty\u00f6t\u00e4 yhdistyksen hyv\u00e4ksi kokoontuen noin kymmenen kertaa vuodessa. Hallituksen puheenjohtajan lis\u00e4ksi t\u00e4rke\u00e4ss\u00e4 roolissa ovat yhdistyksen sihteeri ja rahastonhoitaja. Vuodelle 2021 valitaan j\u00e4lleen uusi hallitus. \u00a0","rel":"","context":"Similar post","block_context":{"text":"Similar post","link":""},"img":{"alt_text":"","src":"","width":0,"height":0},"classes":[]},{"id":2192,"url":"https:\/\/stty.org\/sv\/sttyn-tutkimuspaivat\/prekonferenssi\/","url_meta":{"origin":11,"position":5},"title":"Prekonferenssi","author":"Sivustonikkari","date":"29.1.2026","format":false,"excerpt":"Tutkimusp\u00e4iv\u00e4t Kirjoituskutsu Ohjelma Prekonferenssi Julkaisut Sosiaali- ja terveydenhuollon tiedonhallinnan prekonferenssi jatko-opiskelijoille: (Osista rakentuva) kokonainen v\u00e4it\u00f6skirja Sosiaali- ja terveydenhuollon tiedonhallinnan tutkimusp\u00e4ivien yhteydess\u00e4 j\u00e4rjestett\u00e4v\u00e4 prekonferenssi pidet\u00e4\u00e4n maanantaina 20.4.2026 klo 12\u201316.30 Tieteiden talolla Helsingiss\u00e4. Tilaisuus on suunnattu jatko-opiskelijoille, joiden tutkimus liittyy sosiaali- ja\/tai terveydenhuollon tiedonhallintaan. Tutkimusaihe voi esimerkiksi kytkeyty\u00e4 tietojenk\u00e4sittelyss\u00e4 hy\u00f6dynnett\u00e4viin teknologioihin, tiedonhallinnan\u2026","rel":"","context":"Similar post","block_context":{"text":"Similar post","link":""},"img":{"alt_text":"","src":"","width":0,"height":0},"classes":[]}],"_links":{"self":[{"href":"https:\/\/stty.org\/sv\/wp-json\/wp\/v2\/pages\/11","targetHints":{"allow":["GET"]}}],"collection":[{"href":"https:\/\/stty.org\/sv\/wp-json\/wp\/v2\/pages"}],"about":[{"href":"https:\/\/stty.org\/sv\/wp-json\/wp\/v2\/types\/page"}],"author":[{"embeddable":true,"href":"https:\/\/stty.org\/sv\/wp-json\/wp\/v2\/users\/2"}],"replies":[{"embeddable":true,"href":"https:\/\/stty.org\/sv\/wp-json\/wp\/v2\/comments?post=11"}],"version-history":[{"count":44,"href":"https:\/\/stty.org\/sv\/wp-json\/wp\/v2\/pages\/11\/revisions"}],"predecessor-version":[{"id":2226,"href":"https:\/\/stty.org\/sv\/wp-json\/wp\/v2\/pages\/11\/revisions\/2226"}],"wp:attachment":[{"href":"https:\/\/stty.org\/sv\/wp-json\/wp\/v2\/media?parent=11"}],"wp:term":[{"taxonomy":"category","embeddable":true,"href":"https:\/\/stty.org\/sv\/wp-json\/wp\/v2\/categories?post=11"}],"curies":[{"name":"wp","href":"https:\/\/api.w.org\/{rel}","templated":true}]}}