{"id":52,"date":"2010-02-23T18:07:49","date_gmt":"2010-02-23T18:07:49","guid":{"rendered":"https:\/\/stty.org\/2010\/02\/23\/sttyn-tutkimuspaivat\/"},"modified":"2026-04-24T15:01:29","modified_gmt":"2026-04-24T12:01:29","slug":"sttyn-tutkimuspaivat","status":"publish","type":"page","link":"https:\/\/stty.org\/en\/sttyn-tutkimuspaivat\/","title":{"rendered":"Research Days"},"content":{"rendered":"<p>The Finnish Social and Health Informatics Association\u00a0 (FinSHIA) has organized its Research Days annually since 1998. The purpose of the Research Days has been to<\/p>\n<ul>\n<li>make the wide area of Finnish research from medical signal processing to the evaluation of social welfare information systems visible<\/li>\n<li>offer the students of health informatics the possibility to listen to the senior researchers of the field, to make contacts to other researchers in Finland and to get feedback about their research plans<\/li>\n<li>offer research groups to arrange thematic seminars in connection to a larger event<\/li>\n<li>promote the co-operation of the research centers of the field in Finland<\/li>\n<\/ul>\n<p>The events have taken place in the following locations: Kuopio 1998, Turku 1999, Pori 2000, Kajaani 2001, Joensuu 2002, Jyv\u00e4skyl\u00e4 2004, Tampere 2005, Mikkeli 2006, Turku 2007, Lahti 2008, Jyv\u00e4skyl\u00e4 2009, Tampere 2010, Lahti 2011, Helsinki 2012, Turku 2013, Jyv\u00e4skyl\u00e4 2014, Tampere 2015, Lahti 2016, Helsinki 2017, Jyv\u00e4skyl\u00e4 2018, Tampere 2019, and Kuopio 2021.<\/p>\n<p>The papers presented in the Research Days are published in the peer reviewed journal <a href=\"https:\/\/journal.fi\/finjehew\" target=\"_blank\" rel=\"noopener\">Finnish Journal of eHealth and eWelfare<\/a> (FinJeHeW). FinSHIA publishes this journal jointly with the <a href=\"https:\/\/www.telemedicine.fi\/en\/\" target=\"_blank\" rel=\"noopener\">Finnish Society of Telemedicine and eHealth<\/a>.<\/p>\n","protected":false},"excerpt":{"rendered":"<p>The Finnish Social and Health Informatics Association\u00a0 (FinSHIA) has organized its Research Days annually since 1998. The purpose of the Research Days has been to make the wide area of &#8230; <a title=\"Research Days\" class=\"read-more\" href=\"https:\/\/stty.org\/en\/sttyn-tutkimuspaivat\/\" aria-label=\"Read more about Research Days\">Read more<\/a><\/p>\n","protected":false},"author":2,"featured_media":0,"parent":0,"menu_order":0,"comment_status":"closed","ping_status":"closed","template":"","meta":{"footnotes":""},"categories":[9],"class_list":["post-52","page","type-page","status-publish","category-tutkimuspaivat"],"translation":{"provider":"WPGlobus","version":"3.0.2","language":"en","enabled_languages":["fi","en","sv"],"languages":{"fi":{"title":true,"content":true,"excerpt":false},"en":{"title":true,"content":true,"excerpt":false},"sv":{"title":false,"content":false,"excerpt":false}}},"yoast_head":"<!-- This site is optimized with the Yoast SEO plugin v27.4 - https:\/\/yoast.com\/product\/yoast-seo-wordpress\/ -->\n<title>Research Days - Sosiaali- ja terveydenhuollon tietojenk\u00e4sittely-yhdistys<\/title>\n<meta name=\"robots\" content=\"index, follow, max-snippet:-1, max-image-preview:large, max-video-preview:-1\" \/>\n<link rel=\"canonical\" href=\"https:\/\/stty.org\/sttyn-tutkimuspaivat\/\" \/>\n<meta property=\"og:locale\" content=\"en_US\" \/>\n<meta property=\"og:type\" content=\"article\" \/>\n<meta property=\"og:title\" content=\"Research Days - Sosiaali- ja terveydenhuollon tietojenk\u00e4sittely-yhdistys\" \/>\n<meta property=\"og:url\" content=\"https:\/\/stty.org\/sttyn-tutkimuspaivat\/\" \/>\n<meta property=\"og:site_name\" content=\"Sosiaali- ja terveydenhuollon tietojenk\u00e4sittely-yhdistys\" \/>\n<meta property=\"article:modified_time\" content=\"2026-04-24T12:01:29+00:00\" \/>\n<meta property=\"og:image\" content=\"https:\/\/stty.org\/wp-content\/uploads\/2025\/12\/Tieteiden_talo_2_Julkisivu-scaled.jpg\" \/>\n\t<meta property=\"og:image:width\" content=\"2560\" \/>\n\t<meta property=\"og:image:height\" content=\"1667\" \/>\n\t<meta property=\"og:image:type\" content=\"image\/jpeg\" \/>\n<meta name=\"twitter:card\" content=\"summary_large_image\" \/>\n<meta name=\"twitter:label1\" content=\"Est. reading time\" \/>\n\t<meta name=\"twitter:data1\" content=\"2 minutes\" \/>\n<script type=\"application\/ld+json\" class=\"yoast-schema-graph\">{\"@context\":\"https:\\\/\\\/schema.org\",\"@graph\":[{\"@type\":\"WebPage\",\"@id\":\"https:\\\/\\\/stty.org\\\/sttyn-tutkimuspaivat\\\/\",\"url\":\"https:\\\/\\\/stty.org\\\/sttyn-tutkimuspaivat\\\/\",\"name\":\"Research Days - Sosiaali- ja terveydenhuollon tietojenk\u00e4sittely-yhdistys\",\"isPartOf\":{\"@id\":\"https:\\\/\\\/stty.org\\\/en\\\/#website\"},\"primaryImageOfPage\":{\"@id\":\"https:\\\/\\\/stty.org\\\/sttyn-tutkimuspaivat\\\/#primaryimage\"},\"image\":{\"@id\":\"https:\\\/\\\/stty.org\\\/sttyn-tutkimuspaivat\\\/#primaryimage\"},\"thumbnailUrl\":\"https:\\\/\\\/stty.org\\\/wp-content\\\/uploads\\\/2025\\\/12\\\/Tieteiden_talo_2_Julkisivu-300x195.jpg\",\"datePublished\":\"2010-02-23T18:07:49+00:00\",\"dateModified\":\"2026-04-24T12:01:29+00:00\",\"description\":\"Sivulla kerrotaan STTY:n j\u00e4rjest\u00e4mist\u00e4 tai tulevaisuudessa j\u00e4rjestett\u00e4v\u00e4st\u00e4 tutkimusp\u00e4iv\u00e4st\u00e4.\",\"breadcrumb\":{\"@id\":\"https:\\\/\\\/stty.org\\\/sttyn-tutkimuspaivat\\\/#breadcrumb\"},\"inLanguage\":\"en-US\",\"potentialAction\":[{\"@type\":\"ReadAction\",\"target\":[\"https:\\\/\\\/stty.org\\\/sttyn-tutkimuspaivat\\\/\"]}]},{\"@type\":\"ImageObject\",\"inLanguage\":\"en-US\",\"@id\":\"https:\\\/\\\/stty.org\\\/sttyn-tutkimuspaivat\\\/#primaryimage\",\"url\":\"https:\\\/\\\/stty.org\\\/wp-content\\\/uploads\\\/2025\\\/12\\\/Tieteiden_talo_2_Julkisivu-300x195.jpg\",\"contentUrl\":\"https:\\\/\\\/stty.org\\\/wp-content\\\/uploads\\\/2025\\\/12\\\/Tieteiden_talo_2_Julkisivu-300x195.jpg\"},{\"@type\":\"BreadcrumbList\",\"@id\":\"https:\\\/\\\/stty.org\\\/sttyn-tutkimuspaivat\\\/#breadcrumb\",\"itemListElement\":[{\"@type\":\"ListItem\",\"position\":1,\"name\":\"Etusivu\",\"item\":\"https:\\\/\\\/stty.org\\\/\"},{\"@type\":\"ListItem\",\"position\":2,\"name\":\"Tutkimusp\u00e4iv\u00e4t\"}]},{\"@type\":\"WebSite\",\"@id\":\"https:\\\/\\\/stty.org\\\/en\\\/#website\",\"url\":\"https:\\\/\\\/stty.org\\\/en\\\/\",\"name\":\"Sosiaali- ja terveydenhuollon tietojenk\u00e4sittely-yhdistys\",\"description\":\"F\u00f6reningen f\u00f6r informationsbehandling inom social- och h\u00e4lsov\u00e5rden rf Finnish Social and Health Informatics Association\",\"publisher\":{\"@id\":\"https:\\\/\\\/stty.org\\\/en\\\/#organization\"},\"potentialAction\":[{\"@type\":\"SearchAction\",\"target\":{\"@type\":\"EntryPoint\",\"urlTemplate\":\"https:\\\/\\\/stty.org\\\/en\\\/?s={search_term_string}\"},\"query-input\":{\"@type\":\"PropertyValueSpecification\",\"valueRequired\":true,\"valueName\":\"search_term_string\"}}],\"inLanguage\":\"en-US\"},{\"@type\":\"Organization\",\"@id\":\"https:\\\/\\\/stty.org\\\/en\\\/#organization\",\"name\":\"Sosiaali- ja terveydenhuollon tietojenk\u00e4sittely-yhdistys\",\"url\":\"https:\\\/\\\/stty.org\\\/en\\\/\",\"logo\":{\"@type\":\"ImageObject\",\"inLanguage\":\"en-US\",\"@id\":\"https:\\\/\\\/stty.org\\\/en\\\/#\\\/schema\\\/logo\\\/image\\\/\",\"url\":\"https:\\\/\\\/stty.org\\\/wp-content\\\/uploads\\\/2020\\\/07\\\/STTY_logo1.jpg\",\"contentUrl\":\"https:\\\/\\\/stty.org\\\/wp-content\\\/uploads\\\/2020\\\/07\\\/STTY_logo1.jpg\",\"width\":198,\"height\":105,\"caption\":\"Sosiaali- ja terveydenhuollon tietojenk\u00e4sittely-yhdistys\"},\"image\":{\"@id\":\"https:\\\/\\\/stty.org\\\/en\\\/#\\\/schema\\\/logo\\\/image\\\/\"}}]}<\/script>\n<!-- \/ Yoast SEO plugin. -->","yoast_head_json":{"title":"Research Days - Sosiaali- ja terveydenhuollon tietojenk\u00e4sittely-yhdistys","robots":{"index":"index","follow":"follow","max-snippet":"max-snippet:-1","max-image-preview":"max-image-preview:large","max-video-preview":"max-video-preview:-1"},"canonical":"https:\/\/stty.org\/sttyn-tutkimuspaivat\/","og_locale":"en_US","og_type":"article","og_title":"Research Days - Sosiaali- ja terveydenhuollon tietojenk\u00e4sittely-yhdistys","og_url":"https:\/\/stty.org\/sttyn-tutkimuspaivat\/","og_site_name":"Sosiaali- ja terveydenhuollon tietojenk\u00e4sittely-yhdistys","article_modified_time":"2026-04-24T12:01:29+00:00","og_image":[{"width":2560,"height":1667,"url":"https:\/\/stty.org\/wp-content\/uploads\/2025\/12\/Tieteiden_talo_2_Julkisivu-scaled.jpg","type":"image\/jpeg"}],"twitter_card":"summary_large_image","twitter_misc":{"Est. reading time":"2 minutes"},"schema":{"@context":"https:\/\/schema.org","@graph":[{"@type":"WebPage","@id":"https:\/\/stty.org\/sttyn-tutkimuspaivat\/","url":"https:\/\/stty.org\/sttyn-tutkimuspaivat\/","name":"Research Days - Sosiaali- ja terveydenhuollon tietojenk\u00e4sittely-yhdistys","isPartOf":{"@id":"https:\/\/stty.org\/en\/#website"},"primaryImageOfPage":{"@id":"https:\/\/stty.org\/sttyn-tutkimuspaivat\/#primaryimage"},"image":{"@id":"https:\/\/stty.org\/sttyn-tutkimuspaivat\/#primaryimage"},"thumbnailUrl":"https:\/\/stty.org\/wp-content\/uploads\/2025\/12\/Tieteiden_talo_2_Julkisivu-300x195.jpg","datePublished":"2010-02-23T18:07:49+00:00","dateModified":"2026-04-24T12:01:29+00:00","description":"Sivulla kerrotaan STTY:n j\u00e4rjest\u00e4mist\u00e4 tai tulevaisuudessa j\u00e4rjestett\u00e4v\u00e4st\u00e4 tutkimusp\u00e4iv\u00e4st\u00e4.","breadcrumb":{"@id":"https:\/\/stty.org\/sttyn-tutkimuspaivat\/#breadcrumb"},"inLanguage":"en-US","potentialAction":[{"@type":"ReadAction","target":["https:\/\/stty.org\/sttyn-tutkimuspaivat\/"]}]},{"@type":"ImageObject","inLanguage":"en-US","@id":"https:\/\/stty.org\/sttyn-tutkimuspaivat\/#primaryimage","url":"https:\/\/stty.org\/wp-content\/uploads\/2025\/12\/Tieteiden_talo_2_Julkisivu-300x195.jpg","contentUrl":"https:\/\/stty.org\/wp-content\/uploads\/2025\/12\/Tieteiden_talo_2_Julkisivu-300x195.jpg"},{"@type":"BreadcrumbList","@id":"https:\/\/stty.org\/sttyn-tutkimuspaivat\/#breadcrumb","itemListElement":[{"@type":"ListItem","position":1,"name":"Etusivu","item":"https:\/\/stty.org\/"},{"@type":"ListItem","position":2,"name":"Tutkimusp\u00e4iv\u00e4t"}]},{"@type":"WebSite","@id":"https:\/\/stty.org\/en\/#website","url":"https:\/\/stty.org\/en\/","name":"Sosiaali- ja terveydenhuollon tietojenk\u00e4sittely-yhdistys","description":"F\u00f6reningen f\u00f6r informationsbehandling inom social- och h\u00e4lsov\u00e5rden rf Finnish Social and Health Informatics Association","publisher":{"@id":"https:\/\/stty.org\/en\/#organization"},"potentialAction":[{"@type":"SearchAction","target":{"@type":"EntryPoint","urlTemplate":"https:\/\/stty.org\/en\/?s={search_term_string}"},"query-input":{"@type":"PropertyValueSpecification","valueRequired":true,"valueName":"search_term_string"}}],"inLanguage":"en-US"},{"@type":"Organization","@id":"https:\/\/stty.org\/en\/#organization","name":"Sosiaali- ja terveydenhuollon tietojenk\u00e4sittely-yhdistys","url":"https:\/\/stty.org\/en\/","logo":{"@type":"ImageObject","inLanguage":"en-US","@id":"https:\/\/stty.org\/en\/#\/schema\/logo\/image\/","url":"https:\/\/stty.org\/wp-content\/uploads\/2020\/07\/STTY_logo1.jpg","contentUrl":"https:\/\/stty.org\/wp-content\/uploads\/2020\/07\/STTY_logo1.jpg","width":198,"height":105,"caption":"Sosiaali- ja terveydenhuollon tietojenk\u00e4sittely-yhdistys"},"image":{"@id":"https:\/\/stty.org\/en\/#\/schema\/logo\/image\/"}}]}},"jetpack_sharing_enabled":true,"jetpack-related-posts":[{"id":2147,"url":"https:\/\/stty.org\/en\/sttyn-tutkimuspaivat\/ohjelma\/","url_meta":{"origin":52,"position":0},"title":"Tutkimusp\u00e4iv\u00e4t: Ohjelma","author":"Sivustonikkari","date":"16.12.2025","format":false,"excerpt":"Tutkimusp\u00e4iv\u00e4t Kirjoituskutsu Ohjelma Julkaisut Sosiaali- ja terveydenhuollon tietojenk\u00e4sittely -yhdistys ry j\u00e4rjest\u00e4\u00e4 28. Sosiaali- ja terveydenhuollon tietojenk\u00e4sittelyn tutkimusp\u00e4iv\u00e4t ti 21.4.2024 Helsingiss\u00e4. P\u00e4ivien teemana on Pistem\u00e4isest\u00e4 kehitt\u00e4misest\u00e4 kohti kokonaisuuksien hallintaa. Lataa ohjelma t\u00e4st\u00e4: SoTeTiTe_ohjelma_2026-06","rel":"","context":"Similar post","block_context":{"text":"Similar post","link":""},"img":{"alt_text":"","src":"https:\/\/i0.wp.com\/stty.org\/wp-content\/uploads\/2026\/04\/sotetite-images-0-scaled.jpg?resize=350%2C200&ssl=1","width":350,"height":200,"srcset":"https:\/\/i0.wp.com\/stty.org\/wp-content\/uploads\/2026\/04\/sotetite-images-0-scaled.jpg?resize=350%2C200&ssl=1 1x, https:\/\/i0.wp.com\/stty.org\/wp-content\/uploads\/2026\/04\/sotetite-images-0-scaled.jpg?resize=525%2C300&ssl=1 1.5x, https:\/\/i0.wp.com\/stty.org\/wp-content\/uploads\/2026\/04\/sotetite-images-0-scaled.jpg?resize=700%2C400&ssl=1 2x, https:\/\/i0.wp.com\/stty.org\/wp-content\/uploads\/2026\/04\/sotetite-images-0-scaled.jpg?resize=1050%2C600&ssl=1 3x, https:\/\/i0.wp.com\/stty.org\/wp-content\/uploads\/2026\/04\/sotetite-images-0-scaled.jpg?resize=1400%2C800&ssl=1 4x"},"classes":[]},{"id":2192,"url":"https:\/\/stty.org\/en\/sttyn-tutkimuspaivat\/prekonferenssi\/","url_meta":{"origin":52,"position":1},"title":"Prekonferenssi","author":"Sivustonikkari","date":"29.1.2026","format":false,"excerpt":"Tutkimusp\u00e4iv\u00e4t Kirjoituskutsu Ohjelma Prekonferenssi Julkaisut Sosiaali- ja terveydenhuollon tiedonhallinnan prekonferenssi jatko-opiskelijoille: (Osista rakentuva) kokonainen v\u00e4it\u00f6skirja Sosiaali- ja terveydenhuollon tiedonhallinnan tutkimusp\u00e4ivien yhteydess\u00e4 j\u00e4rjestett\u00e4v\u00e4 prekonferenssi pidet\u00e4\u00e4n maanantaina 20.4.2026 klo 12\u201316.30 Tieteiden talolla Helsingiss\u00e4. Tilaisuus on suunnattu jatko-opiskelijoille, joiden tutkimus liittyy sosiaali- ja\/tai terveydenhuollon tiedonhallintaan. Tutkimusaihe voi esimerkiksi kytkeyty\u00e4 tietojenk\u00e4sittelyss\u00e4 hy\u00f6dynnett\u00e4viin teknologioihin, tiedonhallinnan\u2026","rel":"","context":"Similar post","block_context":{"text":"Similar post","link":""},"img":{"alt_text":"","src":"","width":0,"height":0},"classes":[]},{"id":2141,"url":"https:\/\/stty.org\/en\/sttyn-tutkimuspaivat\/kirjoituskutsu\/","url_meta":{"origin":52,"position":2},"title":"Tutkimusp\u00e4iv\u00e4t: Kirjoituskutsu","author":"Sivustonikkari","date":"16.12.2025","format":false,"excerpt":"Tutkimusp\u00e4iv\u00e4t Kirjoituskutsu Ohjelma Julkaisut Sosiaali- ja terveydenhuollon teknologioita kehitet\u00e4\u00e4n usein erillisin\u00e4 ratkaisuina yksitt\u00e4isiin tarpeisiin, mutta yh\u00e4 t\u00e4rke\u00e4mp\u00e4\u00e4 on tarkastella niiden yhteyksi\u00e4, vaikutuksia ja roolia osana koko palveluj\u00e4rjestelm\u00e4\u00e4. Tutkimusp\u00e4ivill\u00e4 kutsumme tutkijoita, kehitt\u00e4ji\u00e4 ja p\u00e4\u00e4t\u00f6ksentekij\u00f6it\u00e4 pohtimaan, miten yksitt\u00e4iset teknologiat nivoutuvat laajempiin kokonaisuuksiin, tukevat tietoperustaista johtamista ja p\u00e4\u00e4t\u00f6ksentekoa sek\u00e4 edist\u00e4v\u00e4t kest\u00e4v\u00e4\u00e4 ja vaikuttavaa\u2026","rel":"","context":"Similar post","block_context":{"text":"Similar post","link":""},"img":{"alt_text":"","src":"https:\/\/i0.wp.com\/stty.org\/wp-content\/uploads\/2025\/08\/FinJeHew-logo.png?resize=350%2C200&ssl=1","width":350,"height":200},"classes":[]},{"id":182,"url":"https:\/\/stty.org\/en\/","url_meta":{"origin":52,"position":3},"title":"Finnish Social and Health Informatics Association","author":"STTY","date":"20.10.2015","format":false,"excerpt":"{:fi}Yhdistyksen toiminnan p\u00e4\u00e4tavoitteena on sek\u00e4 kansainv\u00e4listen ett\u00e4 kansallisten yhteyksien yll\u00e4pito sosiaali- ja terveydenhuollon tietotekniikan ja tiedonhallinnan toimijoiden kesken. Kansallisesti STTY pyrkii olemaan laajassa yhteisty\u00f6ss\u00e4 alan eri j\u00e4rjest\u00f6jen kanssa. Yhdistys pyrkii my\u00f6s j\u00e4rjest\u00e4m\u00e4\u00e4n j\u00e4sentapaamisia ja tutustumisk\u00e4yntej\u00e4 yrityksiin sek\u00e4 sosiaali- ja terveydenhuollon hankkeisiin. STTY j\u00e4rjest\u00e4\u00e4 vuosittain Sosiaali- ja terveydenhuollon tietotekniikan ja tiedonhallinnan\u2026","rel":"","context":"In &quot;Etusivu&quot;","block_context":{"text":"Etusivu","link":"https:\/\/stty.org\/en\/kategoria\/etusivu\/"},"img":{"alt_text":"FinJeHeW logo","src":"https:\/\/i0.wp.com\/journal.fi\/public\/journals\/25\/pageHeaderLogoImage_en_US.png?resize=350%2C200&ssl=1","width":350,"height":200},"classes":[]},{"id":1294,"url":"https:\/\/stty.org\/en\/stty-blogi\/stty-blogi-ajankohtaista-sote-tiedosta-missa-mennaan-kansallisesti\/","url_meta":{"origin":52,"position":4},"title":"Ajankohtaista sote-tiedosta \u2013 miss\u00e4 menn\u00e4\u00e4n kansallisesti?","author":"Laura-Maria Peltonen","date":"11.11.2021","format":false,"excerpt":"Sosiaali- ja terveydenhuollon tietojenk\u00e4sittelyn 23. tutkimusp\u00e4iv\u00e4t (SoTeTiTe 2021) pidettiin Kuopiossa 11.11.2021. Aiheena oli \u201cYhteinen sote-tieto? - Tiedon toisiok\u00e4ytt\u00f6 ja digitalisaation vaikutukset\u201d. P\u00e4iv\u00e4t toivat yhteen sosiaali- ja terveydenhuollon informatiikan, tietotekniikan ja tiedonhallinnan tutkijoita ja asiantuntijoita eri puolilta Suomea. Tapahtumaa on j\u00e4rjestetty vuodesta 1998 alkaen. Tutkimusp\u00e4ivill\u00e4 kuultiin t\u00e4n\u00e4 vuonna keynote-puheenvuoro tiimip\u00e4\u00e4llikk\u00f6 Erja\u2026","rel":"","context":"In &quot;Blogiartikkeli&quot;","block_context":{"text":"Blogiartikkeli","link":"https:\/\/stty.org\/en\/kategoria\/blog\/"},"img":{"alt_text":"","src":"https:\/\/i0.wp.com\/stty.org\/wp-content\/uploads\/2021\/11\/samuel-300x216.jpg?resize=350%2C200&ssl=1","width":350,"height":200},"classes":[]},{"id":2143,"url":"https:\/\/stty.org\/en\/sttyn-tutkimuspaivat\/sotetite-julkaisut\/","url_meta":{"origin":52,"position":5},"title":"Tutkimusp\u00e4iv\u00e4t: Aikaisempien vuosien julkaisut","author":"Sivustonikkari","date":"16.12.2025","format":false,"excerpt":"Tutkimusp\u00e4iv\u00e4t Kirjoituskutsu Ohjelma Julkaisut Sosiaali- ja terveydenhuollon tietotekniikan ja tiedonhallinnan tutkimusp\u00e4ivien tutkimusjulkaisut 2002- Tutkimuspaperit 2026 (FinJeHew Vol 18, No 2, 2026) Tutkimuspaperit 2025 (FinJeHeW Vol 17, No 2, 2025) Tutkimuspaperit 2024 (FinJeHeW Vol 16, No 2, 2024) Tutkimuspaperit 2023 (FinJeHeW Vol 15, No 2, 2023) Tutkimuspaperit 2022 (FinJeHeW Vol 14,\u2026","rel":"","context":"Similar post","block_context":{"text":"Similar post","link":""},"img":{"alt_text":"","src":"https:\/\/i0.wp.com\/stty.org\/wp-content\/uploads\/2025\/08\/FinJeHew-logo.png?resize=350%2C200&ssl=1","width":350,"height":200},"classes":[]}],"_links":{"self":[{"href":"https:\/\/stty.org\/en\/wp-json\/wp\/v2\/pages\/52","targetHints":{"allow":["GET"]}}],"collection":[{"href":"https:\/\/stty.org\/en\/wp-json\/wp\/v2\/pages"}],"about":[{"href":"https:\/\/stty.org\/en\/wp-json\/wp\/v2\/types\/page"}],"author":[{"embeddable":true,"href":"https:\/\/stty.org\/en\/wp-json\/wp\/v2\/users\/2"}],"replies":[{"embeddable":true,"href":"https:\/\/stty.org\/en\/wp-json\/wp\/v2\/comments?post=52"}],"version-history":[{"count":135,"href":"https:\/\/stty.org\/en\/wp-json\/wp\/v2\/pages\/52\/revisions"}],"predecessor-version":[{"id":2246,"href":"https:\/\/stty.org\/en\/wp-json\/wp\/v2\/pages\/52\/revisions\/2246"}],"wp:attachment":[{"href":"https:\/\/stty.org\/en\/wp-json\/wp\/v2\/media?parent=52"}],"wp:term":[{"taxonomy":"category","embeddable":true,"href":"https:\/\/stty.org\/en\/wp-json\/wp\/v2\/categories?post=52"}],"curies":[{"name":"wp","href":"https:\/\/api.w.org\/{rel}","templated":true}]}}