{"id":266,"date":"2018-10-23T17:42:52","date_gmt":"2018-10-23T17:42:52","guid":{"rendered":"https:\/\/stty.org\/2018\/10\/23\/toimintasuunnitelma-2018-2019\/"},"modified":"2020-11-25T16:18:40","modified_gmt":"2020-11-25T16:18:40","slug":"toimintasuunnitelma-2018-2019","status":"publish","type":"page","link":"https:\/\/stty.org\/en\/toimintasuunnitelma-2018-2019\/","title":{"rendered":"Toimintasuunnitelma 2018-2019"},"content":{"rendered":"<p>Syyskokousessa k\u00e4sitelt\u00e4v\u00e4 <a href=\"https:\/\/stty.org\/wp-content\/uploads\/2018\/10\/STTYtoimintasuunnitelma_2019.pdf\" target=\"_blank\" rel=\"noopener noreferrer\">toimintasuunnitelma<\/a> 2019<\/p>\n","protected":false},"excerpt":{"rendered":"<p>Syyskokousessa k\u00e4sitelt\u00e4v\u00e4 toimintasuunnitelma 2019<\/p>\n","protected":false},"author":2,"featured_media":0,"parent":0,"menu_order":5,"comment_status":"closed","ping_status":"open","template":"","meta":{"footnotes":""},"categories":[8],"class_list":["post-266","page","type-page","status-publish","category-kokoukset"],"translation":{"provider":"WPGlobus","version":"3.0.2","language":"en","enabled_languages":["fi","en","sv"],"languages":{"fi":{"title":true,"content":true,"excerpt":false},"en":{"title":false,"content":false,"excerpt":false},"sv":{"title":false,"content":false,"excerpt":false}}},"yoast_head":"<!-- This site is optimized with the Yoast SEO plugin v27.4 - https:\/\/yoast.com\/product\/yoast-seo-wordpress\/ -->\n<title>Toimintasuunnitelma 2018-2019 - Sosiaali- ja terveydenhuollon tietojenk\u00e4sittely-yhdistys<\/title>\n<meta name=\"robots\" content=\"index, follow, max-snippet:-1, max-image-preview:large, max-video-preview:-1\" \/>\n<link rel=\"canonical\" href=\"https:\/\/stty.org\/en\/toimintasuunnitelma-2018-2019\/\" \/>\n<meta property=\"og:locale\" content=\"en_US\" \/>\n<meta property=\"og:type\" content=\"article\" \/>\n<meta property=\"og:title\" content=\"Toimintasuunnitelma 2018-2019 - Sosiaali- ja terveydenhuollon tietojenk\u00e4sittely-yhdistys\" \/>\n<meta property=\"og:url\" content=\"https:\/\/stty.org\/en\/toimintasuunnitelma-2018-2019\/\" \/>\n<meta property=\"og:site_name\" content=\"Sosiaali- ja terveydenhuollon tietojenk\u00e4sittely-yhdistys\" \/>\n<meta property=\"article:modified_time\" content=\"2020-11-25T16:18:40+00:00\" \/>\n<meta name=\"twitter:card\" content=\"summary_large_image\" \/>\n<script type=\"application\/ld+json\" class=\"yoast-schema-graph\">{\"@context\":\"https:\\\/\\\/schema.org\",\"@graph\":[{\"@type\":\"WebPage\",\"@id\":\"https:\\\/\\\/stty.org\\\/en\\\/toimintasuunnitelma-2018-2019\\\/\",\"url\":\"https:\\\/\\\/stty.org\\\/en\\\/toimintasuunnitelma-2018-2019\\\/\",\"name\":\"Toimintasuunnitelma 2018-2019 - Sosiaali- ja terveydenhuollon tietojenk\u00e4sittely-yhdistys\",\"isPartOf\":{\"@id\":\"https:\\\/\\\/stty.org\\\/en\\\/#website\"},\"datePublished\":\"2018-10-23T17:42:52+00:00\",\"dateModified\":\"2020-11-25T16:18:40+00:00\",\"breadcrumb\":{\"@id\":\"https:\\\/\\\/stty.org\\\/en\\\/toimintasuunnitelma-2018-2019\\\/#breadcrumb\"},\"inLanguage\":\"en-US\",\"potentialAction\":[{\"@type\":\"ReadAction\",\"target\":[\"https:\\\/\\\/stty.org\\\/en\\\/toimintasuunnitelma-2018-2019\\\/\"]}]},{\"@type\":\"BreadcrumbList\",\"@id\":\"https:\\\/\\\/stty.org\\\/en\\\/toimintasuunnitelma-2018-2019\\\/#breadcrumb\",\"itemListElement\":[{\"@type\":\"ListItem\",\"position\":1,\"name\":\"Etusivu\",\"item\":\"https:\\\/\\\/stty.org\\\/\"},{\"@type\":\"ListItem\",\"position\":2,\"name\":\"Toimintasuunnitelma 2018-2019\"}]},{\"@type\":\"WebSite\",\"@id\":\"https:\\\/\\\/stty.org\\\/en\\\/#website\",\"url\":\"https:\\\/\\\/stty.org\\\/en\\\/\",\"name\":\"Sosiaali- ja terveydenhuollon tietojenk\u00e4sittely-yhdistys\",\"description\":\"F\u00f6reningen f\u00f6r informationsbehandling inom social- och h\u00e4lsov\u00e5rden rf Finnish Social and Health Informatics Association\",\"publisher\":{\"@id\":\"https:\\\/\\\/stty.org\\\/en\\\/#organization\"},\"potentialAction\":[{\"@type\":\"SearchAction\",\"target\":{\"@type\":\"EntryPoint\",\"urlTemplate\":\"https:\\\/\\\/stty.org\\\/en\\\/?s={search_term_string}\"},\"query-input\":{\"@type\":\"PropertyValueSpecification\",\"valueRequired\":true,\"valueName\":\"search_term_string\"}}],\"inLanguage\":\"en-US\"},{\"@type\":\"Organization\",\"@id\":\"https:\\\/\\\/stty.org\\\/en\\\/#organization\",\"name\":\"Sosiaali- ja terveydenhuollon tietojenk\u00e4sittely-yhdistys\",\"url\":\"https:\\\/\\\/stty.org\\\/en\\\/\",\"logo\":{\"@type\":\"ImageObject\",\"inLanguage\":\"en-US\",\"@id\":\"https:\\\/\\\/stty.org\\\/en\\\/#\\\/schema\\\/logo\\\/image\\\/\",\"url\":\"https:\\\/\\\/stty.org\\\/wp-content\\\/uploads\\\/2020\\\/07\\\/STTY_logo1.jpg\",\"contentUrl\":\"https:\\\/\\\/stty.org\\\/wp-content\\\/uploads\\\/2020\\\/07\\\/STTY_logo1.jpg\",\"width\":198,\"height\":105,\"caption\":\"Sosiaali- ja terveydenhuollon tietojenk\u00e4sittely-yhdistys\"},\"image\":{\"@id\":\"https:\\\/\\\/stty.org\\\/en\\\/#\\\/schema\\\/logo\\\/image\\\/\"}}]}<\/script>\n<!-- \/ Yoast SEO plugin. -->","yoast_head_json":{"title":"Toimintasuunnitelma 2018-2019 - Sosiaali- ja terveydenhuollon tietojenk\u00e4sittely-yhdistys","robots":{"index":"index","follow":"follow","max-snippet":"max-snippet:-1","max-image-preview":"max-image-preview:large","max-video-preview":"max-video-preview:-1"},"canonical":"https:\/\/stty.org\/en\/toimintasuunnitelma-2018-2019\/","og_locale":"en_US","og_type":"article","og_title":"Toimintasuunnitelma 2018-2019 - Sosiaali- ja terveydenhuollon tietojenk\u00e4sittely-yhdistys","og_url":"https:\/\/stty.org\/en\/toimintasuunnitelma-2018-2019\/","og_site_name":"Sosiaali- ja terveydenhuollon tietojenk\u00e4sittely-yhdistys","article_modified_time":"2020-11-25T16:18:40+00:00","twitter_card":"summary_large_image","schema":{"@context":"https:\/\/schema.org","@graph":[{"@type":"WebPage","@id":"https:\/\/stty.org\/en\/toimintasuunnitelma-2018-2019\/","url":"https:\/\/stty.org\/en\/toimintasuunnitelma-2018-2019\/","name":"Toimintasuunnitelma 2018-2019 - Sosiaali- ja terveydenhuollon tietojenk\u00e4sittely-yhdistys","isPartOf":{"@id":"https:\/\/stty.org\/en\/#website"},"datePublished":"2018-10-23T17:42:52+00:00","dateModified":"2020-11-25T16:18:40+00:00","breadcrumb":{"@id":"https:\/\/stty.org\/en\/toimintasuunnitelma-2018-2019\/#breadcrumb"},"inLanguage":"en-US","potentialAction":[{"@type":"ReadAction","target":["https:\/\/stty.org\/en\/toimintasuunnitelma-2018-2019\/"]}]},{"@type":"BreadcrumbList","@id":"https:\/\/stty.org\/en\/toimintasuunnitelma-2018-2019\/#breadcrumb","itemListElement":[{"@type":"ListItem","position":1,"name":"Etusivu","item":"https:\/\/stty.org\/"},{"@type":"ListItem","position":2,"name":"Toimintasuunnitelma 2018-2019"}]},{"@type":"WebSite","@id":"https:\/\/stty.org\/en\/#website","url":"https:\/\/stty.org\/en\/","name":"Sosiaali- ja terveydenhuollon tietojenk\u00e4sittely-yhdistys","description":"F\u00f6reningen f\u00f6r informationsbehandling inom social- och h\u00e4lsov\u00e5rden rf Finnish Social and Health Informatics Association","publisher":{"@id":"https:\/\/stty.org\/en\/#organization"},"potentialAction":[{"@type":"SearchAction","target":{"@type":"EntryPoint","urlTemplate":"https:\/\/stty.org\/en\/?s={search_term_string}"},"query-input":{"@type":"PropertyValueSpecification","valueRequired":true,"valueName":"search_term_string"}}],"inLanguage":"en-US"},{"@type":"Organization","@id":"https:\/\/stty.org\/en\/#organization","name":"Sosiaali- ja terveydenhuollon tietojenk\u00e4sittely-yhdistys","url":"https:\/\/stty.org\/en\/","logo":{"@type":"ImageObject","inLanguage":"en-US","@id":"https:\/\/stty.org\/en\/#\/schema\/logo\/image\/","url":"https:\/\/stty.org\/wp-content\/uploads\/2020\/07\/STTY_logo1.jpg","contentUrl":"https:\/\/stty.org\/wp-content\/uploads\/2020\/07\/STTY_logo1.jpg","width":198,"height":105,"caption":"Sosiaali- ja terveydenhuollon tietojenk\u00e4sittely-yhdistys"},"image":{"@id":"https:\/\/stty.org\/en\/#\/schema\/logo\/image\/"}}]}},"jetpack_sharing_enabled":true,"jetpack-related-posts":[{"id":1389,"url":"https:\/\/stty.org\/en\/yhdistyksen-kokoukset\/","url_meta":{"origin":266,"position":0},"title":"Yhdistyksen kokoukset","author":"Timo Ukkola","date":"12.1.2022","format":false,"excerpt":"Kokoukset 2024 Syyskokouksen p\u00f6yt\u00e4kirja_27112024_allekirjoitettu Syyskokous_2024_asialista Kev\u00e4tkokous_STTY_asialista_2024 Kokoukset 2023 Syyskokous_allekirjoitettu p\u00f6yt\u00e4kirja_2023 Syyskokous_2023_asialista kevatkokouksen p\u00f6yt\u00e4kirja_30052023_allekirjoitettu Kev\u00e4tkokous_STTY_asialista_2023 Kokoukset 2022 Syyskokous_2022_p\u00f6yt\u00e4kirja Syyskokous_2022_asialista Kev\u00e4tkokous_p\u00f6yt\u00e4kirja_09052022_allekirjoitettu STTY-kev\u00e4tkokous2022-esityslista Kokoukset 2021 Syyskokous p\u00f6yt\u00e4kirja 081221 Syyskokous 2021 asialista kev\u00e4tkokouksen p\u00f6yt\u00e4kirja 31052021 Kev\u00e4tkokous 2021 asialista Kokoukset 2020 syyskokouksen p\u00f6yt\u00e4kirja 02122020 Syyskokous2020asialista keva\u0308tkokouksen p\u00f6yt\u00e4kirja_15062020 keva\u0308tkokouksen asialista 2020 Kokoukset 2019 Syyskokous_20112019_poytakirja Syyskokous2019asialista keva\u0308tkokouksen\u2026","rel":"","context":"Similar post","block_context":{"text":"Similar post","link":""},"img":{"alt_text":"","src":"","width":0,"height":0},"classes":[]},{"id":2143,"url":"https:\/\/stty.org\/en\/sttyn-tutkimuspaivat\/sotetite-julkaisut\/","url_meta":{"origin":266,"position":1},"title":"Tutkimusp\u00e4iv\u00e4t: Aikaisempien vuosien julkaisut","author":"Sivustonikkari","date":"16.12.2025","format":false,"excerpt":"Tutkimusp\u00e4iv\u00e4t Kirjoituskutsu Ohjelma Prekonferenssi Julkaisut Sosiaali- ja terveydenhuollon tietotekniikan ja tiedonhallinnan tutkimusp\u00e4ivien tutkimusjulkaisut 2002- Tutkimuspaperit 2025 (FinJeHeW Vol 17, No 2, 2025) Tutkimuspaperit 2024 (FinJeHeW Vol 16, No 2, 2024) Tutkimuspaperit 2023 (FinJeHeW Vol 15, No 2, 2023) Tutkimuspaperit 2022 (FinJeHeW Vol 14, No 2, 2022) Tutkimuspaperit 2021 (FinJeHeW Vol\u2026","rel":"","context":"Similar post","block_context":{"text":"Similar post","link":""},"img":{"alt_text":"","src":"https:\/\/i0.wp.com\/stty.org\/wp-content\/uploads\/2025\/08\/FinJeHew-logo.png?resize=350%2C200&ssl=1","width":350,"height":200},"classes":[]},{"id":585,"url":"https:\/\/stty.org\/en\/yhdistyksen-saannot\/","url_meta":{"origin":266,"position":2},"title":"Yhdistyksen s\u00e4\u00e4nn\u00f6t","author":"Alpo.Varri@tuni.fi","date":"9.11.2020","format":false,"excerpt":"STTY:n s\u00e4\u00e4nn\u00f6t \u2013 s\u00e4\u00e4nt\u00f6muutos rekister\u00f6ity 21.7.2017 Muutos hyv\u00e4ksytty yhdistyksen kokouksissa\u00a024.11.2016\u00a0ja 22.5.2017 Yhdistyksen nimi, kotipaikka ja tarkoitus 1 \u00a7 Yhdistyksen nimi on Sosiaali- ja terveydenhuollon tietojenk\u00e4sittely-yhdistys ry., F\u00f6reningen f\u00f6r informationsbehandling inom social- och h\u00e4lsov\u00e5rden rf., ja kansainv\u00e4lisiss\u00e4 yhteyksiss\u00e4 yhdistyksen ep\u00e4virallinen englanninkielinen nimi on Finnish Social and Health Informatics Association. Yhdistyksen kotipaikkana\u2026","rel":"","context":"Similar post","block_context":{"text":"Similar post","link":""},"img":{"alt_text":"","src":"","width":0,"height":0},"classes":[]},{"id":836,"url":"https:\/\/stty.org\/en\/hallituksen-kokoukset-2019\/","url_meta":{"origin":266,"position":3},"title":"Hallituksen kokoukset 2019","author":"Alpo.Varri@tuni.fi","date":"18.12.2020","format":false,"excerpt":"T\u00e4lt\u00e4 sivulta l\u00f6ytyv\u00e4t hallituksen kokousten muistiot vuodelta 2019 Hallituksen_muistio_11.12.2019 Hallituksen_muistio_21.10.2019 Hallituksen_muistio_10.09.2019 Hallituksen_muistio_17.06.2019 Hallituksen_muistio_27.03.2019 Hallituksen_muistio_27.02.2019 Hallituksen_muistio_21.01.2019","rel":"","context":"In &quot;Uutiset&quot;","block_context":{"text":"Uutiset","link":"https:\/\/stty.org\/en\/kategoria\/uutiset\/"},"img":{"alt_text":"","src":"","width":0,"height":0},"classes":[]},{"id":166,"url":"https:\/\/stty.org\/en\/toiminta\/","url_meta":{"origin":266,"position":4},"title":"Toiminta","author":"STTY","date":"17.3.2014","format":false,"excerpt":"Yhdistyksen toimialana on sosiaali- ja terveydenhuollon tietotekniikka ja tiedonhallinta k\u00e4yt\u00e4nn\u00f6n toimintana ja tieteenalana. Yhdistyksen tarkoituksena on toimia yhdyssiteen\u00e4 alalla toimivien keskuudessa, edist\u00e4\u00e4 alan k\u00e4yt\u00e4nn\u00f6llist\u00e4 ja tieteellist\u00e4 kehityst\u00e4 ja soveltamista, edist\u00e4\u00e4 alan kansainv\u00e4lisi\u00e4 yhteyksi\u00e4 sek\u00e4 tehd\u00e4 alaa tunnetuksi. Yhdistys toteuttaa tarkoitusperi\u00e4\u00e4n j\u00e4rjest\u00e4m\u00e4ll\u00e4 tiedotus- ja julkaisutoimintaa, kokouksia, esitelm\u00e4- ja koulutustilaisuuksia sek\u00e4 j\u00e4senilleen\u2026","rel":"","context":"In &quot;Toiminta&quot;","block_context":{"text":"Toiminta","link":"https:\/\/stty.org\/en\/kategoria\/stty-toiminta\/"},"img":{"alt_text":"","src":"https:\/\/i0.wp.com\/stty.org\/wp-content\/uploads\/2021\/04\/Jylha_Virpi-8619-10x15-1-234x300.png?resize=350%2C200&ssl=1","width":350,"height":200},"classes":[]},{"id":52,"url":"https:\/\/stty.org\/en\/sttyn-tutkimuspaivat\/","url_meta":{"origin":266,"position":5},"title":"Research Days","author":"STTY","date":"23.2.2010","format":false,"excerpt":"{:fi} Tutkimusp\u00e4iv\u00e4t Kirjoituskutsu Ohjelma Prekonferenssi Julkaisut Sosiaali- ja terveydenhuollon tietojenk\u00e4sittelyn 28. tutkimusp\u00e4iv\u00e4t 21.4.2026, Tieteiden Talo, Helsinki K\u00e4yth\u00e4n ilmoittautumassa 13.4.2026 menness\u00e4: Sotetite_ilmoittautuminen Huom: samalla linkill\u00e4 voit ilmoittautua tutkimusp\u00e4ivien lis\u00e4ksi prefonferenssiin sek\u00e4 omakustanteiselle illalliselle 20.4.2026. Tutkimusp\u00e4ivien ohjelmaan p\u00e4\u00e4set tutustumaan t\u00e4\u00e4lt\u00e4 Illalliskutsu STTY:n j\u00e4senille ravintola Lasipalatsiin 20.4.2026 Tutkimusp\u00e4ivien sek\u00e4 sit\u00e4 edelt\u00e4v\u00e4n prekonferenssin yhteydess\u00e4\u2026","rel":"","context":"In &quot;Tutkimusp\u00e4iv\u00e4t&quot;","block_context":{"text":"Tutkimusp\u00e4iv\u00e4t","link":"https:\/\/stty.org\/en\/kategoria\/tutkimuspaivat\/"},"img":{"alt_text":"","src":"https:\/\/i0.wp.com\/stty.org\/wp-content\/uploads\/2025\/12\/Tieteiden_talo_2_Julkisivu-300x195.jpg?resize=350%2C200&ssl=1","width":350,"height":200},"classes":[]}],"_links":{"self":[{"href":"https:\/\/stty.org\/en\/wp-json\/wp\/v2\/pages\/266","targetHints":{"allow":["GET"]}}],"collection":[{"href":"https:\/\/stty.org\/en\/wp-json\/wp\/v2\/pages"}],"about":[{"href":"https:\/\/stty.org\/en\/wp-json\/wp\/v2\/types\/page"}],"author":[{"embeddable":true,"href":"https:\/\/stty.org\/en\/wp-json\/wp\/v2\/users\/2"}],"replies":[{"embeddable":true,"href":"https:\/\/stty.org\/en\/wp-json\/wp\/v2\/comments?post=266"}],"version-history":[{"count":1,"href":"https:\/\/stty.org\/en\/wp-json\/wp\/v2\/pages\/266\/revisions"}],"predecessor-version":[{"id":426,"href":"https:\/\/stty.org\/en\/wp-json\/wp\/v2\/pages\/266\/revisions\/426"}],"wp:attachment":[{"href":"https:\/\/stty.org\/en\/wp-json\/wp\/v2\/media?parent=266"}],"wp:term":[{"taxonomy":"category","embeddable":true,"href":"https:\/\/stty.org\/en\/wp-json\/wp\/v2\/categories?post=266"}],"curies":[{"name":"wp","href":"https:\/\/api.w.org\/{rel}","templated":true}]}}