{"id":182,"date":"2015-10-20T10:49:56","date_gmt":"2015-10-20T10:49:56","guid":{"rendered":"https:\/\/stty.org\/2015\/10\/20\/sosiaali-ja-terveydenhuollon-tietojenkasittely-yhdistys\/"},"modified":"2026-03-18T15:40:51","modified_gmt":"2026-03-18T13:40:51","slug":"sosiaali-ja-terveydenhuollon-tietojenkasittely-yhdistys","status":"publish","type":"page","link":"https:\/\/stty.org\/en\/","title":{"rendered":"Finnish Social and Health Informatics Association"},"content":{"rendered":"<p>The Finnish Social and Health Informatics Association (FinnSHIA) is a community of the Finnish scientists and professionals in the field of health and welfare informatics. It enables the co-operation and fluent information flow about the field among its members. FinnSHIA arranges its scientific event &#8211; the research day, annually inviting papers from the association members and other interested authors of the field. Together with the Finnish Telemedicine and eHealth Association, FinnSHIA publishes a scientific e-journal <a href=\"https:\/\/journal.fi\/finjehew\" target=\"_blank\" rel=\"noopener noreferrer\">Finnish Journal of eHealth and eWelfare<\/a>.<\/p>\n<p>FinnSHIA represents Finland in the European Federation of Medical Informatics (EFMI) and the International Medical Informatics Association (IMIA).<\/p>\n","protected":false},"excerpt":{"rendered":"<p>The Finnish Social and Health Informatics Association (FinnSHIA) is a community of the Finnish scientists and professionals in the field of health and welfare informatics. It enables the co-operation and &#8230; <a title=\"Finnish Social and Health Informatics Association\" class=\"read-more\" href=\"https:\/\/stty.org\/en\/\" aria-label=\"Read more about Finnish Social and Health Informatics Association\">Read more<\/a><\/p>\n","protected":false},"author":2,"featured_media":0,"parent":0,"menu_order":1,"comment_status":"closed","ping_status":"open","template":"","meta":{"footnotes":""},"categories":[18],"class_list":["post-182","page","type-page","status-publish","category-etusivu"],"translation":{"provider":"WPGlobus","version":"3.0.2","language":"en","enabled_languages":["fi","en","sv"],"languages":{"fi":{"title":true,"content":true,"excerpt":false},"en":{"title":true,"content":true,"excerpt":false},"sv":{"title":false,"content":false,"excerpt":false}}},"yoast_head":"<!-- This site is optimized with the Yoast SEO plugin v27.4 - https:\/\/yoast.com\/product\/yoast-seo-wordpress\/ -->\n<title>Finnish Social and Health Informatics Association - Sosiaali- ja terveydenhuollon tietojenk\u00e4sittely-yhdistys<\/title>\n<meta name=\"robots\" content=\"index, follow, max-snippet:-1, max-image-preview:large, max-video-preview:-1\" \/>\n<link rel=\"canonical\" href=\"https:\/\/stty.org\/\" \/>\n<meta property=\"og:locale\" content=\"en_US\" \/>\n<meta property=\"og:type\" content=\"article\" \/>\n<meta property=\"og:title\" content=\"Finnish Social and Health Informatics Association - Sosiaali- ja terveydenhuollon tietojenk\u00e4sittely-yhdistys\" \/>\n<meta property=\"og:url\" content=\"https:\/\/stty.org\/\" \/>\n<meta property=\"og:site_name\" content=\"Sosiaali- ja terveydenhuollon tietojenk\u00e4sittely-yhdistys\" \/>\n<meta property=\"article:modified_time\" content=\"2026-03-18T13:40:51+00:00\" \/>\n<meta property=\"og:image\" content=\"https:\/\/journal.fi\/public\/journals\/25\/pageHeaderLogoImage_en_US.png\" \/>\n<meta name=\"twitter:card\" content=\"summary_large_image\" \/>\n<meta name=\"twitter:label1\" content=\"Est. reading time\" \/>\n\t<meta name=\"twitter:data1\" content=\"2 minutes\" \/>\n<script type=\"application\/ld+json\" class=\"yoast-schema-graph\">{\"@context\":\"https:\\\/\\\/schema.org\",\"@graph\":[{\"@type\":\"WebPage\",\"@id\":\"https:\\\/\\\/stty.org\\\/\",\"url\":\"https:\\\/\\\/stty.org\\\/\",\"name\":\"Finnish Social and Health Informatics Association - Sosiaali- ja terveydenhuollon tietojenk\u00e4sittely-yhdistys\",\"isPartOf\":{\"@id\":\"https:\\\/\\\/stty.org\\\/en\\\/#website\"},\"primaryImageOfPage\":{\"@id\":\"https:\\\/\\\/stty.org\\\/#primaryimage\"},\"image\":{\"@id\":\"https:\\\/\\\/stty.org\\\/#primaryimage\"},\"thumbnailUrl\":\"https:\\\/\\\/journal.fi\\\/public\\\/journals\\\/25\\\/pageHeaderLogoImage_en_US.png\",\"datePublished\":\"2015-10-20T10:49:56+00:00\",\"dateModified\":\"2026-03-18T13:40:51+00:00\",\"breadcrumb\":{\"@id\":\"https:\\\/\\\/stty.org\\\/#breadcrumb\"},\"inLanguage\":\"en-US\",\"potentialAction\":[{\"@type\":\"ReadAction\",\"target\":[\"https:\\\/\\\/stty.org\\\/\"]}]},{\"@type\":\"ImageObject\",\"inLanguage\":\"en-US\",\"@id\":\"https:\\\/\\\/stty.org\\\/#primaryimage\",\"url\":\"https:\\\/\\\/journal.fi\\\/public\\\/journals\\\/25\\\/pageHeaderLogoImage_en_US.png\",\"contentUrl\":\"https:\\\/\\\/journal.fi\\\/public\\\/journals\\\/25\\\/pageHeaderLogoImage_en_US.png\"},{\"@type\":\"BreadcrumbList\",\"@id\":\"https:\\\/\\\/stty.org\\\/#breadcrumb\",\"itemListElement\":[{\"@type\":\"ListItem\",\"position\":1,\"name\":\"Etusivu\",\"item\":\"https:\\\/\\\/stty.org\\\/\"},{\"@type\":\"ListItem\",\"position\":2,\"name\":\"Sosiaali- ja terveydenhuollon tietojenk\u00e4sittely-yhdistys\"}]},{\"@type\":\"WebSite\",\"@id\":\"https:\\\/\\\/stty.org\\\/en\\\/#website\",\"url\":\"https:\\\/\\\/stty.org\\\/en\\\/\",\"name\":\"Sosiaali- ja terveydenhuollon tietojenk\u00e4sittely-yhdistys\",\"description\":\"F\u00f6reningen f\u00f6r informationsbehandling inom social- och h\u00e4lsov\u00e5rden rf Finnish Social and Health Informatics Association\",\"publisher\":{\"@id\":\"https:\\\/\\\/stty.org\\\/en\\\/#organization\"},\"potentialAction\":[{\"@type\":\"SearchAction\",\"target\":{\"@type\":\"EntryPoint\",\"urlTemplate\":\"https:\\\/\\\/stty.org\\\/en\\\/?s={search_term_string}\"},\"query-input\":{\"@type\":\"PropertyValueSpecification\",\"valueRequired\":true,\"valueName\":\"search_term_string\"}}],\"inLanguage\":\"en-US\"},{\"@type\":\"Organization\",\"@id\":\"https:\\\/\\\/stty.org\\\/en\\\/#organization\",\"name\":\"Sosiaali- ja terveydenhuollon tietojenk\u00e4sittely-yhdistys\",\"url\":\"https:\\\/\\\/stty.org\\\/en\\\/\",\"logo\":{\"@type\":\"ImageObject\",\"inLanguage\":\"en-US\",\"@id\":\"https:\\\/\\\/stty.org\\\/en\\\/#\\\/schema\\\/logo\\\/image\\\/\",\"url\":\"https:\\\/\\\/stty.org\\\/wp-content\\\/uploads\\\/2020\\\/07\\\/STTY_logo1.jpg\",\"contentUrl\":\"https:\\\/\\\/stty.org\\\/wp-content\\\/uploads\\\/2020\\\/07\\\/STTY_logo1.jpg\",\"width\":198,\"height\":105,\"caption\":\"Sosiaali- ja terveydenhuollon tietojenk\u00e4sittely-yhdistys\"},\"image\":{\"@id\":\"https:\\\/\\\/stty.org\\\/en\\\/#\\\/schema\\\/logo\\\/image\\\/\"}}]}<\/script>\n<!-- \/ Yoast SEO plugin. -->","yoast_head_json":{"title":"Finnish Social and Health Informatics Association - Sosiaali- ja terveydenhuollon tietojenk\u00e4sittely-yhdistys","robots":{"index":"index","follow":"follow","max-snippet":"max-snippet:-1","max-image-preview":"max-image-preview:large","max-video-preview":"max-video-preview:-1"},"canonical":"https:\/\/stty.org\/","og_locale":"en_US","og_type":"article","og_title":"Finnish Social and Health Informatics Association - Sosiaali- ja terveydenhuollon tietojenk\u00e4sittely-yhdistys","og_url":"https:\/\/stty.org\/","og_site_name":"Sosiaali- ja terveydenhuollon tietojenk\u00e4sittely-yhdistys","article_modified_time":"2026-03-18T13:40:51+00:00","og_image":[{"url":"https:\/\/journal.fi\/public\/journals\/25\/pageHeaderLogoImage_en_US.png","type":"","width":"","height":""}],"twitter_card":"summary_large_image","twitter_misc":{"Est. reading time":"2 minutes"},"schema":{"@context":"https:\/\/schema.org","@graph":[{"@type":"WebPage","@id":"https:\/\/stty.org\/","url":"https:\/\/stty.org\/","name":"Finnish Social and Health Informatics Association - Sosiaali- ja terveydenhuollon tietojenk\u00e4sittely-yhdistys","isPartOf":{"@id":"https:\/\/stty.org\/en\/#website"},"primaryImageOfPage":{"@id":"https:\/\/stty.org\/#primaryimage"},"image":{"@id":"https:\/\/stty.org\/#primaryimage"},"thumbnailUrl":"https:\/\/journal.fi\/public\/journals\/25\/pageHeaderLogoImage_en_US.png","datePublished":"2015-10-20T10:49:56+00:00","dateModified":"2026-03-18T13:40:51+00:00","breadcrumb":{"@id":"https:\/\/stty.org\/#breadcrumb"},"inLanguage":"en-US","potentialAction":[{"@type":"ReadAction","target":["https:\/\/stty.org\/"]}]},{"@type":"ImageObject","inLanguage":"en-US","@id":"https:\/\/stty.org\/#primaryimage","url":"https:\/\/journal.fi\/public\/journals\/25\/pageHeaderLogoImage_en_US.png","contentUrl":"https:\/\/journal.fi\/public\/journals\/25\/pageHeaderLogoImage_en_US.png"},{"@type":"BreadcrumbList","@id":"https:\/\/stty.org\/#breadcrumb","itemListElement":[{"@type":"ListItem","position":1,"name":"Etusivu","item":"https:\/\/stty.org\/"},{"@type":"ListItem","position":2,"name":"Sosiaali- ja terveydenhuollon tietojenk\u00e4sittely-yhdistys"}]},{"@type":"WebSite","@id":"https:\/\/stty.org\/en\/#website","url":"https:\/\/stty.org\/en\/","name":"Sosiaali- ja terveydenhuollon tietojenk\u00e4sittely-yhdistys","description":"F\u00f6reningen f\u00f6r informationsbehandling inom social- och h\u00e4lsov\u00e5rden rf Finnish Social and Health Informatics Association","publisher":{"@id":"https:\/\/stty.org\/en\/#organization"},"potentialAction":[{"@type":"SearchAction","target":{"@type":"EntryPoint","urlTemplate":"https:\/\/stty.org\/en\/?s={search_term_string}"},"query-input":{"@type":"PropertyValueSpecification","valueRequired":true,"valueName":"search_term_string"}}],"inLanguage":"en-US"},{"@type":"Organization","@id":"https:\/\/stty.org\/en\/#organization","name":"Sosiaali- ja terveydenhuollon tietojenk\u00e4sittely-yhdistys","url":"https:\/\/stty.org\/en\/","logo":{"@type":"ImageObject","inLanguage":"en-US","@id":"https:\/\/stty.org\/en\/#\/schema\/logo\/image\/","url":"https:\/\/stty.org\/wp-content\/uploads\/2020\/07\/STTY_logo1.jpg","contentUrl":"https:\/\/stty.org\/wp-content\/uploads\/2020\/07\/STTY_logo1.jpg","width":198,"height":105,"caption":"Sosiaali- ja terveydenhuollon tietojenk\u00e4sittely-yhdistys"},"image":{"@id":"https:\/\/stty.org\/en\/#\/schema\/logo\/image\/"}}]}},"jetpack_sharing_enabled":true,"jetpack-related-posts":[{"id":1294,"url":"https:\/\/stty.org\/en\/stty-blogi\/stty-blogi-ajankohtaista-sote-tiedosta-missa-mennaan-kansallisesti\/","url_meta":{"origin":182,"position":0},"title":"Ajankohtaista sote-tiedosta \u2013 miss\u00e4 menn\u00e4\u00e4n kansallisesti?","author":"Laura-Maria Peltonen","date":"11.11.2021","format":false,"excerpt":"Sosiaali- ja terveydenhuollon tietojenk\u00e4sittelyn 23. tutkimusp\u00e4iv\u00e4t (SoTeTiTe 2021) pidettiin Kuopiossa 11.11.2021. Aiheena oli \u201cYhteinen sote-tieto? - Tiedon toisiok\u00e4ytt\u00f6 ja digitalisaation vaikutukset\u201d. P\u00e4iv\u00e4t toivat yhteen sosiaali- ja terveydenhuollon informatiikan, tietotekniikan ja tiedonhallinnan tutkijoita ja asiantuntijoita eri puolilta Suomea. Tapahtumaa on j\u00e4rjestetty vuodesta 1998 alkaen. Tutkimusp\u00e4ivill\u00e4 kuultiin t\u00e4n\u00e4 vuonna keynote-puheenvuoro tiimip\u00e4\u00e4llikk\u00f6 Erja\u2026","rel":"","context":"In &quot;Blogiartikkeli&quot;","block_context":{"text":"Blogiartikkeli","link":"https:\/\/stty.org\/en\/kategoria\/blog\/"},"img":{"alt_text":"","src":"https:\/\/i0.wp.com\/stty.org\/wp-content\/uploads\/2021\/11\/samuel-300x216.jpg?resize=350%2C200&ssl=1","width":350,"height":200},"classes":[]},{"id":166,"url":"https:\/\/stty.org\/en\/toiminta\/","url_meta":{"origin":182,"position":1},"title":"Toiminta","author":"STTY","date":"17.3.2014","format":false,"excerpt":"Yhdistyksen toimialana on sosiaali- ja terveydenhuollon tietotekniikka ja tiedonhallinta k\u00e4yt\u00e4nn\u00f6n toimintana ja tieteenalana. Yhdistyksen tarkoituksena on toimia yhdyssiteen\u00e4 alalla toimivien keskuudessa, edist\u00e4\u00e4 alan k\u00e4yt\u00e4nn\u00f6llist\u00e4 ja tieteellist\u00e4 kehityst\u00e4 ja soveltamista, edist\u00e4\u00e4 alan kansainv\u00e4lisi\u00e4 yhteyksi\u00e4 sek\u00e4 tehd\u00e4 alaa tunnetuksi. Yhdistys toteuttaa tarkoitusperi\u00e4\u00e4n j\u00e4rjest\u00e4m\u00e4ll\u00e4 tiedotus- ja julkaisutoimintaa, kokouksia, esitelm\u00e4- ja koulutustilaisuuksia sek\u00e4 j\u00e4senilleen\u2026","rel":"","context":"In &quot;Toiminta&quot;","block_context":{"text":"Toiminta","link":"https:\/\/stty.org\/en\/kategoria\/stty-toiminta\/"},"img":{"alt_text":"","src":"https:\/\/i0.wp.com\/stty.org\/wp-content\/uploads\/2021\/04\/Jylha_Virpi-8619-10x15-1-234x300.png?resize=350%2C200&ssl=1","width":350,"height":200},"classes":[]},{"id":52,"url":"https:\/\/stty.org\/en\/sttyn-tutkimuspaivat\/","url_meta":{"origin":182,"position":2},"title":"Research Days","author":"STTY","date":"23.2.2010","format":false,"excerpt":"{:fi} Tutkimusp\u00e4iv\u00e4t Kirjoituskutsu Ohjelma Julkaisut Sosiaali- ja terveydenhuollon tietojenk\u00e4sittelyn 28. tutkimusp\u00e4iv\u00e4t 21.4.2026, Tieteiden Talo, Helsinki Tutkimusp\u00e4ivien ohjelma Tutkimusp\u00e4ivill\u00e4 esitetyt tutkimukset ja lyhytpaperit: Finnish Journal of EHealth and EWelfare, 18(2) Pistem\u00e4isest\u00e4 kehitt\u00e4misest\u00e4 kohti kokonaisuuksien hallintaa 28. Sosiaali- ja terveydenhuollon tietojenk\u00e4sittelyn tutkimusp\u00e4iv\u00e4t ti 21.4.2026 Helsingiss\u00e4. Tutkimusp\u00e4iv\u00e4t muodostavat foorumin Suomessa teht\u00e4v\u00e4lle sosiaali- ja\u2026","rel":"","context":"In &quot;Tutkimusp\u00e4iv\u00e4t&quot;","block_context":{"text":"Tutkimusp\u00e4iv\u00e4t","link":"https:\/\/stty.org\/en\/kategoria\/tutkimuspaivat\/"},"img":{"alt_text":"","src":"https:\/\/i0.wp.com\/stty.org\/wp-content\/uploads\/2025\/12\/Tieteiden_talo_2_Julkisivu-300x195.jpg?resize=350%2C200&ssl=1","width":350,"height":200},"classes":[]},{"id":2192,"url":"https:\/\/stty.org\/en\/sttyn-tutkimuspaivat\/prekonferenssi\/","url_meta":{"origin":182,"position":3},"title":"Prekonferenssi","author":"Sivustonikkari","date":"29.1.2026","format":false,"excerpt":"Tutkimusp\u00e4iv\u00e4t Kirjoituskutsu Ohjelma Prekonferenssi Julkaisut Sosiaali- ja terveydenhuollon tiedonhallinnan prekonferenssi jatko-opiskelijoille: (Osista rakentuva) kokonainen v\u00e4it\u00f6skirja Sosiaali- ja terveydenhuollon tiedonhallinnan tutkimusp\u00e4ivien yhteydess\u00e4 j\u00e4rjestett\u00e4v\u00e4 prekonferenssi pidet\u00e4\u00e4n maanantaina 20.4.2026 klo 12\u201316.30 Tieteiden talolla Helsingiss\u00e4. Tilaisuus on suunnattu jatko-opiskelijoille, joiden tutkimus liittyy sosiaali- ja\/tai terveydenhuollon tiedonhallintaan. Tutkimusaihe voi esimerkiksi kytkeyty\u00e4 tietojenk\u00e4sittelyss\u00e4 hy\u00f6dynnett\u00e4viin teknologioihin, tiedonhallinnan\u2026","rel":"","context":"Similar post","block_context":{"text":"Similar post","link":""},"img":{"alt_text":"","src":"","width":0,"height":0},"classes":[]},{"id":2147,"url":"https:\/\/stty.org\/en\/sttyn-tutkimuspaivat\/ohjelma\/","url_meta":{"origin":182,"position":4},"title":"Tutkimusp\u00e4iv\u00e4t: Ohjelma","author":"Sivustonikkari","date":"16.12.2025","format":false,"excerpt":"Tutkimusp\u00e4iv\u00e4t Kirjoituskutsu Ohjelma Julkaisut Sosiaali- ja terveydenhuollon tietojenk\u00e4sittely -yhdistys ry j\u00e4rjest\u00e4\u00e4 28. Sosiaali- ja terveydenhuollon tietojenk\u00e4sittelyn tutkimusp\u00e4iv\u00e4t ti 21.4.2024 Helsingiss\u00e4. P\u00e4ivien teemana on Pistem\u00e4isest\u00e4 kehitt\u00e4misest\u00e4 kohti kokonaisuuksien hallintaa. Lataa ohjelma t\u00e4st\u00e4: SoTeTiTe_ohjelma_2026-06","rel":"","context":"Similar post","block_context":{"text":"Similar post","link":""},"img":{"alt_text":"","src":"https:\/\/i0.wp.com\/stty.org\/wp-content\/uploads\/2026\/04\/sotetite-images-0-scaled.jpg?resize=350%2C200&ssl=1","width":350,"height":200,"srcset":"https:\/\/i0.wp.com\/stty.org\/wp-content\/uploads\/2026\/04\/sotetite-images-0-scaled.jpg?resize=350%2C200&ssl=1 1x, https:\/\/i0.wp.com\/stty.org\/wp-content\/uploads\/2026\/04\/sotetite-images-0-scaled.jpg?resize=525%2C300&ssl=1 1.5x, https:\/\/i0.wp.com\/stty.org\/wp-content\/uploads\/2026\/04\/sotetite-images-0-scaled.jpg?resize=700%2C400&ssl=1 2x, https:\/\/i0.wp.com\/stty.org\/wp-content\/uploads\/2026\/04\/sotetite-images-0-scaled.jpg?resize=1050%2C600&ssl=1 3x, https:\/\/i0.wp.com\/stty.org\/wp-content\/uploads\/2026\/04\/sotetite-images-0-scaled.jpg?resize=1400%2C800&ssl=1 4x"},"classes":[]},{"id":2141,"url":"https:\/\/stty.org\/en\/sttyn-tutkimuspaivat\/kirjoituskutsu\/","url_meta":{"origin":182,"position":5},"title":"Tutkimusp\u00e4iv\u00e4t: Kirjoituskutsu","author":"Sivustonikkari","date":"16.12.2025","format":false,"excerpt":"Tutkimusp\u00e4iv\u00e4t Kirjoituskutsu Ohjelma Julkaisut Sosiaali- ja terveydenhuollon teknologioita kehitet\u00e4\u00e4n usein erillisin\u00e4 ratkaisuina yksitt\u00e4isiin tarpeisiin, mutta yh\u00e4 t\u00e4rke\u00e4mp\u00e4\u00e4 on tarkastella niiden yhteyksi\u00e4, vaikutuksia ja roolia osana koko palveluj\u00e4rjestelm\u00e4\u00e4. Tutkimusp\u00e4ivill\u00e4 kutsumme tutkijoita, kehitt\u00e4ji\u00e4 ja p\u00e4\u00e4t\u00f6ksentekij\u00f6it\u00e4 pohtimaan, miten yksitt\u00e4iset teknologiat nivoutuvat laajempiin kokonaisuuksiin, tukevat tietoperustaista johtamista ja p\u00e4\u00e4t\u00f6ksentekoa sek\u00e4 edist\u00e4v\u00e4t kest\u00e4v\u00e4\u00e4 ja vaikuttavaa\u2026","rel":"","context":"Similar post","block_context":{"text":"Similar post","link":""},"img":{"alt_text":"","src":"https:\/\/i0.wp.com\/stty.org\/wp-content\/uploads\/2025\/08\/FinJeHew-logo.png?resize=350%2C200&ssl=1","width":350,"height":200},"classes":[]}],"_links":{"self":[{"href":"https:\/\/stty.org\/en\/wp-json\/wp\/v2\/pages\/182","targetHints":{"allow":["GET"]}}],"collection":[{"href":"https:\/\/stty.org\/en\/wp-json\/wp\/v2\/pages"}],"about":[{"href":"https:\/\/stty.org\/en\/wp-json\/wp\/v2\/types\/page"}],"author":[{"embeddable":true,"href":"https:\/\/stty.org\/en\/wp-json\/wp\/v2\/users\/2"}],"replies":[{"embeddable":true,"href":"https:\/\/stty.org\/en\/wp-json\/wp\/v2\/comments?post=182"}],"version-history":[{"count":32,"href":"https:\/\/stty.org\/en\/wp-json\/wp\/v2\/pages\/182\/revisions"}],"predecessor-version":[{"id":2229,"href":"https:\/\/stty.org\/en\/wp-json\/wp\/v2\/pages\/182\/revisions\/2229"}],"wp:attachment":[{"href":"https:\/\/stty.org\/en\/wp-json\/wp\/v2\/media?parent=182"}],"wp:term":[{"taxonomy":"category","embeddable":true,"href":"https:\/\/stty.org\/en\/wp-json\/wp\/v2\/categories?post=182"}],"curies":[{"name":"wp","href":"https:\/\/api.w.org\/{rel}","templated":true}]}}