{"id":11,"date":"2020-07-13T10:10:29","date_gmt":"2020-07-13T10:10:29","guid":{"rendered":"https:\/\/stty.org\/?page_id=11"},"modified":"2026-03-18T12:23:17","modified_gmt":"2026-03-18T10:23:17","slug":"jasenyys","status":"publish","type":"page","link":"https:\/\/stty.org\/en\/jasenyys\/","title":{"rendered":"Membership"},"content":{"rendered":"<p>The Finnish Social and Health Informatics Association accepts individual and organization members. The organizations that operate in the health informatics area can become sponsoring members by paying the sponsoring fee and they get some visibility for their sponsoring. The sponsors can also get a limited amount of messages delivered to the society members.<\/p>\n<p>Interested experts can apply for membership in the society by filling in the <a href=\"https:\/\/www.flomembers.com\/stty-ry\/members\/application\/createApplication\" target=\"_blank\" rel=\"noopener\">personal information form<\/a> and the organization members can fill in the <a href=\"https:\/\/www.flomembers.com\/stty-ry\/members\/application\/createApplication\" target=\"_blank\" rel=\"noopener\">organization member form<\/a>.<\/p>\n","protected":false},"excerpt":{"rendered":"<p>The Finnish Social and Health Informatics Association accepts individual and organization members. The organizations that operate in the health informatics area can become sponsoring members by paying the sponsoring fee &#8230; <a title=\"Membership\" class=\"read-more\" href=\"https:\/\/stty.org\/en\/jasenyys\/\" aria-label=\"Read more about Membership\">Read more<\/a><\/p>\n","protected":false},"author":2,"featured_media":0,"parent":0,"menu_order":0,"comment_status":"closed","ping_status":"closed","template":"","meta":{"footnotes":""},"categories":[],"class_list":["post-11","page","type-page","status-publish"],"translation":{"provider":"WPGlobus","version":"3.0.2","language":"en","enabled_languages":["fi","en","sv"],"languages":{"fi":{"title":true,"content":true,"excerpt":false},"en":{"title":true,"content":true,"excerpt":false},"sv":{"title":false,"content":false,"excerpt":false}}},"yoast_head":"<!-- This site is optimized with the Yoast SEO plugin v27.4 - https:\/\/yoast.com\/product\/yoast-seo-wordpress\/ -->\n<title>Membership - Sosiaali- ja terveydenhuollon tietojenk\u00e4sittely-yhdistys<\/title>\n<meta name=\"robots\" content=\"index, follow, max-snippet:-1, max-image-preview:large, max-video-preview:-1\" \/>\n<link rel=\"canonical\" href=\"https:\/\/stty.org\/jasenyys\/\" \/>\n<meta property=\"og:locale\" content=\"en_US\" \/>\n<meta property=\"og:type\" content=\"article\" \/>\n<meta property=\"og:title\" content=\"Membership - Sosiaali- ja terveydenhuollon tietojenk\u00e4sittely-yhdistys\" \/>\n<meta property=\"og:url\" content=\"https:\/\/stty.org\/jasenyys\/\" \/>\n<meta property=\"og:site_name\" content=\"Sosiaali- ja terveydenhuollon tietojenk\u00e4sittely-yhdistys\" \/>\n<meta property=\"article:modified_time\" content=\"2026-03-18T10:23:17+00:00\" \/>\n<meta name=\"twitter:card\" content=\"summary_large_image\" \/>\n<meta name=\"twitter:label1\" content=\"Est. reading time\" \/>\n\t<meta name=\"twitter:data1\" content=\"2 minutes\" \/>\n<script type=\"application\/ld+json\" class=\"yoast-schema-graph\">{\"@context\":\"https:\\\/\\\/schema.org\",\"@graph\":[{\"@type\":\"WebPage\",\"@id\":\"https:\\\/\\\/stty.org\\\/jasenyys\\\/\",\"url\":\"https:\\\/\\\/stty.org\\\/jasenyys\\\/\",\"name\":\"Membership - Sosiaali- ja terveydenhuollon tietojenk\u00e4sittely-yhdistys\",\"isPartOf\":{\"@id\":\"https:\\\/\\\/stty.org\\\/en\\\/#website\"},\"datePublished\":\"2020-07-13T10:10:29+00:00\",\"dateModified\":\"2026-03-18T10:23:17+00:00\",\"breadcrumb\":{\"@id\":\"https:\\\/\\\/stty.org\\\/jasenyys\\\/#breadcrumb\"},\"inLanguage\":\"en-US\",\"potentialAction\":[{\"@type\":\"ReadAction\",\"target\":[\"https:\\\/\\\/stty.org\\\/jasenyys\\\/\"]}]},{\"@type\":\"BreadcrumbList\",\"@id\":\"https:\\\/\\\/stty.org\\\/jasenyys\\\/#breadcrumb\",\"itemListElement\":[{\"@type\":\"ListItem\",\"position\":1,\"name\":\"Etusivu\",\"item\":\"https:\\\/\\\/stty.org\\\/\"},{\"@type\":\"ListItem\",\"position\":2,\"name\":\"J\u00e4senyys\"}]},{\"@type\":\"WebSite\",\"@id\":\"https:\\\/\\\/stty.org\\\/en\\\/#website\",\"url\":\"https:\\\/\\\/stty.org\\\/en\\\/\",\"name\":\"Sosiaali- ja terveydenhuollon tietojenk\u00e4sittely-yhdistys\",\"description\":\"F\u00f6reningen f\u00f6r informationsbehandling inom social- och h\u00e4lsov\u00e5rden rf Finnish Social and Health Informatics Association\",\"publisher\":{\"@id\":\"https:\\\/\\\/stty.org\\\/en\\\/#organization\"},\"potentialAction\":[{\"@type\":\"SearchAction\",\"target\":{\"@type\":\"EntryPoint\",\"urlTemplate\":\"https:\\\/\\\/stty.org\\\/en\\\/?s={search_term_string}\"},\"query-input\":{\"@type\":\"PropertyValueSpecification\",\"valueRequired\":true,\"valueName\":\"search_term_string\"}}],\"inLanguage\":\"en-US\"},{\"@type\":\"Organization\",\"@id\":\"https:\\\/\\\/stty.org\\\/en\\\/#organization\",\"name\":\"Sosiaali- ja terveydenhuollon tietojenk\u00e4sittely-yhdistys\",\"url\":\"https:\\\/\\\/stty.org\\\/en\\\/\",\"logo\":{\"@type\":\"ImageObject\",\"inLanguage\":\"en-US\",\"@id\":\"https:\\\/\\\/stty.org\\\/en\\\/#\\\/schema\\\/logo\\\/image\\\/\",\"url\":\"https:\\\/\\\/stty.org\\\/wp-content\\\/uploads\\\/2020\\\/07\\\/STTY_logo1.jpg\",\"contentUrl\":\"https:\\\/\\\/stty.org\\\/wp-content\\\/uploads\\\/2020\\\/07\\\/STTY_logo1.jpg\",\"width\":198,\"height\":105,\"caption\":\"Sosiaali- ja terveydenhuollon tietojenk\u00e4sittely-yhdistys\"},\"image\":{\"@id\":\"https:\\\/\\\/stty.org\\\/en\\\/#\\\/schema\\\/logo\\\/image\\\/\"}}]}<\/script>\n<!-- \/ Yoast SEO plugin. -->","yoast_head_json":{"title":"Membership - Sosiaali- ja terveydenhuollon tietojenk\u00e4sittely-yhdistys","robots":{"index":"index","follow":"follow","max-snippet":"max-snippet:-1","max-image-preview":"max-image-preview:large","max-video-preview":"max-video-preview:-1"},"canonical":"https:\/\/stty.org\/jasenyys\/","og_locale":"en_US","og_type":"article","og_title":"Membership - Sosiaali- ja terveydenhuollon tietojenk\u00e4sittely-yhdistys","og_url":"https:\/\/stty.org\/jasenyys\/","og_site_name":"Sosiaali- ja terveydenhuollon tietojenk\u00e4sittely-yhdistys","article_modified_time":"2026-03-18T10:23:17+00:00","twitter_card":"summary_large_image","twitter_misc":{"Est. reading time":"2 minutes"},"schema":{"@context":"https:\/\/schema.org","@graph":[{"@type":"WebPage","@id":"https:\/\/stty.org\/jasenyys\/","url":"https:\/\/stty.org\/jasenyys\/","name":"Membership - Sosiaali- ja terveydenhuollon tietojenk\u00e4sittely-yhdistys","isPartOf":{"@id":"https:\/\/stty.org\/en\/#website"},"datePublished":"2020-07-13T10:10:29+00:00","dateModified":"2026-03-18T10:23:17+00:00","breadcrumb":{"@id":"https:\/\/stty.org\/jasenyys\/#breadcrumb"},"inLanguage":"en-US","potentialAction":[{"@type":"ReadAction","target":["https:\/\/stty.org\/jasenyys\/"]}]},{"@type":"BreadcrumbList","@id":"https:\/\/stty.org\/jasenyys\/#breadcrumb","itemListElement":[{"@type":"ListItem","position":1,"name":"Etusivu","item":"https:\/\/stty.org\/"},{"@type":"ListItem","position":2,"name":"J\u00e4senyys"}]},{"@type":"WebSite","@id":"https:\/\/stty.org\/en\/#website","url":"https:\/\/stty.org\/en\/","name":"Sosiaali- ja terveydenhuollon tietojenk\u00e4sittely-yhdistys","description":"F\u00f6reningen f\u00f6r informationsbehandling inom social- och h\u00e4lsov\u00e5rden rf Finnish Social and Health Informatics Association","publisher":{"@id":"https:\/\/stty.org\/en\/#organization"},"potentialAction":[{"@type":"SearchAction","target":{"@type":"EntryPoint","urlTemplate":"https:\/\/stty.org\/en\/?s={search_term_string}"},"query-input":{"@type":"PropertyValueSpecification","valueRequired":true,"valueName":"search_term_string"}}],"inLanguage":"en-US"},{"@type":"Organization","@id":"https:\/\/stty.org\/en\/#organization","name":"Sosiaali- ja terveydenhuollon tietojenk\u00e4sittely-yhdistys","url":"https:\/\/stty.org\/en\/","logo":{"@type":"ImageObject","inLanguage":"en-US","@id":"https:\/\/stty.org\/en\/#\/schema\/logo\/image\/","url":"https:\/\/stty.org\/wp-content\/uploads\/2020\/07\/STTY_logo1.jpg","contentUrl":"https:\/\/stty.org\/wp-content\/uploads\/2020\/07\/STTY_logo1.jpg","width":198,"height":105,"caption":"Sosiaali- ja terveydenhuollon tietojenk\u00e4sittely-yhdistys"},"image":{"@id":"https:\/\/stty.org\/en\/#\/schema\/logo\/image\/"}}]}},"jetpack_sharing_enabled":true,"jetpack-related-posts":[{"id":166,"url":"https:\/\/stty.org\/en\/toiminta\/","url_meta":{"origin":11,"position":0},"title":"Toiminta","author":"STTY","date":"17.3.2014","format":false,"excerpt":"Yhdistyksen toimialana on sosiaali- ja terveydenhuollon tietotekniikka ja tiedonhallinta k\u00e4yt\u00e4nn\u00f6n toimintana ja tieteenalana. Yhdistyksen tarkoituksena on toimia yhdyssiteen\u00e4 alalla toimivien keskuudessa, edist\u00e4\u00e4 alan k\u00e4yt\u00e4nn\u00f6llist\u00e4 ja tieteellist\u00e4 kehityst\u00e4 ja soveltamista, edist\u00e4\u00e4 alan kansainv\u00e4lisi\u00e4 yhteyksi\u00e4 sek\u00e4 tehd\u00e4 alaa tunnetuksi. Yhdistys toteuttaa tarkoitusperi\u00e4\u00e4n j\u00e4rjest\u00e4m\u00e4ll\u00e4 tiedotus- ja julkaisutoimintaa, kokouksia, esitelm\u00e4- ja koulutustilaisuuksia sek\u00e4 j\u00e4senilleen\u2026","rel":"","context":"In &quot;Toiminta&quot;","block_context":{"text":"Toiminta","link":"https:\/\/stty.org\/en\/kategoria\/stty-toiminta\/"},"img":{"alt_text":"","src":"https:\/\/i0.wp.com\/stty.org\/wp-content\/uploads\/2021\/04\/Jylha_Virpi-8619-10x15-1-234x300.png?resize=350%2C200&ssl=1","width":350,"height":200},"classes":[]},{"id":585,"url":"https:\/\/stty.org\/en\/yhdistyksen-saannot\/","url_meta":{"origin":11,"position":1},"title":"Yhdistyksen s\u00e4\u00e4nn\u00f6t","author":"Alpo.Varri@tuni.fi","date":"9.11.2020","format":false,"excerpt":"STTY:n s\u00e4\u00e4nn\u00f6t \u2013 s\u00e4\u00e4nt\u00f6muutos rekister\u00f6ity 21.7.2017 Muutos hyv\u00e4ksytty yhdistyksen kokouksissa\u00a024.11.2016\u00a0ja 22.5.2017 Yhdistyksen nimi, kotipaikka ja tarkoitus 1 \u00a7 Yhdistyksen nimi on Sosiaali- ja terveydenhuollon tietojenk\u00e4sittely-yhdistys ry., F\u00f6reningen f\u00f6r informationsbehandling inom social- och h\u00e4lsov\u00e5rden rf., ja kansainv\u00e4lisiss\u00e4 yhteyksiss\u00e4 yhdistyksen ep\u00e4virallinen englanninkielinen nimi on Finnish Social and Health Informatics Association. Yhdistyksen kotipaikkana\u2026","rel":"","context":"Similar post","block_context":{"text":"Similar post","link":""},"img":{"alt_text":"","src":"","width":0,"height":0},"classes":[]},{"id":52,"url":"https:\/\/stty.org\/en\/sttyn-tutkimuspaivat\/","url_meta":{"origin":11,"position":2},"title":"Research Days","author":"STTY","date":"23.2.2010","format":false,"excerpt":"{:fi} Tutkimusp\u00e4iv\u00e4t Kirjoituskutsu Ohjelma Julkaisut Sosiaali- ja terveydenhuollon tietojenk\u00e4sittelyn 28. tutkimusp\u00e4iv\u00e4t 21.4.2026, Tieteiden Talo, Helsinki Tutkimusp\u00e4ivien ohjelma Tutkimusp\u00e4ivill\u00e4 esitetyt tutkimukset ja lyhytpaperit: Finnish Journal of EHealth and EWelfare, 18(2) Pistem\u00e4isest\u00e4 kehitt\u00e4misest\u00e4 kohti kokonaisuuksien hallintaa 28. Sosiaali- ja terveydenhuollon tietojenk\u00e4sittelyn tutkimusp\u00e4iv\u00e4t ti 21.4.2026 Helsingiss\u00e4. Tutkimusp\u00e4iv\u00e4t muodostavat foorumin Suomessa teht\u00e4v\u00e4lle sosiaali- ja\u2026","rel":"","context":"In &quot;Tutkimusp\u00e4iv\u00e4t&quot;","block_context":{"text":"Tutkimusp\u00e4iv\u00e4t","link":"https:\/\/stty.org\/en\/kategoria\/tutkimuspaivat\/"},"img":{"alt_text":"","src":"https:\/\/i0.wp.com\/stty.org\/wp-content\/uploads\/2025\/12\/Tieteiden_talo_2_Julkisivu-300x195.jpg?resize=350%2C200&ssl=1","width":350,"height":200},"classes":[]},{"id":555,"url":"https:\/\/stty.org\/en\/sttyn-hallitus-2020\/","url_meta":{"origin":11,"position":3},"title":"STTY:n hallitus 2020","author":"Alpo.Varri@tuni.fi","date":"9.11.2020","format":false,"excerpt":"STTY:n hallituksessa on kymmenisen j\u00e4sent\u00e4. He tekev\u00e4t vapaaehtoisty\u00f6t\u00e4 yhdistyksen hyv\u00e4ksi kokoontuen noin kymmenen kertaa vuodessa. Hallituksen puheenjohtajan lis\u00e4ksi t\u00e4rke\u00e4ss\u00e4 roolissa ovat yhdistyksen sihteeri ja rahastonhoitaja. Vuodelle 2021 valitaan j\u00e4lleen uusi hallitus. \u00a0","rel":"","context":"Similar post","block_context":{"text":"Similar post","link":""},"img":{"alt_text":"","src":"","width":0,"height":0},"classes":[]},{"id":2141,"url":"https:\/\/stty.org\/en\/sttyn-tutkimuspaivat\/kirjoituskutsu\/","url_meta":{"origin":11,"position":4},"title":"Tutkimusp\u00e4iv\u00e4t: Kirjoituskutsu","author":"Sivustonikkari","date":"16.12.2025","format":false,"excerpt":"Tutkimusp\u00e4iv\u00e4t Kirjoituskutsu Ohjelma Julkaisut Sosiaali- ja terveydenhuollon teknologioita kehitet\u00e4\u00e4n usein erillisin\u00e4 ratkaisuina yksitt\u00e4isiin tarpeisiin, mutta yh\u00e4 t\u00e4rke\u00e4mp\u00e4\u00e4 on tarkastella niiden yhteyksi\u00e4, vaikutuksia ja roolia osana koko palveluj\u00e4rjestelm\u00e4\u00e4. Tutkimusp\u00e4ivill\u00e4 kutsumme tutkijoita, kehitt\u00e4ji\u00e4 ja p\u00e4\u00e4t\u00f6ksentekij\u00f6it\u00e4 pohtimaan, miten yksitt\u00e4iset teknologiat nivoutuvat laajempiin kokonaisuuksiin, tukevat tietoperustaista johtamista ja p\u00e4\u00e4t\u00f6ksentekoa sek\u00e4 edist\u00e4v\u00e4t kest\u00e4v\u00e4\u00e4 ja vaikuttavaa\u2026","rel":"","context":"Similar post","block_context":{"text":"Similar post","link":""},"img":{"alt_text":"","src":"https:\/\/i0.wp.com\/stty.org\/wp-content\/uploads\/2025\/08\/FinJeHew-logo.png?resize=350%2C200&ssl=1","width":350,"height":200},"classes":[]},{"id":44,"url":"https:\/\/stty.org\/en\/sttyn-kansainvalinen-toiminta\/","url_meta":{"origin":11,"position":5},"title":"Kansainv\u00e4linen toiminta","author":"STTY","date":"28.10.2020","format":false,"excerpt":"STTY on Suomen edustaja terveydenhuollon tietotekniikan kansainv\u00e4lisess\u00e4 kattoj\u00e4rjest\u00f6ss\u00e4 International Medical Informatics Association (IMIA)\u00a0sek\u00e4 eurooppan kattoj\u00e4rjest\u00f6ss\u00e4 European Federation for Medical Informatics\u00a0 (EFMI). Tarkoituksena on laajentaa kansainv\u00e4list\u00e4 toimintaa my\u00f6s sosiaalialan vastaaviin j\u00e4rjest\u00f6ihin Human Services Information Technology Applications\u00a0(HUSITA) ja European Network for Information Technology and Human Services (ENITH). STTY:n edustajat * IMIA General\u2026","rel":"","context":"In &quot;Uutiset&quot;","block_context":{"text":"Uutiset","link":"https:\/\/stty.org\/en\/kategoria\/uutiset\/"},"img":{"alt_text":"","src":"","width":0,"height":0},"classes":[]}],"_links":{"self":[{"href":"https:\/\/stty.org\/en\/wp-json\/wp\/v2\/pages\/11","targetHints":{"allow":["GET"]}}],"collection":[{"href":"https:\/\/stty.org\/en\/wp-json\/wp\/v2\/pages"}],"about":[{"href":"https:\/\/stty.org\/en\/wp-json\/wp\/v2\/types\/page"}],"author":[{"embeddable":true,"href":"https:\/\/stty.org\/en\/wp-json\/wp\/v2\/users\/2"}],"replies":[{"embeddable":true,"href":"https:\/\/stty.org\/en\/wp-json\/wp\/v2\/comments?post=11"}],"version-history":[{"count":44,"href":"https:\/\/stty.org\/en\/wp-json\/wp\/v2\/pages\/11\/revisions"}],"predecessor-version":[{"id":2226,"href":"https:\/\/stty.org\/en\/wp-json\/wp\/v2\/pages\/11\/revisions\/2226"}],"wp:attachment":[{"href":"https:\/\/stty.org\/en\/wp-json\/wp\/v2\/media?parent=11"}],"wp:term":[{"taxonomy":"category","embeddable":true,"href":"https:\/\/stty.org\/en\/wp-json\/wp\/v2\/categories?post=11"}],"curies":[{"name":"wp","href":"https:\/\/api.w.org\/{rel}","templated":true}]}}